{"id":2646,"date":"2023-04-25T13:45:25","date_gmt":"2023-04-25T19:45:25","guid":{"rendered":"https:\/\/www.tamaulipas.gob.mx\/bienestarsocial\/?page_id=2646"},"modified":"2023-05-02T11:43:08","modified_gmt":"2023-05-02T17:43:08","slug":"principios-institucionales","status":"publish","type":"page","link":"https:\/\/www.tamaulipas.gob.mx\/bienestarsocial\/comite-de-etica\/principios-institucionales\/","title":{"rendered":"Principios Institucionales"},"content":{"rendered":"<p style=\"text-align: justify;\"><strong>Bien com\u00fan:<\/strong><br \/>\nInvariablemente decisiones y acciones de la persona servidora p\u00fablica \u00e9stas deben estar dirigidas a satisfacer intereses y necesidades de la sociedad.<\/p>\n<p style=\"text-align: justify;\"><strong>Integridad:<\/strong><br \/>\nEsta exige a la persona servidora p\u00fablica, ser congruente con los principios \u00e9ticos promovidos por el C. Gobernador de nuestro Estado.<\/p>\n<p style=\"text-align: justify;\"><strong>Justicia:<\/strong><br \/>\nLa persona servidora p\u00fablica tiene la obligaci\u00f3n de brindar a cada ciudadano(a), lo que en su derecho le corresponde, sin que exista condici\u00f3n alguna.<\/p>\n<p style=\"text-align: justify;\"><strong>Rendici\u00f3n de cuentas:<\/strong><br \/>\nPara la persona servidora p\u00fablica, significa la responsabilidad de desempe\u00f1ar sus funciones en forma adecuada; siendo susceptible de una correcta evaluaci\u00f3n.<\/p>\n<p style=\"text-align: justify;\"><strong>Igualdad:<\/strong><br \/>\nLa persona servidora p\u00fablica prestar\u00e1 sus servicios en la medida de sus atribuciones, sin ning\u00fan tipo de discriminaci\u00f3n, en condiciones de igualdad y ante todo, respetando los derechos de cada persona.<\/p>\n<p style=\"text-align: justify;\"><strong>Respeto:<\/strong><br \/>\nValor indispensable en todas las personas para el trato en el d\u00eda a d\u00eda; as\u00ed como obligatorio tanto en el \u00e1mbito p\u00fablico y en el privado.<\/p>\n","protected":false},"excerpt":{"rendered":"<p>Bien com\u00fan: Invariablemente decisiones y acciones de la persona servidora p\u00fablica \u00e9stas deben estar dirigidas a satisfacer intereses y necesidades de la sociedad. Integridad: Esta\u2026<\/p>\n","protected":false},"author":51,"featured_media":0,"parent":2723,"menu_order":0,"comment_status":"closed","ping_status":"closed","template":"","meta":{"footnotes":""},"class_list":["post-2646","page","type-page","status-publish","hentry"],"publishpress_future_action":{"enabled":false,"date":"2026-04-27 10:34:29","action":"change-status","newStatus":"draft","terms":[],"taxonomy":""},"_links":{"self":[{"href":"https:\/\/www.tamaulipas.gob.mx\/bienestarsocial\/wp-json\/wp\/v2\/pages\/2646"}],"collection":[{"href":"https:\/\/www.tamaulipas.gob.mx\/bienestarsocial\/wp-json\/wp\/v2\/pages"}],"about":[{"href":"https:\/\/www.tamaulipas.gob.mx\/bienestarsocial\/wp-json\/wp\/v2\/types\/page"}],"author":[{"embeddable":true,"href":"https:\/\/www.tamaulipas.gob.mx\/bienestarsocial\/wp-json\/wp\/v2\/users\/51"}],"replies":[{"embeddable":true,"href":"https:\/\/www.tamaulipas.gob.mx\/bienestarsocial\/wp-json\/wp\/v2\/comments?post=2646"}],"version-history":[{"count":2,"href":"https:\/\/www.tamaulipas.gob.mx\/bienestarsocial\/wp-json\/wp\/v2\/pages\/2646\/revisions"}],"predecessor-version":[{"id":2680,"href":"https:\/\/www.tamaulipas.gob.mx\/bienestarsocial\/wp-json\/wp\/v2\/pages\/2646\/revisions\/2680"}],"up":[{"embeddable":true,"href":"https:\/\/www.tamaulipas.gob.mx\/bienestarsocial\/wp-json\/wp\/v2\/pages\/2723"}],"wp:attachment":[{"href":"https:\/\/www.tamaulipas.gob.mx\/bienestarsocial\/wp-json\/wp\/v2\/media?parent=2646"}],"curies":[{"name":"wp","href":"https:\/\/api.w.org\/{rel}","templated":true}]}}