{"id":2635,"date":"2023-04-24T14:02:34","date_gmt":"2023-04-24T20:02:34","guid":{"rendered":"https:\/\/www.tamaulipas.gob.mx\/bienestarsocial\/?page_id=2635"},"modified":"2025-12-15T12:58:46","modified_gmt":"2025-12-15T18:58:46","slug":"marco-juridico","status":"publish","type":"page","link":"https:\/\/www.tamaulipas.gob.mx\/bienestarsocial\/comite-de-etica\/marco-juridico\/","title":{"rendered":"Marco Jur\u00eddico"},"content":{"rendered":"<p><a href=\"https:\/\/www.tamaulipas.gob.mx\/bienestarsocial\/wp-content\/uploads\/sites\/2\/2023\/05\/codigo-de-etica-del-poder-ejecutivo-del-estado-de-tamaulipas.-26-de-enero-de-2023.pdf\">C\u00f3digo de \u00c9tica del Poder Ejecutivo del Estado de Tamaulipas.<\/a><\/p>\n<p><a href=\"https:\/\/www.tamaulipas.gob.mx\/bienestarsocial\/wp-content\/uploads\/sites\/2\/2023\/07\/lineamientos-2023.pdf\">Lineamientos para la integraci\u00f3n, organizaci\u00f3n, funcionamiento y evaluaci\u00f3n de los Comit\u00e9s.<\/a><\/p>\n<p><a href=\"https:\/\/www.tamaulipas.gob.mx\/bienestarsocial\/wp-content\/uploads\/sites\/2\/2023\/10\/codigo-de-conducta-sebien-2023-1.pdf\">C\u00f3digo de Conducta y Prevenci\u00f3n de Conflictos de Inter\u00e9s de la Secretar\u00eda de Bienestar Social Tamaulipas.<\/a><\/p>\n<p><a href=\"https:\/\/www.tamaulipas.gob.mx\/bienestarsocial\/wp-content\/uploads\/sites\/2\/2023\/07\/ley-de-responsabilidades-administrativas-del-estado-de-tamaulipas14072021.pdf\">Ley de Responsabilidades Administrativas del Estado de Tamaulipas.<\/a><\/p>\n<p><a href=\"https:\/\/www.tamaulipas.gob.mx\/bienestarsocial\/wp-content\/uploads\/sites\/2\/2023\/08\/reglas-de-integridad-para-el-ejercicio-de-la-funcion-publica.pdf\">Reglas de Integridad para el Ejercicio de la Funci\u00f3n P\u00fablica.<\/a><\/p>\n<p><a href=\"https:\/\/www.tamaulipas.gob.mx\/bienestarsocial\/wp-content\/uploads\/sites\/2\/2023\/08\/formato-carta-compromiso-.pdf\">Carta Compromiso<\/a><\/p>\n<p><a href=\"https:\/\/www.tamaulipas.gob.mx\/bienestarsocial\/wp-content\/uploads\/sites\/2\/2025\/12\/programa-anual-de-trabajo-2025.pdf\">Programa Anual de Trabajo 2025<\/a><\/p>\n","protected":false},"excerpt":{"rendered":"<p>C\u00f3digo de \u00c9tica del Poder Ejecutivo del Estado de Tamaulipas. Lineamientos para la integraci\u00f3n, organizaci\u00f3n, funcionamiento y evaluaci\u00f3n de los Comit\u00e9s. C\u00f3digo de Conducta y\u2026<\/p>\n","protected":false},"author":51,"featured_media":0,"parent":2723,"menu_order":0,"comment_status":"closed","ping_status":"closed","template":"","meta":{"footnotes":""},"class_list":["post-2635","page","type-page","status-publish","hentry"],"publishpress_future_action":{"enabled":false,"date":"2026-04-27 10:34:43","action":"change-status","newStatus":"draft","terms":[],"taxonomy":""},"_links":{"self":[{"href":"https:\/\/www.tamaulipas.gob.mx\/bienestarsocial\/wp-json\/wp\/v2\/pages\/2635"}],"collection":[{"href":"https:\/\/www.tamaulipas.gob.mx\/bienestarsocial\/wp-json\/wp\/v2\/pages"}],"about":[{"href":"https:\/\/www.tamaulipas.gob.mx\/bienestarsocial\/wp-json\/wp\/v2\/types\/page"}],"author":[{"embeddable":true,"href":"https:\/\/www.tamaulipas.gob.mx\/bienestarsocial\/wp-json\/wp\/v2\/users\/51"}],"replies":[{"embeddable":true,"href":"https:\/\/www.tamaulipas.gob.mx\/bienestarsocial\/wp-json\/wp\/v2\/comments?post=2635"}],"version-history":[{"count":11,"href":"https:\/\/www.tamaulipas.gob.mx\/bienestarsocial\/wp-json\/wp\/v2\/pages\/2635\/revisions"}],"predecessor-version":[{"id":3610,"href":"https:\/\/www.tamaulipas.gob.mx\/bienestarsocial\/wp-json\/wp\/v2\/pages\/2635\/revisions\/3610"}],"up":[{"embeddable":true,"href":"https:\/\/www.tamaulipas.gob.mx\/bienestarsocial\/wp-json\/wp\/v2\/pages\/2723"}],"wp:attachment":[{"href":"https:\/\/www.tamaulipas.gob.mx\/bienestarsocial\/wp-json\/wp\/v2\/media?parent=2635"}],"curies":[{"name":"wp","href":"https:\/\/api.w.org\/{rel}","templated":true}]}}