{"id":229,"date":"2017-12-07T10:09:52","date_gmt":"2017-12-07T16:09:52","guid":{"rendered":"http:\/\/www.tamaulipas.gob.mx\/bienestarsocial\/?page_id=229"},"modified":"2025-10-24T12:58:05","modified_gmt":"2025-10-24T18:58:05","slug":"estructura-organica","status":"publish","type":"page","link":"https:\/\/www.tamaulipas.gob.mx\/bienestarsocial\/estructura-organica\/","title":{"rendered":"Estructura Org\u00e1nica"},"content":{"rendered":"<p><strong>Estructura Org\u00e1nica Codificada de la Secretar\u00eda de Bienestar Social<\/strong><\/p>\n<p><strong>1. Secretar\u00eda de Bienestar Social<\/strong><\/p>\n<p>1.0.0.1. Secretar\u00eda Particular<br \/>\n1.0.0.1.0.1. Departamento de Gesti\u00f3n Administrativa<br \/>\n1.0.0.1.0.2. Departamento de Control y Seguimiento<br \/>\n1.0.0.2. Direcci\u00f3n de Comunicaci\u00f3n Social<br \/>\n1.0.0.2.0.1. Departamento de Dise\u00f1o e Imagen Institucional<br \/>\n1.0.0.2.0.2. Departamento de Contenido y Redes Sociales<br \/>\n1.0.1. Coordinaci\u00f3n General Jur\u00eddica<br \/>\n1.0.1.0.0.1. Departamento de Enlace con OPD\u00b4s<br \/>\n1.0.1.1. Direcci\u00f3n de Legalidad y Transparencia<br \/>\n1.0.1.1.0.1. Departamento de Contratos y Convenios<br \/>\n1.0.1.1.0.2. Departamento de Transparencia y Acceso a la Informaci\u00f3n P\u00fablica<br \/>\n1.0.1.1.0.3. Departamento Normativo y Contencioso<br \/>\n1.0.0.3. Direcci\u00f3n de Atenci\u00f3n Ciudadana<br \/>\n1.0.0.3.0.1. Departamento de Evaluaci\u00f3n y Seguimiento<br \/>\n1.0.0.3.0.2. Departamento de Gestor\u00eda<br \/>\n1.0.0.4. Direcci\u00f3n de Log\u00edstica y Giras<br \/>\n1.0.0.4.0.1. Departamento de Log\u00edstica<br \/>\n1.0.0.4.0.2. Departamento de Giras<br \/>\n1.0.2. Secretar\u00eda T\u00e9cnica<br \/>\n1.0.2.1. Direcci\u00f3n de Planeaci\u00f3n<br \/>\n1.0.2.1.1. Subdirecci\u00f3n de Estad\u00edstica y Medici\u00f3n de Indicadores.<br \/>\n1.0.2.1.1.1. Departamento de An\u00e1lisis de Datos<br \/>\n1.0.2.1.2. Subdirecci\u00f3n de Seguimiento y Evaluaci\u00f3n<br \/>\n1.0.2.1.2.1. Departamento de Planeaci\u00f3n, Seguimiento, Control y Reporte<br \/>\n1.0.2.2. Direcci\u00f3n de Innovaci\u00f3n y Calidad<br \/>\n1.0.2.2.1. Subdirecci\u00f3n de Calidad<br \/>\n1.0.2.2.1.1. Departamento de Calidad Zona Norte<br \/>\n1.0.2.2.1.2. Departamento de Calidad Zona Centro<br \/>\n1.0.2.2.1.3. Departamento de Calidad Zona Sur<br \/>\n1.0.2.3. Direcci\u00f3n de Capacitaci\u00f3n y An\u00e1lisis Estrat\u00e9gico<br \/>\n1.0.2.3.1. Subdirecci\u00f3n de Formaci\u00f3n y Capacitaci\u00f3n<br \/>\n1.0.2.3.1.1. Departamento de Capacitaci\u00f3n<br \/>\n1.0.2.3.2. Subdirecci\u00f3n de Informaci\u00f3n Territorial y Cartogr\u00e1fica<br \/>\n1.0.2.3.2.1. Departamento de Cartograf\u00eda y Georreferenciaci\u00f3n<br \/>\n1.0.2.3.2.2. Departamento de Padr\u00f3n \u00danico de Titulares de Derecho<br \/>\n1.0.2.3.2.3. Departamento de Estudios Socioecon\u00f3micos<br \/>\n1.0.0.5. Direcci\u00f3n Administrativa<br \/>\n1.0.0.5.1. Subdirecci\u00f3n Administrativa<br \/>\n1.0.0.5.1.1. Departamento de Recursos Financieros<br \/>\n1.0.0.5.1.2. Departamento de Recursos Humanos y Desarrollo Administrativo<br \/>\n1.0.0.5.1.3. Departamento de Recursos Materiales y Servicios Generales<br \/>\n1.0.0.5.1.4. Departamento de Soporte T\u00e9cnico<\/p>\n<p><strong>1.1. Subsecretar\u00eda de Fortalecimiento y Participaci\u00f3n Social<\/strong><\/p>\n<p>1.1.0.1. Direcci\u00f3n de Inclusi\u00f3n e Igualdad Social<br \/>\n1.1.0.1.0.1. Departamento de Enlace con Organismos<br \/>\n1.1.0.1.0.2. Departamento de Capacitaci\u00f3n en Derechos Humanos<br \/>\n1.1.0.1.0.3. Departamento de Inclusi\u00f3n y Participaci\u00f3n Social<br \/>\n1.1.0.2. Direcci\u00f3n de Parques, Centros y Unidades de Bienestar<br \/>\n1.1.0.2.0.1. Departamento de Vinculaci\u00f3n Interinstitucional<br \/>\n1.1.0.2.0.2. Departamento de Seguimiento a Proyectos para el Espacio P\u00fablico<br \/>\n1.1.0.2.0.3. Departamento de Enlace de Control Victoria<br \/>\n1.1.0.2.0.4. Departamento de Enlace de Control Nuevo Laredo<br \/>\n1.1.0.2.0.5. Departamento de Enlace de Control Reynosa<br \/>\n1.1.0.2.0.6. Departamento de Enlace de Control Matamoros<br \/>\n1.1.0.2.0.7. Departamento de Enlace de Control Tampico<br \/>\n1.1.0.3. Direcci\u00f3n de Fortalecimiento Social<br \/>\n1.1.0.3.0.1. Departamento de Participaci\u00f3n Ciudadana<br \/>\n1.1.0.3.0.2. Departamento de Comedores Comunitarios<br \/>\n1.1.0.3.0.3. Departamento de Vinculaci\u00f3n con Iniciativa Privada y Asociaciones Civiles<\/p>\n<p><strong>1.2. Subsecretar\u00eda de Bienestar Social<\/strong><\/p>\n<p>1.2.0.1. Direcci\u00f3n de Infraestructura Social<br \/>\n1.2.0.1.1. Subdirecci\u00f3n de Programaci\u00f3n y Evaluaci\u00f3n de Proyectos<br \/>\n1.2.0.1.1.1. Departamento de Registro y Seguimiento de Proyectos<br \/>\n1.2.0.1.1.2. Departamento de Evaluaci\u00f3n de Proyectos<br \/>\n1.2.0.2. Direcci\u00f3n de Programas Alimentarios<br \/>\n1.2.0.2.1. Subdirecci\u00f3n de Seguimiento y Control<br \/>\n1.2.0.2.1.1. Departamento de Supervisi\u00f3n<br \/>\n1.2.0.2.1.2. Departamento de Incorporaci\u00f3n y Registro<br \/>\n1.2.1. Coordinaci\u00f3n General de Delegaciones<br \/>\n1.2.1.1. Direcci\u00f3n Regional Nuevo Laredo<br \/>\n1.2.1.1.1. Delegaci\u00f3n Nuevo Laredo<br \/>\n1.2.1.1.1.1. Asistencia T\u00e9cnica \u201cA\u201d<br \/>\n1.2.1.1.1.2. Asistencia T\u00e9cnica \u201cB\u201d<br \/>\n1.2.1.1.1.3. Asistencia T\u00e9cnica \u201cC\u201d<br \/>\n1.2.1.1.2. Delegaci\u00f3n Guerrero, Mier, Miguel Alem\u00e1n, Camargo y Gustavo D\u00edaz Ordaz<br \/>\n1.2.1.1.2.1. Asistencia T\u00e9cnica de Guerrero, Mier y Miguel Alem\u00e1n<br \/>\n1.2.1.1.2.2. Asistencia T\u00e9cnica de Camargo<br \/>\n1.2.1.1.2.3. Asistencia T\u00e9cnica de Gustavo D\u00edaz Ordaz<br \/>\n1.2.1.2. Direcci\u00f3n Regional Reynosa<br \/>\n1.2.1.2.1. Delegaci\u00f3n Reynosa<br \/>\n1.2.1.2.1.1. Asistencia T\u00e9cnica \u201cA\u201d<br \/>\n1.2.1.2.1.2. Asistencia T\u00e9cnica \u201cB\u201d<br \/>\n1.2.1.2.1.3. Asistencia T\u00e9cnica \u201cC\u201d<br \/>\n1.2.1.2.1.4. Asistencia T\u00e9cnica \u201cD\u201d<br \/>\n1.2.1.2.2. Delegaci\u00f3n R\u00edo Bravo<br \/>\n1.2.1.2.2.1. Asistencia T\u00e9cnica de R\u00edo Bravo<br \/>\n1.2.1.3. Direcci\u00f3n Regional Matamoros<br \/>\n1.2.1.3.1. Delegaci\u00f3n Matamoros<br \/>\n1.2.1.3.1.1. Asistencia T\u00e9cnica \u201cA\u201d<br \/>\n1.2.1.3.1.2. Asistencia T\u00e9cnica \u201cB\u201d<br \/>\n1.2.1.3.1.3. Asistencia T\u00e9cnica \u201cC\u201d<br \/>\n1.2.1.3.1.4. Asistencia T\u00e9cnica \u201cD\u201d<br \/>\n1.2.1.3.2. Delegaci\u00f3n Valle Hermoso<br \/>\n1.2.1.3.2.1. Asistencia T\u00e9cnica de Valle Hermoso<br \/>\n1.2.1.4. Direcci\u00f3n Regional San Fernando<br \/>\n1.2.1.4.1. Delegaci\u00f3n San Fernando, M\u00e9ndez, Burgos y Cruillas<br \/>\n1.2.1.4.1.1. Asistencia T\u00e9cnica de San Fernando<br \/>\n1.2.1.4.1.2. Asistencia T\u00e9cnica de M\u00e9ndez, Burgos y Cruillas<br \/>\n1.2.1.4.2. Delegaci\u00f3n Jim\u00e9nez, Abasolo, Padilla y G\u00fc\u00e9mez<br \/>\n1.2.1.4.2.1. Asistencia T\u00e9cnica de Jim\u00e9nez y Abasolo<br \/>\n1.2.1.4.2.2. Asistencia T\u00e9cnica de Padilla y G\u00fc\u00e9mez<br \/>\n1.2.1.4.3. Delegaci\u00f3n San Carlos, San Nicol\u00e1s, Hidalgo, Mainero y Villagr\u00e1n<br \/>\n1.2.1.4.3.1. Asistencia T\u00e9cnica de San Carlos y San Nicol\u00e1s<br \/>\n1.2.1.4.3.2. Asistencia T\u00e9cnica de Hidalgo, Mainero y Villagr\u00e1n<br \/>\n1.2.1.5. Direcci\u00f3n Regional Victoria<br \/>\n1.2.1.5.1. Delegaci\u00f3n Jaumave, Palmillas, Miquihuana, Bustamante y Tula<br \/>\n1.2.1.5.1.1. Asistencia T\u00e9cnica de Jaumave y Palmillas<br \/>\n1.2.1.5.1.2. Asistencia T\u00e9cnica de Miquihuana y Bustamante<br \/>\n1.2.1.5.1.3. Asistencia T\u00e9cnica de Tula<br \/>\n1.2.1.5.2. Delegaci\u00f3n Victoria, Casas y Soto La Marina<br \/>\n1.2.1.5.2.1. Asistencia T\u00e9cnica \u201cA\u201d<br \/>\n1.2.1.5.2.2. Asistencia T\u00e9cnica \u201cB\u201d<br \/>\n1.2.1.5.2.3. Asistencia T\u00e9cnica \u201cC\u201d<br \/>\n1.2.1.5.2.4. Asistencia T\u00e9cnica \u201cD\u201d<br \/>\n1.2.1.6. Direcci\u00f3n Regional El Mante<br \/>\n1.2.1.6.1. Delegaci\u00f3n Llera, Ocampo, G\u00f3mez Far\u00edas, Antiguo Morelos, Nuevo Morelos, Gonz\u00e1lez, Xicot\u00e9ncatl y El<br \/>\nMante<br \/>\n1.2.1.6.1.1. Asistencia T\u00e9cnica de Llera<br \/>\n1.2.1.6.1.2. Asistencia T\u00e9cnica de Ocampo y G\u00f3mez Far\u00edas<br \/>\n1.2.1.6.1.3. Asistencia T\u00e9cnica de Antiguo Morelos y Nuevo Morelos<br \/>\n1.2.1.6.1.4. Asistencia T\u00e9cnica de Gonz\u00e1lez<br \/>\n1.2.1.6.1.5. Asistencia T\u00e9cnica de Xicot\u00e9ncatl<br \/>\n1.2.1.6.1.6. Asistencia T\u00e9cnica de El Mante<br \/>\n1.2.1.7. Direcci\u00f3n Regional Tampico<br \/>\n1.2.1.7.1. Delegaci\u00f3n Aldama y Altamira<br \/>\n1.2.1.7.1.1. Asistencia T\u00e9cnica \u201cA\u201d<br \/>\n1.2.1.7.1.2. Asistencia T\u00e9cnica \u201cB\u201d<br \/>\n1.2.1.7.1.3. Asistencia T\u00e9cnica \u201cC\u201d<br \/>\n1.2.1.7.2. Delegaci\u00f3n Ciudad Madero<br \/>\n1.2.1.7.2.1. Asistencia T\u00e9cnica \u201cA\u201d<br \/>\n1.2.1.7.2.2. Asistencia T\u00e9cnica \u201cB\u201d<br \/>\n1.2.1.7.3. Delegaci\u00f3n Tampico<br \/>\n1.2.1.7.3.1. Asistencia T\u00e9cnica \u201cA\u201d<br \/>\n1.2.1.7.3.2. Asistencia T\u00e9cnica \u201cB\u201d<\/p>\n","protected":false},"excerpt":{"rendered":"<p>Estructura Org\u00e1nica Codificada de la Secretar\u00eda de Bienestar Social 1. Secretar\u00eda de Bienestar Social 1.0.0.1. Secretar\u00eda Particular 1.0.0.1.0.1. Departamento de Gesti\u00f3n Administrativa 1.0.0.1.0.2. Departamento de\u2026<\/p>\n","protected":false},"author":7,"featured_media":0,"parent":0,"menu_order":0,"comment_status":"closed","ping_status":"closed","template":"","meta":{"footnotes":""},"class_list":["post-229","page","type-page","status-publish","hentry"],"publishpress_future_action":{"enabled":false,"date":"2026-04-21 16:49:03","action":"change-status","newStatus":"draft","terms":[],"taxonomy":""},"_links":{"self":[{"href":"https:\/\/www.tamaulipas.gob.mx\/bienestarsocial\/wp-json\/wp\/v2\/pages\/229"}],"collection":[{"href":"https:\/\/www.tamaulipas.gob.mx\/bienestarsocial\/wp-json\/wp\/v2\/pages"}],"about":[{"href":"https:\/\/www.tamaulipas.gob.mx\/bienestarsocial\/wp-json\/wp\/v2\/types\/page"}],"author":[{"embeddable":true,"href":"https:\/\/www.tamaulipas.gob.mx\/bienestarsocial\/wp-json\/wp\/v2\/users\/7"}],"replies":[{"embeddable":true,"href":"https:\/\/www.tamaulipas.gob.mx\/bienestarsocial\/wp-json\/wp\/v2\/comments?post=229"}],"version-history":[{"count":19,"href":"https:\/\/www.tamaulipas.gob.mx\/bienestarsocial\/wp-json\/wp\/v2\/pages\/229\/revisions"}],"predecessor-version":[{"id":1855,"href":"https:\/\/www.tamaulipas.gob.mx\/bienestarsocial\/wp-json\/wp\/v2\/pages\/229\/revisions\/1855"}],"wp:attachment":[{"href":"https:\/\/www.tamaulipas.gob.mx\/bienestarsocial\/wp-json\/wp\/v2\/media?parent=229"}],"curies":[{"name":"wp","href":"https:\/\/api.w.org\/{rel}","templated":true}]}}