{"id":2667,"date":"2025-12-23T18:31:55","date_gmt":"2025-12-24T00:31:55","guid":{"rendered":"https:\/\/www.tamaulipas.gob.mx\/anticorrupcion\/?page_id=2667"},"modified":"2025-12-23T18:54:10","modified_gmt":"2025-12-24T00:54:10","slug":"la-etica-en-el-servicio-publico","status":"publish","type":"page","link":"https:\/\/www.tamaulipas.gob.mx\/anticorrupcion\/la-etica-en-el-servicio-publico\/","title":{"rendered":"La \u00c9tica en el Servicio P\u00fablico"},"content":{"rendered":"<p style=\"text-align: justify;\">La Secretar\u00eda Anticorrupci\u00f3n y Buen Gobierno del Estado de Tamaulipas impulsa la consolidaci\u00f3n de una cultura de integridad en el servicio p\u00fablico, promoviendo la \u00e9tica como principio rector mediante el desarrollo y la coordinaci\u00f3n de acciones en materia de \u00e9tica p\u00fablica, tales como:<\/p>\n<ol type=\"a\">\n<li>La integraci\u00f3n y el fortalecimiento de los Comit\u00e9s de \u00c9tica y de Prevenci\u00f3n de Conflictos de Inter\u00e9s, en todas las dependencias y entidades del Gobierno Estatal.<\/li>\n<li>Capacitaciones, talleres y materiales de sensibilizaci\u00f3n, dirigidos principalmente a personas servidoras p\u00fablicas y ciudadan\u00eda, sobre integridad, valores y principios del servicio p\u00fablico.<\/li>\n<li>Emisi\u00f3n del C\u00f3digo de \u00c9tica del Poder Ejecutivo, y dem\u00e1s instrumentos normativos.<\/li>\n<li>Impulso a las dependencias y entidades de la Administraci\u00f3n P\u00fablica Estatal para la emisi\u00f3n de los c\u00f3digos de conducta y prevenci\u00f3n de conflictos de inter\u00e9s.\n<\/li>\n<\/ol>\n<p><strong> <img loading=\"lazy\" decoding=\"async\" class=\"wp-image-1528 aligncenter\" src=\"https:\/\/www.tamaulipas.gob.mx\/anticorrupcion\/wp-content\/uploads\/sites\/15\/2025\/12\/imagen-20.png\" alt=\"\" width=\"935\" height=\"732\" \/><\/strong><\/p>\n<p><strong>Fundamento Legal<\/strong><\/p>\n<ul>\n<p><a href=\"https:\/\/www.congresotamaulipas.gob.mx\/LegislacionEstatal\/LegislacionVigente\/VerLey.asp?IdLey=312\"><\/p>\n<li>Art\u00edculo 41 fracciones XXVII, XLII de la Ley Org\u00e1nica de la Administraci\u00f3n P\u00fablica del Estado de Tamaulipas.<\/li>\n<p><\/a><\/p>\n<p><a href=\"https:\/\/www.congresotamaulipas.gob.mx\/Parlamentario\/Archivos\/Leyes\/Ley%20de%20Responsabilidades%20Administrativas%20del%20Estado%20de%20Tamaulipas%2018-06-2025.pdf\"><\/p>\n<li>Art\u00edculo 7 y 16 de la Ley de Responsabilidades Administrativas del Estado de Tamaulipas.<\/li>\n<p><\/a><\/p>\n<p><a href=\"https:\/\/po.tamaulipas.gob.mx\/wp-content\/uploads\/2023\/01\/cxlviii-12-260123.pdf\"><\/p>\n<li>C\u00f3digo de \u00c9tica del Poder Ejecutivo del Estado de Tamaulipas.<\/li>\n<p><\/a><\/p>\n<p><a href=\"https:\/\/po.tamaulipas.gob.mx\/wp-content\/uploads\/2023\/05\/cxlviii-63-250523-EV.pdf\"><\/p>\n<li>Lineamientos para la integraci\u00f3n, organizaci\u00f3n, funcionamiento y evaluaci\u00f3n de los Comit\u00e9s de \u00c9tica, Conducta y Prevenci\u00f3n de Conflictos de Inter\u00e9s en las dependencias y entidades de la administraci\u00f3n p\u00fablica estatal.<\/li>\n<p><\/a><\/p>\n<p><a href=\"https:\/\/po.tamaulipas.gob.mx\/wp-content\/uploads\/2023\/07\/cxlviii-83-120723-EV.pdf\"><\/p>\n<li>C\u00f3digo de Conducta y Prevenci\u00f3n de Conflictos de Inter\u00e9s de la Contralor\u00eda Gubernamental<\/li>\n<p><\/a><\/p>\n<\/ul>\n<p><strong>Proceso<\/strong><\/p>\n<ol>\n<li>Instalaci\u00f3n del Comit\u00e9 de \u00c9tica, Conducta y Prevenci\u00f3n de Conflicto de Inter\u00e9s en las Dependencias y Entidades.<\/li>\n<li>Capacitaci\u00f3n a los integrantes del Comit\u00e9.<\/li>\n<li>Emisi\u00f3n de Plan Anual de Trabajo (PAT) del Comit\u00e9.<\/li>\n<li>Seguimiento a las actividades realizadas por el Comit\u00e9 en base al PAT.<\/li>\n<li>Elaboraci\u00f3n del Informe Anual de Actividades del Comit\u00e9.<\/li>\n<li>Evaluaci\u00f3n Integral del Comit\u00e9.<\/li>\n<\/ol>\n<p><strong>Capacitaci\u00f3n<\/strong><\/p>\n<p style=\"text-align: justify;\">Nuestras capacitaciones se focalizan en las personas servidoras p\u00fablicas y los integrantes del Comit\u00e9 de \u00c9tica, Conducta y Prevenci\u00f3n de Conflicto de Inter\u00e9s.<\/p>\n<p style=\"text-align: justify;\">La capacitaci\u00f3n se imparte de forma presencial o, en su caso, a trav\u00e9s de medios virtuales, conforme las necesidades del servicio.<\/p>\n<h4><\/h4>\n<h4>Datos de contacto<\/h4>\n<p><strong>Nombre:<\/strong> Mtro. Fernando Daniel Garcia Gomez<br \/>\n<strong>Puesto: <\/strong>Jefa de Departamento de Prevenci\u00f3n a la Corrupci\u00f3n.<br \/>\n<strong>Correo electr\u00f3nico: <\/strong>fernando.garcia@tamaulipas.gob.mx<br \/>\n<strong>Tel\u00e9fono: <\/strong>8343188000<br \/>\n<strong>Ext. <\/strong>43206<\/p>\n<p><strong>Nombre: <\/strong>Lic. Luis Osvaldo Soberon Mejia<br \/>\n<strong>Puesto: <\/strong>Director de Investigaci\u00f3n y Anticorrupci\u00f3n.<br \/>\n<strong>Correo electr\u00f3nico: <\/strong>luis.soberon@tamaulipas.gob.mx<br \/>\n<strong>Tel\u00e9fono: <\/strong>8343188000<br \/>\n<strong>Ext. <\/strong>43246<\/p>\n","protected":false},"excerpt":{"rendered":"<p>La Secretar\u00eda Anticorrupci\u00f3n y Buen Gobierno del Estado de Tamaulipas impulsa la consolidaci\u00f3n de una cultura de integridad en el servicio p\u00fablico, promoviendo la \u00e9tica\u2026<\/p>\n","protected":false},"author":462,"featured_media":0,"parent":0,"menu_order":0,"comment_status":"closed","ping_status":"closed","template":"","meta":{"footnotes":""},"class_list":["post-2667","page","type-page","status-publish","hentry"],"publishpress_future_action":{"enabled":false,"date":"2026-05-04 16:25:05","action":"change-status","newStatus":"draft","terms":[],"taxonomy":""},"_links":{"self":[{"href":"https:\/\/www.tamaulipas.gob.mx\/anticorrupcion\/wp-json\/wp\/v2\/pages\/2667"}],"collection":[{"href":"https:\/\/www.tamaulipas.gob.mx\/anticorrupcion\/wp-json\/wp\/v2\/pages"}],"about":[{"href":"https:\/\/www.tamaulipas.gob.mx\/anticorrupcion\/wp-json\/wp\/v2\/types\/page"}],"author":[{"embeddable":true,"href":"https:\/\/www.tamaulipas.gob.mx\/anticorrupcion\/wp-json\/wp\/v2\/users\/462"}],"replies":[{"embeddable":true,"href":"https:\/\/www.tamaulipas.gob.mx\/anticorrupcion\/wp-json\/wp\/v2\/comments?post=2667"}],"version-history":[{"count":4,"href":"https:\/\/www.tamaulipas.gob.mx\/anticorrupcion\/wp-json\/wp\/v2\/pages\/2667\/revisions"}],"predecessor-version":[{"id":2669,"href":"https:\/\/www.tamaulipas.gob.mx\/anticorrupcion\/wp-json\/wp\/v2\/pages\/2667\/revisions\/2669"}],"wp:attachment":[{"href":"https:\/\/www.tamaulipas.gob.mx\/anticorrupcion\/wp-json\/wp\/v2\/media?parent=2667"}],"curies":[{"name":"wp","href":"https:\/\/api.w.org\/{rel}","templated":true}]}}