{"id":2660,"date":"2025-12-23T18:20:04","date_gmt":"2025-12-24T00:20:04","guid":{"rendered":"https:\/\/www.tamaulipas.gob.mx\/anticorrupcion\/?page_id=2660"},"modified":"2025-12-23T18:21:45","modified_gmt":"2025-12-24T00:21:45","slug":"visitas-de-control","status":"publish","type":"page","link":"https:\/\/www.tamaulipas.gob.mx\/anticorrupcion\/visitas-de-control\/","title":{"rendered":"Visitas de Control"},"content":{"rendered":"<p style=\"text-align: justify;\">Las visitas de control son actos de fiscalizaci\u00f3n preventiva que eval\u00faan la situaci\u00f3n del control interno mediante la revisi\u00f3n del cumplimiento de sus componentes, y la implementaci\u00f3n del SCII, su prop\u00f3sito es prevenir, detectar y disuadir actos de corrupci\u00f3n. promoviendo acciones preventivas que fortalezcan el control interno.<\/p>\n<p><strong> <img loading=\"lazy\" decoding=\"async\" class=\"wp-image-1528 aligncenter\" src=\"https:\/\/www.tamaulipas.gob.mx\/anticorrupcion\/wp-content\/uploads\/sites\/15\/2025\/12\/imagen-17.png\" alt=\"\" width=\"935\" height=\"732\" \/><\/strong><\/p>\n<p><strong>Fundamento Legal<\/strong><\/p>\n<ul>\n<li>\nArt\u00edculo 161 de la Constituci\u00f3n Pol\u00edtica del Estado de Tamaulipas.\n<\/li>\n<li>Art\u00edculo 41 fracci\u00f3n III, XIV de la Ley Org\u00e1nica de la Administraci\u00f3n P\u00fablica del Estado de Tamaulipas.\n<\/li>\n<li>Art\u00edculo 2, 64, de la Ley de Gasto P\u00fablico para Tamaulipas.\n<\/li>\n<li>Art\u00edculo, 48 fracci\u00f3n, 49 fracciones XI, y 50 fracciones IX del Reglamento Interior de la Secretar\u00eda Anticorrupci\u00f3n y Buen Gobierno de Tamaulipas.\n<\/li>\n<li>Normas generales de control interno para la Administraci\u00f3n P\u00fablica Estatal (NGCI-APE).\n<\/li>\n<li>Lineamientos del modelo estatal del marco integrado de control interno para el sector p\u00fablico (MEMICI).\n<\/li>\n<li>Disposiciones y el manual administrativo de aplicaci\u00f3n general en materia de control interno del Estado de Tamaulipas (MACI).\n<\/li>\n<li>Acuerdo mediante el cual se reforman, adicionan y derogan diversas disposiciones del art\u00edculo quinto del acuerdo por el que se emiten las disposiciones en materia de control interno y el manual administrativo de aplicaci\u00f3n general en materia de control interno del Estado de Tamaulipas publicadas en el peri\u00f3dico oficial de fecha 04 de agosto de 2023.\n<\/li>\n<\/ul>\n<h4><\/h4>\n<h4>Datos de contacto<\/h4>\n<p><strong>Nombre: <\/strong>Mtro. Juan Antonio Ram\u00edrez Torres<br \/>\n<strong>Cargo: <\/strong>Director de Control Interno y Evaluaci\u00f3n Gubernamental<br \/>\n<strong>Correo electr\u00f3nico: <\/strong>depto.controlinterno@tamaulipas.gob.mx<br \/>\n<strong>Tel\u00e9fono: <\/strong>8341078432<br \/>\n<strong>Ext. <\/strong>43245<\/p>\n","protected":false},"excerpt":{"rendered":"<p>Las visitas de control son actos de fiscalizaci\u00f3n preventiva que eval\u00faan la situaci\u00f3n del control interno mediante la revisi\u00f3n del cumplimiento de sus componentes, y\u2026<\/p>\n","protected":false},"author":462,"featured_media":0,"parent":0,"menu_order":0,"comment_status":"closed","ping_status":"closed","template":"","meta":{"footnotes":""},"class_list":["post-2660","page","type-page","status-publish","hentry"],"publishpress_future_action":{"enabled":false,"date":"2026-05-04 16:24:43","action":"change-status","newStatus":"draft","terms":[],"taxonomy":""},"_links":{"self":[{"href":"https:\/\/www.tamaulipas.gob.mx\/anticorrupcion\/wp-json\/wp\/v2\/pages\/2660"}],"collection":[{"href":"https:\/\/www.tamaulipas.gob.mx\/anticorrupcion\/wp-json\/wp\/v2\/pages"}],"about":[{"href":"https:\/\/www.tamaulipas.gob.mx\/anticorrupcion\/wp-json\/wp\/v2\/types\/page"}],"author":[{"embeddable":true,"href":"https:\/\/www.tamaulipas.gob.mx\/anticorrupcion\/wp-json\/wp\/v2\/users\/462"}],"replies":[{"embeddable":true,"href":"https:\/\/www.tamaulipas.gob.mx\/anticorrupcion\/wp-json\/wp\/v2\/comments?post=2660"}],"version-history":[{"count":3,"href":"https:\/\/www.tamaulipas.gob.mx\/anticorrupcion\/wp-json\/wp\/v2\/pages\/2660\/revisions"}],"predecessor-version":[{"id":2664,"href":"https:\/\/www.tamaulipas.gob.mx\/anticorrupcion\/wp-json\/wp\/v2\/pages\/2660\/revisions\/2664"}],"wp:attachment":[{"href":"https:\/\/www.tamaulipas.gob.mx\/anticorrupcion\/wp-json\/wp\/v2\/media?parent=2660"}],"curies":[{"name":"wp","href":"https:\/\/api.w.org\/{rel}","templated":true}]}}