{"id":2652,"date":"2025-12-23T18:11:57","date_gmt":"2025-12-24T00:11:57","guid":{"rendered":"https:\/\/www.tamaulipas.gob.mx\/anticorrupcion\/?page_id=2652"},"modified":"2025-12-23T18:12:22","modified_gmt":"2025-12-24T00:12:22","slug":"comites-de-control-interno-y-desempeno-institucional-cocodi","status":"publish","type":"page","link":"https:\/\/www.tamaulipas.gob.mx\/anticorrupcion\/comites-de-control-interno-y-desempeno-institucional-cocodi\/","title":{"rendered":"Comit\u00e9s de Control Interno y Desempe\u00f1o Institucional (COCODI)"},"content":{"rendered":"<p style=\"text-align: justify;\">La Secretar\u00eda Anticorrupci\u00f3n y Buen Gobierno de Tamaulipas impulsa la instalaci\u00f3n de los Comit\u00e9s de Control y Desempe\u00f1o Institucional, \u00f3rganos colegiados que fortalecen el cumplimiento de objetivos y metas, y promueven la consolidaci\u00f3n del Sistema de Control Interno Institucional mejorando as\u00ed el desempe\u00f1o gubernamental.<\/p>\n<p><strong> <img loading=\"lazy\" decoding=\"async\" class=\"wp-image-1528 aligncenter\" src=\"https:\/\/www.tamaulipas.gob.mx\/anticorrupcion\/wp-content\/uploads\/sites\/15\/2025\/12\/imagen-16.png\" alt=\"\" width=\"935\" height=\"732\" \/><\/strong><\/p>\n<p><strong>Fundamento Legal<\/strong><\/p>\n<ul>\n<li>\nArt\u00edculo 161 de la Constituci\u00f3n Pol\u00edtica del Estado de Tamaulipas.\n<\/li>\n<li>\nArt\u00edculo 41 fracci\u00f3n I de la Ley Org\u00e1nica de la Administraci\u00f3n P\u00fablica del Estado de Tamaulipas.\n<\/li>\n<li>Art\u00edculos II fracci\u00f3n IV, 48 fracci\u00f3n XXX, XL, 49 fracciones IV, V, VI y 50 fracciones III, VI, y VII del Reglamento Interior de la Secretar\u00eda Anticorrupci\u00f3n y Buen Gobierno de Tamaulipas.\n<\/li>\n<li>Normas generales de control interno para la Administraci\u00f3n P\u00fablica Estatal (NGCI-APE).\n<\/li>\n<li>Lineamientos del modelo estatal del marco integrado de control interno para el sector p\u00fablico (MEMICI).\n<\/li>\n<li>Disposiciones y el manual administrativo de aplicaci\u00f3n general en materia de control interno del Estado de Tamaulipas (MACI).\n<\/li>\n<li>Acuerdo mediante el cual se reforman, adicionan y derogan diversas disposiciones del art\u00edculo quinto del acuerdo por el que se emiten las disposiciones en materia de control interno y el manual administrativo de aplicaci\u00f3n general en materia de control interno del Estado de Tamaulipas publicadas en el peri\u00f3dico oficial de fecha 04 de agosto de 2023.\n<\/li>\n<\/ul>\n<p><strong>Proceso<\/strong><\/p>\n<ol>\n<li>\nDesignaci\u00f3n o ratificaci\u00f3n de Coordinadores de Control y enlaces de Control Interno y Administraci\u00f3n de Riesgos.\n<\/li>\n<li>\nSeguimiento a la celebraci\u00f3n de las sesiones o en su caso instalaci\u00f3n del Comit\u00e9 de Control y Desempe\u00f1o Institucional.\n<\/li>\n<li>\nCapacitaci\u00f3n sobre las funciones de los integrantes del Comit\u00e9.\n<\/li>\n<li>Revisi\u00f3n y seguimiento a la formalizaci\u00f3n del Acta de Comit\u00e9.\n<\/li>\n<li>Registro y seguimiento de los acuerdos adoptados en la sesi\u00f3n.\n<\/li>\n<\/ol>\n<p><strong>Capacitaci\u00f3n<\/strong><\/p>\n<p style=\"text-align: justify;\">En materia de Comit\u00e9s de Control y Desempe\u00f1o Institucional (COCODI), se capacita principalmente a los Enlaces COCODI, as\u00ed como a los Coordinadores y Enlaces de Control Interno y Administraci\u00f3n de Riesgos, respecto de sus responsabilidades y participaci\u00f3n conforme al orden del d\u00eda establecido del Comit\u00e9.\n<\/p>\n<p style=\"text-align: justify;\">Estas capacitaciones se brindan durante todo el a\u00f1o, mediante sesiones presenciales o virtuales, seg\u00fan la ubicaci\u00f3n y a solicitud de las Dependencias y Entidades.<\/p>\n<h4><\/h4>\n<h4>Datos de contacto<\/h4>\n<p><strong>Nombre: <\/strong>Mtro. Juan Antonio Ram\u00edrez Torres<br \/>\n<strong>Cargo: <\/strong>Director de Control Interno y Evaluaci\u00f3n Gubernamental<br \/>\n<strong>Correo electr\u00f3nico: <\/strong>depto.controlinterno@tamaulipas.gob.mx<br \/>\n<strong>Tel\u00e9fono: <\/strong>8341078432<br \/>\n<strong>Ext. <\/strong>43245<\/p>\n","protected":false},"excerpt":{"rendered":"<p>La Secretar\u00eda Anticorrupci\u00f3n y Buen Gobierno de Tamaulipas impulsa la instalaci\u00f3n de los Comit\u00e9s de Control y Desempe\u00f1o Institucional, \u00f3rganos colegiados que fortalecen el cumplimiento\u2026<\/p>\n","protected":false},"author":462,"featured_media":0,"parent":0,"menu_order":0,"comment_status":"closed","ping_status":"closed","template":"","meta":{"footnotes":""},"class_list":["post-2652","page","type-page","status-publish","hentry"],"publishpress_future_action":{"enabled":false,"date":"2026-05-04 17:44:30","action":"change-status","newStatus":"draft","terms":[],"taxonomy":""},"_links":{"self":[{"href":"https:\/\/www.tamaulipas.gob.mx\/anticorrupcion\/wp-json\/wp\/v2\/pages\/2652"}],"collection":[{"href":"https:\/\/www.tamaulipas.gob.mx\/anticorrupcion\/wp-json\/wp\/v2\/pages"}],"about":[{"href":"https:\/\/www.tamaulipas.gob.mx\/anticorrupcion\/wp-json\/wp\/v2\/types\/page"}],"author":[{"embeddable":true,"href":"https:\/\/www.tamaulipas.gob.mx\/anticorrupcion\/wp-json\/wp\/v2\/users\/462"}],"replies":[{"embeddable":true,"href":"https:\/\/www.tamaulipas.gob.mx\/anticorrupcion\/wp-json\/wp\/v2\/comments?post=2652"}],"version-history":[{"count":2,"href":"https:\/\/www.tamaulipas.gob.mx\/anticorrupcion\/wp-json\/wp\/v2\/pages\/2652\/revisions"}],"predecessor-version":[{"id":2656,"href":"https:\/\/www.tamaulipas.gob.mx\/anticorrupcion\/wp-json\/wp\/v2\/pages\/2652\/revisions\/2656"}],"wp:attachment":[{"href":"https:\/\/www.tamaulipas.gob.mx\/anticorrupcion\/wp-json\/wp\/v2\/media?parent=2652"}],"curies":[{"name":"wp","href":"https:\/\/api.w.org\/{rel}","templated":true}]}}