{"id":2646,"date":"2025-12-23T17:59:09","date_gmt":"2025-12-23T23:59:09","guid":{"rendered":"https:\/\/www.tamaulipas.gob.mx\/anticorrupcion\/?page_id=2646"},"modified":"2025-12-23T17:59:59","modified_gmt":"2025-12-23T23:59:59","slug":"control-interno","status":"publish","type":"page","link":"https:\/\/www.tamaulipas.gob.mx\/anticorrupcion\/control-interno\/","title":{"rendered":"Control Interno"},"content":{"rendered":"<p style=\"text-align: justify;\">La Secretar\u00eda Anticorrupci\u00f3n y Buen Gobierno del Estado de Tamaulipas, en el marco de la estrategia de Control Interno, impulsa la implementaci\u00f3n de los Sistemas de Control Interno Institucional (SCII) en los entes p\u00fablicos de la Administraci\u00f3n Estatal, fortaleciendo la planeaci\u00f3n, ejecuci\u00f3n y seguimiento de la gesti\u00f3n p\u00fablica para brindar certeza en la toma de decisiones y asegurar el cumplimiento de los objetivos institucionales bajo principios de legalidad, \u00e9tica, eficiencia y mejora continua.<\/p>\n<p><strong>Fundamento Legal<\/strong><\/p>\n<ul>\n<li>Art\u00edculo 161 de la Constituci\u00f3n Pol\u00edtica del Estado de Tamaulipas.\n<\/li>\n<li>Art\u00edculo 41 fracci\u00f3n I de la Ley Org\u00e1nica de la Administraci\u00f3n P\u00fablica del Estado de Tamaulipas.\n<\/li>\n<li>Art\u00edculo 11 fracci\u00f3n IV, 48 fracci\u00f3n II, 49 fracci\u00f3n II y 50 del Reglamento Interior de la Secretar\u00eda Anticorrupci\u00f3n y Buen Gobierno de Tamaulipas.\n<\/li>\n<li>Normas Generales de Control Interno para la Administraci\u00f3n P\u00fablica Estatal (NGCI-APE).\n<\/li>\n<li>Lineamientos del modelo estatal del marco integrado de control interno para el sector p\u00fablico (MEMICI).\n<\/li>\n<li>Disposiciones y el manual administrativo de aplicaci\u00f3n general en materia de control interno del Estado de Tamaulipas (MACI).\n<\/li>\n<li>Acuerdo mediante el cual se reforman, adicionan y derogan diversas disposiciones del art\u00edculo quinto del acuerdo por el que se emiten las disposiciones en materia de control interno y el manual administrativo de aplicaci\u00f3n general en materia de control interno del Estado de Tamaulipas publicadas en el peri\u00f3dico oficial de fecha 04 de agosto de 2023.\n<\/li>\n<\/ul>\n<p><strong>Proceso<\/strong><\/p>\n<ol>\n<li>Comunicaci\u00f3n con los Coordinadores de Control y enlaces de Control Interno y Administraci\u00f3n de Riesgos formalmente designados.\n<\/li>\n<li>Orientaci\u00f3n sobre la elaboraci\u00f3n de matrices para selecci\u00f3n de procesos prioritarios.\n<\/li>\n<li>Capacitaci\u00f3n para el llenado de formatos de matrices y captura en el SICOIN.\n<\/li>\n<li>Verificaci\u00f3n del env\u00edo formal de la Matriz de selecci\u00f3n de procesos prioritarios y de administraci\u00f3n de riesgos.\n<\/li>\n<li>Orientaci\u00f3n sobre captura de Matrices en el Sistema SICOIN por los Coordinadores y Enlaces.\n<\/li>\n<li>Recepci\u00f3n formal de los Programas de Trabajo de Control Interno y Administraci\u00f3n de Riesgos.\n<\/li>\n<li>Actualizaci\u00f3n al Programa de Trabajo de Control Interno.\n<\/li>\n<li>Seguimiento trimestral de PTCI y PTAR.\n<\/li>\n<li>Recepci\u00f3n del Informe Anual del Estado que guarda el Sistema de Control Interno Institucional (SCII) y del Informe de Resultados del OIC al Informe Anual del estado que guarda el SCII.\n<\/li>\n<\/ol>\n<p><strong>Capacitaci\u00f3n<\/strong><\/p>\n<p style=\"text-align: justify;\">Se capacita a los Coordinadores de Control Interno y Enlaces de Control y Administraci\u00f3n de Riesgos en los meses de noviembre y diciembre donde inician los trabajos de selecci\u00f3n de procesos prioritarios y riesgos para el siguiente ejercicio, adem\u00e1s se atienden las solicitudes de capacitaci\u00f3n durante todo el a\u00f1o.<\/p>\n<p style=\"text-align: justify;\">Se realizan de manera presencial o videoconferencias, conforme a solicitud de las mismas y atendiendo a la localidad del ente p\u00fablico.<\/p>\n<h4><\/h4>\n<h4>Datos de contacto<\/h4>\n<p><strong>Nombre:<\/strong> Mtro. Juan Antonio Ram\u00edrez Torres<br \/>\n<strong>Cargo: <\/strong>Director de Control Interno y Evaluaci\u00f3n Gubernamental<br \/>\n<strong>Correo electr\u00f3nico: <\/strong>depto.controlinterno@tamaulipas.gob.mx<br \/>\n<strong>Tel\u00e9fono: <\/strong>8341078432<br \/>\n<strong>Ext.<\/strong> 43245<\/p>\n","protected":false},"excerpt":{"rendered":"<p>La Secretar\u00eda Anticorrupci\u00f3n y Buen Gobierno del Estado de Tamaulipas, en el marco de la estrategia de Control Interno, impulsa la implementaci\u00f3n de los Sistemas\u2026<\/p>\n","protected":false},"author":462,"featured_media":0,"parent":0,"menu_order":0,"comment_status":"closed","ping_status":"closed","template":"","meta":{"footnotes":""},"class_list":["post-2646","page","type-page","status-publish","hentry"],"publishpress_future_action":{"enabled":false,"date":"2026-05-04 16:25:05","action":"change-status","newStatus":"draft","terms":[],"taxonomy":""},"_links":{"self":[{"href":"https:\/\/www.tamaulipas.gob.mx\/anticorrupcion\/wp-json\/wp\/v2\/pages\/2646"}],"collection":[{"href":"https:\/\/www.tamaulipas.gob.mx\/anticorrupcion\/wp-json\/wp\/v2\/pages"}],"about":[{"href":"https:\/\/www.tamaulipas.gob.mx\/anticorrupcion\/wp-json\/wp\/v2\/types\/page"}],"author":[{"embeddable":true,"href":"https:\/\/www.tamaulipas.gob.mx\/anticorrupcion\/wp-json\/wp\/v2\/users\/462"}],"replies":[{"embeddable":true,"href":"https:\/\/www.tamaulipas.gob.mx\/anticorrupcion\/wp-json\/wp\/v2\/comments?post=2646"}],"version-history":[{"count":2,"href":"https:\/\/www.tamaulipas.gob.mx\/anticorrupcion\/wp-json\/wp\/v2\/pages\/2646\/revisions"}],"predecessor-version":[{"id":2649,"href":"https:\/\/www.tamaulipas.gob.mx\/anticorrupcion\/wp-json\/wp\/v2\/pages\/2646\/revisions\/2649"}],"wp:attachment":[{"href":"https:\/\/www.tamaulipas.gob.mx\/anticorrupcion\/wp-json\/wp\/v2\/media?parent=2646"}],"curies":[{"name":"wp","href":"https:\/\/api.w.org\/{rel}","templated":true}]}}