{"id":2639,"date":"2025-12-23T17:44:11","date_gmt":"2025-12-23T23:44:11","guid":{"rendered":"https:\/\/www.tamaulipas.gob.mx\/anticorrupcion\/?page_id=2639"},"modified":"2025-12-23T17:46:26","modified_gmt":"2025-12-23T23:46:26","slug":"auditorias-de-desempeno","status":"publish","type":"page","link":"https:\/\/www.tamaulipas.gob.mx\/anticorrupcion\/auditorias-de-desempeno\/","title":{"rendered":"Auditor\u00edas de Desempe\u00f1o"},"content":{"rendered":"<p style=\"text-align: justify;\">Son revisiones sistem\u00e1ticas orientadas a determinar si las acciones, proyectos, programas, planes u organizaciones p\u00fablicas operan bajo los principios de econom\u00eda, eficacia y eficiencia, con la finalidad de identificar acciones de mejora.<\/p>\n<p><strong> <img loading=\"lazy\" decoding=\"async\" class=\"wp-image-1528 aligncenter\" src=\"https:\/\/www.tamaulipas.gob.mx\/anticorrupcion\/wp-content\/uploads\/sites\/15\/2025\/12\/imagen-13.png\" alt=\"\" width=\"935\" height=\"732\" \/><\/strong><\/p>\n<p><strong>Fundamento Legal<\/strong><\/p>\n<ul>\n<li>\nArt\u00edculo 41 fracciones VIII y XIV de la Ley Org\u00e1nica de la Administraci\u00f3n P\u00fablica del Estado de Tamaulipas.\n<\/li>\n<li>\nArt\u00edculos 2, 12, 63 segundo p\u00e1rrafo, 64, 82, de la Ley de Gasto P\u00fablico.\n<\/li>\n<li>\nArt\u00edculo 11 fracciones VI y XVII; 48 fracciones II, III, IV, V, VI, VIII, IX, X, XI, XX, XXXII, LXVII y LXXI; 49 fracciones X, XI, XII, XIII y XVIII; y 51 fracciones III, V, VI, y VII del Reglamento Interior de la Secretar\u00eda Anticorrupci\u00f3n y Buen Gobierno.\n<\/li>\n<li>\nNumeral I.2 y I.3 del Acuerdo mediante el cual se reforma el acuerdo mediante el cual se establecen las bases generales para la realizaci\u00f3n de auditor\u00edas y visitas de inspecci\u00f3n a las dependencias y entidades de la administraci\u00f3n p\u00fablica estatal y municipal.\n<\/li>\n<li>\nGu\u00eda de Auditor\u00eda de Desempe\u00f1o (GAD).\n<\/li>\n<\/ul>\n<h4><\/h4>\n<h4>Datos de contacto<\/h4>\n<p><strong>Nombre:<\/strong> Mtro. Juan Antonio Ram\u00edrez Torres<br \/>\n<strong>Cargo: <\/strong>Director de Control Interno y Evaluaci\u00f3n Gubernamental.<br \/>\n<strong>Correo electr\u00f3nico: <\/strong>auditoria.desempeno@tamaulipas.gob.mx<br \/>\n<strong>Tel\u00e9fono:<\/strong> 8341078185<br \/>\n<strong>Ext. <\/strong>43254<\/p>\n","protected":false},"excerpt":{"rendered":"<p>Son revisiones sistem\u00e1ticas orientadas a determinar si las acciones, proyectos, programas, planes u organizaciones p\u00fablicas operan bajo los principios de econom\u00eda, eficacia y eficiencia, con\u2026<\/p>\n","protected":false},"author":462,"featured_media":0,"parent":0,"menu_order":0,"comment_status":"closed","ping_status":"closed","template":"","meta":{"footnotes":""},"class_list":["post-2639","page","type-page","status-publish","hentry"],"publishpress_future_action":{"enabled":false,"date":"2026-05-04 16:24:43","action":"change-status","newStatus":"draft","terms":[],"taxonomy":""},"_links":{"self":[{"href":"https:\/\/www.tamaulipas.gob.mx\/anticorrupcion\/wp-json\/wp\/v2\/pages\/2639"}],"collection":[{"href":"https:\/\/www.tamaulipas.gob.mx\/anticorrupcion\/wp-json\/wp\/v2\/pages"}],"about":[{"href":"https:\/\/www.tamaulipas.gob.mx\/anticorrupcion\/wp-json\/wp\/v2\/types\/page"}],"author":[{"embeddable":true,"href":"https:\/\/www.tamaulipas.gob.mx\/anticorrupcion\/wp-json\/wp\/v2\/users\/462"}],"replies":[{"embeddable":true,"href":"https:\/\/www.tamaulipas.gob.mx\/anticorrupcion\/wp-json\/wp\/v2\/comments?post=2639"}],"version-history":[{"count":3,"href":"https:\/\/www.tamaulipas.gob.mx\/anticorrupcion\/wp-json\/wp\/v2\/pages\/2639\/revisions"}],"predecessor-version":[{"id":2838,"href":"https:\/\/www.tamaulipas.gob.mx\/anticorrupcion\/wp-json\/wp\/v2\/pages\/2639\/revisions\/2838"}],"wp:attachment":[{"href":"https:\/\/www.tamaulipas.gob.mx\/anticorrupcion\/wp-json\/wp\/v2\/media?parent=2639"}],"curies":[{"name":"wp","href":"https:\/\/api.w.org\/{rel}","templated":true}]}}