{"id":2617,"date":"2025-12-23T17:12:49","date_gmt":"2025-12-23T23:12:49","guid":{"rendered":"https:\/\/www.tamaulipas.gob.mx\/anticorrupcion\/?page_id=2617"},"modified":"2025-12-23T17:17:21","modified_gmt":"2025-12-23T23:17:21","slug":"aspectos-susceptibles-de-mejora-asm","status":"publish","type":"page","link":"https:\/\/www.tamaulipas.gob.mx\/anticorrupcion\/aspectos-susceptibles-de-mejora-asm\/","title":{"rendered":"Aspectos Susceptibles de Mejora (ASM)"},"content":{"rendered":"<p style=\"text-align: justify;\">Los Aspectos Susceptibles de Mejora (ASM) son compromisos de mejora establecidos por los entes p\u00fablicos evaluados, derivados de los resultados identificados en los informes de evaluaci\u00f3n, cuya atenci\u00f3n contribuye a la mejora de los Fondos y Programas que operan en el Estado de Tamaulipas.<\/p>\n<p><strong> <img loading=\"lazy\" decoding=\"async\" class=\"wp-image-1528 aligncenter\" src=\"https:\/\/www.tamaulipas.gob.mx\/anticorrupcion\/wp-content\/uploads\/sites\/15\/2025\/12\/normativa.png\" alt=\"\" width=\"935\" height=\"732\" \/><\/strong><\/p>\n<p><strong>Fundamento Legal<\/strong><\/p>\n<ul>\n<li>\nArt\u00edculo 41 fracci\u00f3n XXV de la Ley Org\u00e1nica de la Administraci\u00f3n P\u00fablica del Estado de Tamaulipas.\n<\/li>\n<li>\nArt\u00edculo 81 inciso B fracciones III y V de la Ley de Gasto P\u00fablico del Estado de Tamaulipas.\n<\/li>\n<li>\nArt\u00edculo 52 fracci\u00f3n X, XI y XII; 53 fracci\u00f3n IV y V del Reglamento Interior de la Secretar\u00eda Anticorrupci\u00f3n y Buen Gobierno.\n<\/li>\n<li>\nNumeral Vig\u00e9simo Octavo Cap\u00edtulo VI y numeral Trig\u00e9simo Cap\u00edtulo VII del T\u00edtulo Tercero, numeral Trig\u00e9simo Segundo Cap\u00edtulo I del T\u00edtulo Cuarto y numeral Trig\u00e9simo Noveno Cap\u00edtulo \u00danico del T\u00edtulo Quinto de los Lineamientos Generales para la Evaluaci\u00f3n de los Programas Presupuestarios de la Administraci\u00f3n P\u00fablica Estatal y el Sistema de Evaluaci\u00f3n del Desempe\u00f1o.\n<\/li>\n<li>\nArt\u00edculo 40, fracci\u00f3n IV del Presupuesto de Egresos (vigente).\n<\/li>\n<li>\nPrograma Anual de Evaluaci\u00f3n (PAE) vigente.\n<\/li>\n<li>\nMecanismo de seguimiento a los aspectos susceptibles de mejora derivados de las evaluaciones realizadas a Programas Presupuestarios Estatales y a Fondos y Programas de Gasto Federalizado ejercidos por el Gobierno de Tamaulipas. (aplicaci\u00f3n general)\n<\/li>\n<\/ul>\n<p><strong>Capacitaci\u00f3n<\/strong><\/p>\n<p style=\"text-align: justify;\">Se brinda capacitaci\u00f3n a las personas servidoras p\u00fablicas designadas como enlaces de seguimiento a los Aspectos Susceptibles de Mejora.\n<\/p>\n<p style=\"text-align: justify;\">La capacitaci\u00f3n se brinda de forma virtual o, en su caso, conforme las necesidades del personal que atiende las recomendaciones de los fondos o programas evaluados, se llevan a cabo reuniones de trabajo de forma presencial.<\/p>\n<h4><\/h4>\n<h4>Datos de contacto<\/h4>\n<p><strong>Nombre: <\/strong>Ing. Diego Antonio Diaz Vicencio<br \/>\n<strong>Puesto: <\/strong>Director de Mejora de la Gesti\u00f3n P\u00fablica<br \/>\n<strong>Correo electr\u00f3nico: <\/strong>diego.diaz@tamaulipas.gob.mx<br \/>\n<strong>Tel\u00e9fono: <\/strong>8341078449<br \/>\n<strong>Ext. <\/strong>43242<\/p>\n<p><strong>Nombre: <\/strong>Lic. Alejandro Honorato Velazquez.<br \/>\n<strong>Puesto: <\/strong>Jefe de Departamento de Mejora de la Gesti\u00f3n.<br \/>\n<strong>Correo electr\u00f3nico: <\/strong>alejandro.honorato@tamaulipas.gob.mx<br \/>\n<strong>Tel\u00e9fono: <\/strong>8341164318<br \/>\n<strong>Ext. <\/strong>43255<\/p>\n","protected":false},"excerpt":{"rendered":"<p>Los Aspectos Susceptibles de Mejora (ASM) son compromisos de mejora establecidos por los entes p\u00fablicos evaluados, derivados de los resultados identificados en los informes de\u2026<\/p>\n","protected":false},"author":462,"featured_media":0,"parent":0,"menu_order":0,"comment_status":"closed","ping_status":"closed","template":"","meta":{"footnotes":""},"class_list":["post-2617","page","type-page","status-publish","hentry"],"publishpress_future_action":{"enabled":false,"date":"2026-05-04 16:24:43","action":"change-status","newStatus":"draft","terms":[],"taxonomy":""},"_links":{"self":[{"href":"https:\/\/www.tamaulipas.gob.mx\/anticorrupcion\/wp-json\/wp\/v2\/pages\/2617"}],"collection":[{"href":"https:\/\/www.tamaulipas.gob.mx\/anticorrupcion\/wp-json\/wp\/v2\/pages"}],"about":[{"href":"https:\/\/www.tamaulipas.gob.mx\/anticorrupcion\/wp-json\/wp\/v2\/types\/page"}],"author":[{"embeddable":true,"href":"https:\/\/www.tamaulipas.gob.mx\/anticorrupcion\/wp-json\/wp\/v2\/users\/462"}],"replies":[{"embeddable":true,"href":"https:\/\/www.tamaulipas.gob.mx\/anticorrupcion\/wp-json\/wp\/v2\/comments?post=2617"}],"version-history":[{"count":3,"href":"https:\/\/www.tamaulipas.gob.mx\/anticorrupcion\/wp-json\/wp\/v2\/pages\/2617\/revisions"}],"predecessor-version":[{"id":2837,"href":"https:\/\/www.tamaulipas.gob.mx\/anticorrupcion\/wp-json\/wp\/v2\/pages\/2617\/revisions\/2837"}],"wp:attachment":[{"href":"https:\/\/www.tamaulipas.gob.mx\/anticorrupcion\/wp-json\/wp\/v2\/media?parent=2617"}],"curies":[{"name":"wp","href":"https:\/\/api.w.org\/{rel}","templated":true}]}}