{"id":2611,"date":"2025-12-23T17:02:21","date_gmt":"2025-12-23T23:02:21","guid":{"rendered":"https:\/\/www.tamaulipas.gob.mx\/anticorrupcion\/?page_id=2611"},"modified":"2025-12-23T17:07:30","modified_gmt":"2025-12-23T23:07:30","slug":"coordinacion-de-evaluaciones-externas-a-fondos-y-programas-de-gasto-federalizado","status":"publish","type":"page","link":"https:\/\/www.tamaulipas.gob.mx\/anticorrupcion\/coordinacion-de-evaluaciones-externas-a-fondos-y-programas-de-gasto-federalizado\/","title":{"rendered":"Coordinaci\u00f3n de Evaluaciones Externas a Fondos y Programas de Gasto Federalizado"},"content":{"rendered":"<p style=\"text-align: justify;\">Una evaluaci\u00f3n externa es an\u00e1lisis sistem\u00e1tico y objetivo de una intervenci\u00f3n p\u00fablica cuya finalidad es determinar la pertinencia y el logro de sus objetivos y metas, as\u00ed como eficiencia, eficacia, calidad, resultados, impacto y sostenibilidad.<\/p>\n<p><strong> <img loading=\"lazy\" decoding=\"async\" class=\"wp-image-1528 aligncenter\" src=\"https:\/\/www.tamaulipas.gob.mx\/anticorrupcion\/wp-content\/uploads\/sites\/15\/2025\/12\/imagen-11.png\" alt=\"\" width=\"935\" height=\"732\" \/><\/strong><\/p>\n<p><strong>Fundamento Legal<\/strong><\/p>\n<ul>\n<li>\nArt\u00edculos 54, 64, 71, 79 de la Ley General de Contabilidad Gubernamental.\n<\/li>\n<li>\nArt\u00edculo 49 fracci\u00f3n V de la Ley de Coordinaci\u00f3n Fiscal.\n<\/li>\n<li>\nArt\u00edculo 85 fracci\u00f3n I y art\u00edculo 110 de la Ley Federal de Presupuesto y Responsabilidad Hacendaria.\n<\/li>\n<li>\nArt\u00edculo 65 fracci\u00f3n XXXVIII de la Ley General de Transparencia y Acceso a la Informaci\u00f3n P\u00fablica.\n<\/li>\n<li>\nNorma que establece el formato para la difusi\u00f3n de los resultados de las evaluaciones de los recursos federales ministrados a las entidades federativas.\n<\/li>\n<li>\nLineamientos para informar sobre los recursos federales transferidos a entidades federativas y de operaci\u00f3n de los recursos del Ramo General 33.\n<\/li>\n<li>\nPrograma Anual de Evaluaci\u00f3n federal vigente.\n<\/li>\n<li>\nArt\u00edculo 41 fracciones XIII, XIV y XXIX de la Ley Org\u00e1nica de la Administraci\u00f3n P\u00fablica del Estado de Tamaulipas.\n<\/li>\n<li>\nArt\u00edculos 64 y 81 inciso B fracciones I, III y IV de la Ley del Gasto P\u00fablico de Tamaulipas.\n<\/li>\n<li>\nArt\u00edculo 57 fracci\u00f3n XXXVIII de la Ley de Transparencia y Acceso a la Informaci\u00f3n P\u00fablica del Estado de Tamaulipas.\n<\/li>\n<li>\nLineamientos Generales para la Evaluaci\u00f3n de los Programas Presupuestarios de la Administraci\u00f3n P\u00fablica Estatal y el Sistema Estatal de Evaluaci\u00f3n del Desempe\u00f1o.\n<\/li>\n<li>\nPrograma Anual de Evaluaci\u00f3n (PAE) vigente.\n<\/li>\n<li>\nMecanismo de Seguimiento a los Aspectos Susceptibles de Mejora derivados de las Evaluaciones del Desempe\u00f1o a Programas Presupuestarios.\n<\/li>\n<li>\nArt\u00edculo 52 fracciones VIII, IX y X del Reglamento interior de la Secretar\u00eda Anticorrupci\u00f3n y Buen Gobierno.\n<\/li>\n<\/ul>\n<p><strong>Capacitaci\u00f3n<\/strong><\/p>\n<p style=\"text-align: justify;\">Se brinda capacitaci\u00f3n a las personas servidoras p\u00fablicas designadas como enlaces de evaluaci\u00f3n en los entes p\u00fablicos sujetos de evaluaci\u00f3n en el Programa Anual de Evaluaci\u00f3n.<\/p>\n<p style=\"text-align: justify;\">La capacitaci\u00f3n se brinda de forma virtual o, en su caso, conforme las necesidades del personal operador de los fondos o programas a evaluar, se llevan a cabo reuniones de trabajo de forma presencial.<\/p>\n<h4><\/h4>\n<h4>Datos de contacto<\/h4>\n<p><strong>Nombre: <\/strong>Ing. Diego Antonio Diaz Vicencio<br \/>\n<strong>Puesto: <\/strong>Director de Mejora de la Gesti\u00f3n P\u00fablica<br \/>\n<strong>Correo electr\u00f3nico: <\/strong>diego.diaz@tamaulipas.gob.mx<br \/>\n<strong>Tel\u00e9fono: <\/strong>8341078449<br \/>\n<strong>Ext. <\/strong>43242<\/p>\n<p><strong>Nombre: <\/strong>Lic. Alejandro Honorato Velazquez.<br \/>\n<strong>Puesto: <\/strong>Jefe de Departamento de Mejora de la Gesti\u00f3n.<br \/>\n<strong>Correo electr\u00f3nico: <\/strong>alejandro.honorato@tamaulipas.gob.mx<br \/>\n<strong>Tel\u00e9fono: <\/strong>8341164318<br \/>\n<strong>Ext. <\/strong>43255<\/p>\n","protected":false},"excerpt":{"rendered":"<p>Una evaluaci\u00f3n externa es an\u00e1lisis sistem\u00e1tico y objetivo de una intervenci\u00f3n p\u00fablica cuya finalidad es determinar la pertinencia y el logro de sus objetivos y\u2026<\/p>\n","protected":false},"author":462,"featured_media":0,"parent":0,"menu_order":0,"comment_status":"closed","ping_status":"closed","template":"","meta":{"footnotes":""},"class_list":["post-2611","page","type-page","status-publish","hentry"],"publishpress_future_action":{"enabled":false,"date":"2026-05-04 16:25:37","action":"change-status","newStatus":"draft","terms":[],"taxonomy":""},"_links":{"self":[{"href":"https:\/\/www.tamaulipas.gob.mx\/anticorrupcion\/wp-json\/wp\/v2\/pages\/2611"}],"collection":[{"href":"https:\/\/www.tamaulipas.gob.mx\/anticorrupcion\/wp-json\/wp\/v2\/pages"}],"about":[{"href":"https:\/\/www.tamaulipas.gob.mx\/anticorrupcion\/wp-json\/wp\/v2\/types\/page"}],"author":[{"embeddable":true,"href":"https:\/\/www.tamaulipas.gob.mx\/anticorrupcion\/wp-json\/wp\/v2\/users\/462"}],"replies":[{"embeddable":true,"href":"https:\/\/www.tamaulipas.gob.mx\/anticorrupcion\/wp-json\/wp\/v2\/comments?post=2611"}],"version-history":[{"count":4,"href":"https:\/\/www.tamaulipas.gob.mx\/anticorrupcion\/wp-json\/wp\/v2\/pages\/2611\/revisions"}],"predecessor-version":[{"id":2849,"href":"https:\/\/www.tamaulipas.gob.mx\/anticorrupcion\/wp-json\/wp\/v2\/pages\/2611\/revisions\/2849"}],"wp:attachment":[{"href":"https:\/\/www.tamaulipas.gob.mx\/anticorrupcion\/wp-json\/wp\/v2\/media?parent=2611"}],"curies":[{"name":"wp","href":"https:\/\/api.w.org\/{rel}","templated":true}]}}