{"id":2578,"date":"2025-12-23T15:43:35","date_gmt":"2025-12-23T21:43:35","guid":{"rendered":"https:\/\/www.tamaulipas.gob.mx\/anticorrupcion\/?page_id=2578"},"modified":"2025-12-23T16:42:53","modified_gmt":"2025-12-23T22:42:53","slug":"analisis-de-procesos","status":"publish","type":"page","link":"https:\/\/www.tamaulipas.gob.mx\/anticorrupcion\/analisis-de-procesos\/","title":{"rendered":"An\u00e1lisis de Procesos"},"content":{"rendered":"<p style=\"text-align: justify;\">El an\u00e1lisis de procesos tiene como objetivo el fin de evaluar y optimizar los procesos de alto impacto, sustantivos o administrativos, que inciden en la eficiencia institucional, la calidad de los servicios p\u00fablicos y el uso racional de los recursos.<\/p>\n<p style=\"text-align: justify;\">Para ello, se realizan visitas a las distintas dependencias y entidades de la administraci\u00f3n p\u00fablica estatal, lo que permite identificar la situaci\u00f3n actual del proceso y determinar acciones de mejora orientadas al redise\u00f1o del mismo.<\/p>\n<p><strong> <img loading=\"lazy\" decoding=\"async\" class=\"wp-image-1528 aligncenter\" src=\"https:\/\/www.tamaulipas.gob.mx\/anticorrupcion\/wp-content\/uploads\/sites\/15\/2025\/12\/imagen-9.png\" alt=\"\" width=\"935\" height=\"732\" \/><\/strong><\/p>\n<p><strong>Fundamento Legal<\/strong><\/p>\n<ul>\n<li>\nArt\u00edculo 41 fracci\u00f3n L de la Ley Org\u00e1nica de la Administraci\u00f3n P\u00fablica Estatal.\n<\/li>\n<li>\nArt\u00edculos 11 fracci\u00f3n XX, 48 fracci\u00f3n XXIII, 52 fracci\u00f3n II, III, IV, VII y 54 fracci\u00f3n II, III, VI del Reglamento Interior de la Secretar\u00eda Anticorrupci\u00f3n y Buen Gobierno del Estado de Tamaulipas.\n<\/li>\n<\/ul>\n<p><strong>Capacitaci\u00f3n<\/strong><\/p>\n<p style=\"text-align: justify;\">Nuestras capacitaciones se focalizan en los enlaces de mejora de la gesti\u00f3n y due\u00f1os de procesos.<\/p>\n<p style=\"text-align: justify;\">La capacitaci\u00f3n se imparte de forma presencial o, en su caso, a trav\u00e9s de medios virtuales, conforme lo requieran las Dependencias y Entidades.<\/p>\n<h4><\/h4>\n<h4>Datos de contacto<\/h4>\n<p><strong>Nombre: <\/strong>Mtra. Lizbeth Idalia Salazar Hinojosa.<br \/>\n<strong><strong>Puesto: <\/strong>Jefa de Departamento de Procesos Administrativos.<br \/>\nCorreo electr\u00f3nico: <\/strong>lizbeth.salazar@tamaulipas.gob.mx<br \/>\n<strong>Tel\u00e9fono: <\/strong>8341078449<br \/>\n<strong>Ext.<\/strong> 43241<\/p>\n<p><strong>Nombre: <\/strong>Ing. Diego Antonio Diaz Vicencio<br \/>\n<strong>Puesto:<\/strong> Director de Mejora de la Gesti\u00f3n P\u00fablica<br \/>\n<strong>Correo electr\u00f3nico: <\/strong>diego.diaz@tamaulipas.gob.mx<br \/>\n<strong>Tel\u00e9fono: <\/strong>8341078449<br \/>\n<strong>Ext. <\/strong>43242<\/p>\n","protected":false},"excerpt":{"rendered":"<p>El an\u00e1lisis de procesos tiene como objetivo el fin de evaluar y optimizar los procesos de alto impacto, sustantivos o administrativos, que inciden en la\u2026<\/p>\n","protected":false},"author":462,"featured_media":0,"parent":0,"menu_order":0,"comment_status":"closed","ping_status":"closed","template":"","meta":{"footnotes":""},"class_list":["post-2578","page","type-page","status-publish","hentry"],"publishpress_future_action":{"enabled":false,"date":"2026-05-04 16:24:34","action":"change-status","newStatus":"draft","terms":[],"taxonomy":""},"_links":{"self":[{"href":"https:\/\/www.tamaulipas.gob.mx\/anticorrupcion\/wp-json\/wp\/v2\/pages\/2578"}],"collection":[{"href":"https:\/\/www.tamaulipas.gob.mx\/anticorrupcion\/wp-json\/wp\/v2\/pages"}],"about":[{"href":"https:\/\/www.tamaulipas.gob.mx\/anticorrupcion\/wp-json\/wp\/v2\/types\/page"}],"author":[{"embeddable":true,"href":"https:\/\/www.tamaulipas.gob.mx\/anticorrupcion\/wp-json\/wp\/v2\/users\/462"}],"replies":[{"embeddable":true,"href":"https:\/\/www.tamaulipas.gob.mx\/anticorrupcion\/wp-json\/wp\/v2\/comments?post=2578"}],"version-history":[{"count":5,"href":"https:\/\/www.tamaulipas.gob.mx\/anticorrupcion\/wp-json\/wp\/v2\/pages\/2578\/revisions"}],"predecessor-version":[{"id":2835,"href":"https:\/\/www.tamaulipas.gob.mx\/anticorrupcion\/wp-json\/wp\/v2\/pages\/2578\/revisions\/2835"}],"wp:attachment":[{"href":"https:\/\/www.tamaulipas.gob.mx\/anticorrupcion\/wp-json\/wp\/v2\/media?parent=2578"}],"curies":[{"name":"wp","href":"https:\/\/api.w.org\/{rel}","templated":true}]}}