{"id":2544,"date":"2025-12-23T14:24:01","date_gmt":"2025-12-23T20:24:01","guid":{"rendered":"https:\/\/www.tamaulipas.gob.mx\/anticorrupcion\/?page_id=2544"},"modified":"2026-04-23T08:57:47","modified_gmt":"2026-04-23T14:57:47","slug":"manual-de-organizacion-2","status":"publish","type":"page","link":"https:\/\/www.tamaulipas.gob.mx\/anticorrupcion\/manual-de-organizacion-2\/","title":{"rendered":"Manual de Organizaci\u00f3n"},"content":{"rendered":"<p style=\"text-align: justify;\">La Secretar\u00eda Anticorrupci\u00f3n y Buen Gobierno del Estado de Tamaulipas impulsa la elaboraci\u00f3n de los Manuales de Organizaci\u00f3n de las Dependencias y Entidades de la Administraci\u00f3n P\u00fablica Estatal, con la finalidad de garantizar que cada ente cuente con una herramienta administrativa donde se visualicen las funciones de sus unidades administrativas, los niveles de autoridad y responsabilidad, y su perfil general del puesto, as\u00ed como las relaciones que mantiene con otras unidades u organismos externos.<\/p>\n<p><strong> <img loading=\"lazy\" decoding=\"async\" class=\"wp-image-1528 aligncenter\" src=\"https:\/\/www.tamaulipas.gob.mx\/anticorrupcion\/wp-content\/uploads\/sites\/15\/2025\/12\/imagen-3.png\" alt=\"\" width=\"935\" height=\"732\" \/><\/strong><\/p>\n<p><strong>Fundamento Legal<\/strong><\/p>\n<ul>\n<li>\nArt\u00edculo 11, numerales 2, 3 y 4 y art\u00edculo 41, fracci\u00f3n XLVIII de la Ley Org\u00e1nica de la Administraci\u00f3n P\u00fablica del Estado de Tamaulipas.\n<\/li>\n<p><a href=\"https:\/\/po.tamaulipas.gob.mx\/wp-content\/uploads\/2023\/06\/cxlviii-72-150623-EV.pdf\"><\/p>\n<li>ACUERDO por el que se emite la Gu\u00eda T\u00e9cnica para la Elaboraci\u00f3n de Manuales de Organizaci\u00f3n para las Dependencias y Entidades de la Administraci\u00f3n P\u00fablica Estatal.<\/li>\n<p><\/a><\/p>\n<p><a href=\"https:\/\/po.tamaulipas.gob.mx\/wp-content\/uploads\/2024\/09\/cxlix-117-260924.pdf\"><\/p>\n<li>ACUERDO mediante el cual se reforman, adicionan y derogan diversas disposiciones de la Gu\u00eda T\u00e9cnica para la elaboraci\u00f3n de Manuales de Organizaci\u00f3n, publicado en el Peri\u00f3dico Oficial del Estado de fecha 15 de junio de 2023.<\/li>\n<p><\/a><\/p>\n<\/ul>\n<p><strong>Proceso<\/strong><\/p>\n<p><strong> <img loading=\"lazy\" decoding=\"async\" class=\"wp-image-1528 aligncenter\" src=\"https:\/\/www.tamaulipas.gob.mx\/anticorrupcion\/wp-content\/uploads\/sites\/15\/2025\/12\/mo.png\" alt=\"\" width=\"935\" height=\"732\" \/><\/strong><\/p>\n<p><strong>Capacitaci\u00f3n<\/strong><\/p>\n<p style=\"text-align: justify;\">Nuestras capacitaciones se focalizan en los enlaces de manuales de organizaci\u00f3n designados por las dependencias y entidades de la Administraci\u00f3n P\u00fablica Estatal.<\/p>\n<p style=\"text-align: justify;\">La capacitaci\u00f3n se imparte de forma presencial o, en su caso, a trav\u00e9s de medios virtuales, conforme lo requieran las Dependencias y Entidades.<\/p>\n<h4><\/h4>\n<h4>Datos de contacto<\/h4>\n<p><strong>Nombre: <\/strong>Mtra. Norma Selena Cant\u00fa Rodr\u00edguez<br \/>\n<strong>Puesto:<\/strong> Directora de Desarrollo Administrativo<br \/>\n<strong>Correo electr\u00f3nico:<\/strong> norma.cantu@tamaulipas.gob.mx<br \/>\n<strong>Tel\u00e9fono:<\/strong> 8341078431<br \/>\n<strong>Ext. <\/strong>43201<\/p>\n<p><strong>Nombre:<\/strong> Lic. Estefan\u00eda Gal\u00e1n Tovar<br \/>\n<strong>Puesto: <\/strong>Jefa de Departamento de An\u00e1lisis de Estructuras Org\u00e1nicas y Manuales Administrativos<br \/>\n<strong>Correo electr\u00f3nico: <\/strong>estefania.galan@tamaulipas.gob.mx<br \/>\n<strong>Tel\u00e9fono:<\/strong> 8341078431<br \/>\n<strong>Ext. <\/strong>43209<\/p>\n","protected":false},"excerpt":{"rendered":"<p>La Secretar\u00eda Anticorrupci\u00f3n y Buen Gobierno del Estado de Tamaulipas impulsa la elaboraci\u00f3n de los Manuales de Organizaci\u00f3n de las Dependencias y Entidades de la\u2026<\/p>\n","protected":false},"author":462,"featured_media":0,"parent":0,"menu_order":0,"comment_status":"closed","ping_status":"closed","template":"","meta":{"footnotes":""},"class_list":["post-2544","page","type-page","status-publish","hentry"],"publishpress_future_action":{"enabled":false,"date":"2026-05-04 16:13:52","action":"change-status","newStatus":"draft","terms":[],"taxonomy":""},"_links":{"self":[{"href":"https:\/\/www.tamaulipas.gob.mx\/anticorrupcion\/wp-json\/wp\/v2\/pages\/2544"}],"collection":[{"href":"https:\/\/www.tamaulipas.gob.mx\/anticorrupcion\/wp-json\/wp\/v2\/pages"}],"about":[{"href":"https:\/\/www.tamaulipas.gob.mx\/anticorrupcion\/wp-json\/wp\/v2\/types\/page"}],"author":[{"embeddable":true,"href":"https:\/\/www.tamaulipas.gob.mx\/anticorrupcion\/wp-json\/wp\/v2\/users\/462"}],"replies":[{"embeddable":true,"href":"https:\/\/www.tamaulipas.gob.mx\/anticorrupcion\/wp-json\/wp\/v2\/comments?post=2544"}],"version-history":[{"count":5,"href":"https:\/\/www.tamaulipas.gob.mx\/anticorrupcion\/wp-json\/wp\/v2\/pages\/2544\/revisions"}],"predecessor-version":[{"id":2956,"href":"https:\/\/www.tamaulipas.gob.mx\/anticorrupcion\/wp-json\/wp\/v2\/pages\/2544\/revisions\/2956"}],"wp:attachment":[{"href":"https:\/\/www.tamaulipas.gob.mx\/anticorrupcion\/wp-json\/wp\/v2\/media?parent=2544"}],"curies":[{"name":"wp","href":"https:\/\/api.w.org\/{rel}","templated":true}]}}