{"id":2518,"date":"2025-12-22T17:43:33","date_gmt":"2025-12-22T23:43:33","guid":{"rendered":"https:\/\/www.tamaulipas.gob.mx\/anticorrupcion\/?page_id=2518"},"modified":"2025-12-23T16:30:57","modified_gmt":"2025-12-23T22:30:57","slug":"estructuras-organicas","status":"publish","type":"page","link":"https:\/\/www.tamaulipas.gob.mx\/anticorrupcion\/estructuras-organicas\/","title":{"rendered":"Estructuras Org\u00e1nicas"},"content":{"rendered":"<p style=\"text-align: justify;\">La Secretar\u00eda Anticorrupci\u00f3n y Buen Gobierno del Estado de Tamaulipas impulsa la dictaminaci\u00f3n de estructuras org\u00e1nicas de las Dependencias y Entidades de la Administraci\u00f3n P\u00fablica Estatal, con la finalidad de garantizar que las estructuras organizacionales de cada ente definan la distribuci\u00f3n de responsabilidades, autoridad y flujos de trabajo para alcanzar sus objetivos de manera eficaz y eficiente.<\/p>\n<p><strong> <img loading=\"lazy\" decoding=\"async\" class=\"wp-image-1528 aligncenter\" src=\"https:\/\/www.tamaulipas.gob.mx\/anticorrupcion\/wp-content\/uploads\/sites\/15\/2025\/12\/imagen-1.png\" alt=\"\" width=\"935\" height=\"366\" \/><\/strong><\/p>\n<p><strong>Fundamento Legal<\/strong><\/p>\n<ul>\n<li>Art\u00edculos 11, fracci\u00f3n 1 y art\u00edculo 41, fracci\u00f3n XX de la Ley Org\u00e1nica de la Administraci\u00f3n P\u00fablica del Estado de Tamaulipas.<\/li>\n<li><a href=\"https:\/\/www.tamaulipas.gob.mx\/contraloria\/wp-content\/uploads\/sites\/15\/2024\/11\/acuerdo-comite-de-estructuras-integrado-28.10.24.pdf\">Acuerdo mediante el cual se emiten las Disposiciones Generales para la Integraci\u00f3n y Funcionamiento del Comit\u00e9 de An\u00e1lisis y Dictaminaci\u00f3n de las Estructuras Org\u00e1nicas de las Dependencias y Entidades del Gobierno del Estado de Tamaulipas, publicado en el Peri\u00f3dico Oficial del Estado de fecha 26 de septiembre de 2024.<\/a><\/li>\n<\/ul>\n<p><strong>Proceso<\/strong><\/p>\n<p><strong> <img loading=\"lazy\" decoding=\"async\" class=\"wp-image-1528 aligncenter\" src=\"https:\/\/www.tamaulipas.gob.mx\/anticorrupcion\/wp-content\/uploads\/sites\/15\/2025\/12\/eo.png\" alt=\"\" width=\"935\" height=\"732\" \/><\/strong><\/p>\n<p><strong>Capacitaci\u00f3n<\/strong><\/p>\n<p style=\"text-align: justify;\">Nuestras capacitaciones se focalizan en los enlaces de estructuras org\u00e1nicas designados por las dependencias y entidades de la Administraci\u00f3n P\u00fablica Estatal.<\/p>\n<p style=\"text-align: justify;\">La capacitaci\u00f3n se imparte de forma presencial o, en su caso, a trav\u00e9s de medios virtuales, conforme lo requieran las Dependencias y Entidades.<\/p>\n<h4><\/h4>\n<h4>Datos de contacto<\/h4>\n<p><strong>Nombre: <\/strong>Mtra. Norma Selena Cant\u00fa Rodr\u00edguez<br \/>\n<strong>Puesto:<\/strong> Directora de Desarrollo Administrativo<br \/>\n<strong>Correo electr\u00f3nico:<\/strong> norma.cantu@tamaulipas.gob.mx<br \/>\n<strong>Tel\u00e9fono:<\/strong> 8341078431<br \/>\n<strong>Ext. <\/strong>43201<\/p>\n<p><strong>Nombre:<\/strong> Lic. Estefan\u00eda Gal\u00e1n Tovar<br \/>\n<strong>Puesto: <\/strong>Jefa de Departamento de An\u00e1lisis de Estructuras Org\u00e1nicas y Manuales Administrativos<br \/>\n<strong>Correo electr\u00f3nico: <\/strong>estefania.galan@tamaulipas.gob.mx<br \/>\n<strong>Tel\u00e9fono:<\/strong> 8341078431<br \/>\n<strong>Ext. <\/strong>43209<\/p>\n","protected":false},"excerpt":{"rendered":"<p>La Secretar\u00eda Anticorrupci\u00f3n y Buen Gobierno del Estado de Tamaulipas impulsa la dictaminaci\u00f3n de estructuras org\u00e1nicas de las Dependencias y Entidades de la Administraci\u00f3n P\u00fablica\u2026<\/p>\n","protected":false},"author":462,"featured_media":0,"parent":0,"menu_order":0,"comment_status":"closed","ping_status":"closed","template":"","meta":{"footnotes":""},"class_list":["post-2518","page","type-page","status-publish","hentry"],"publishpress_future_action":{"enabled":false,"date":"2026-05-04 17:44:31","action":"change-status","newStatus":"draft","terms":[],"taxonomy":""},"_links":{"self":[{"href":"https:\/\/www.tamaulipas.gob.mx\/anticorrupcion\/wp-json\/wp\/v2\/pages\/2518"}],"collection":[{"href":"https:\/\/www.tamaulipas.gob.mx\/anticorrupcion\/wp-json\/wp\/v2\/pages"}],"about":[{"href":"https:\/\/www.tamaulipas.gob.mx\/anticorrupcion\/wp-json\/wp\/v2\/types\/page"}],"author":[{"embeddable":true,"href":"https:\/\/www.tamaulipas.gob.mx\/anticorrupcion\/wp-json\/wp\/v2\/users\/462"}],"replies":[{"embeddable":true,"href":"https:\/\/www.tamaulipas.gob.mx\/anticorrupcion\/wp-json\/wp\/v2\/comments?post=2518"}],"version-history":[{"count":9,"href":"https:\/\/www.tamaulipas.gob.mx\/anticorrupcion\/wp-json\/wp\/v2\/pages\/2518\/revisions"}],"predecessor-version":[{"id":2599,"href":"https:\/\/www.tamaulipas.gob.mx\/anticorrupcion\/wp-json\/wp\/v2\/pages\/2518\/revisions\/2599"}],"wp:attachment":[{"href":"https:\/\/www.tamaulipas.gob.mx\/anticorrupcion\/wp-json\/wp\/v2\/media?parent=2518"}],"curies":[{"name":"wp","href":"https:\/\/api.w.org\/{rel}","templated":true}]}}