{"id":21,"date":"2017-01-30T12:59:10","date_gmt":"2017-01-30T18:59:10","guid":{"rendered":"http:\/\/www.tamaulipas.gob.mx\/contraloria\/?page_id=21"},"modified":"2025-09-10T14:35:31","modified_gmt":"2025-09-10T20:35:31","slug":"mision-y-vision","status":"publish","type":"page","link":"https:\/\/www.tamaulipas.gob.mx\/anticorrupcion\/contraloria-gubernamental\/mision-y-vision\/","title":{"rendered":"Misi\u00f3n y Visi\u00f3n"},"content":{"rendered":"<h1><span style=\"color: #993300;\"><strong>Misi\u00f3n<\/strong> <\/span><\/h1>\n<p>Asegurar la cultura de legalidad y \u00e9tica como ejes rectores en la actuaci\u00f3n de las y los servidores p\u00fablicos de Tamaulipas, a fin de impulsar y fortalecer principios y valores que coadyuven al combate efectivo de la corrupci\u00f3n y la impunidad, fortaleciendo los procesos de control interno, transparencia y rendici\u00f3n de cuentas, garantizando el ejercicio de los recursos p\u00fablicos de manera eficaz, eficiente, con econom\u00eda y honradez, a fin de generar valor p\u00fablico.<\/p>\n<p>&nbsp;<\/p>\n<h1><strong><span style=\"color: #993300;\">Visi\u00f3n<\/span><\/strong><\/h1>\n<p>A 2028, se ha consolidado en la administraci\u00f3n p\u00fablica la cultura de legalidad, transparencia, control interno, fiscalizaci\u00f3n y rendici\u00f3n de cuentas, fortaleciendo la prevenci\u00f3n, detecci\u00f3n y sanci\u00f3n de faltas administrativas, para impulsar la mejora en la gesti\u00f3n p\u00fablica, la \u00e9tica, el combate a la corrupci\u00f3n e impunidad, que genera una percepci\u00f3n de confianza de la sociedad tamaulipeca hacia el gobierno.<\/p>\n<p>&nbsp;<\/p>\n","protected":false},"excerpt":{"rendered":"<p>Misi\u00f3n Asegurar la cultura de legalidad y \u00e9tica como ejes rectores en la actuaci\u00f3n de las y los servidores p\u00fablicos de Tamaulipas, a fin de\u2026<\/p>\n","protected":false},"author":8,"featured_media":0,"parent":17,"menu_order":0,"comment_status":"closed","ping_status":"closed","template":"","meta":{"footnotes":""},"class_list":["post-21","page","type-page","status-publish","hentry"],"publishpress_future_action":{"enabled":false,"date":"2026-05-04 23:35:08","action":"change-status","newStatus":"draft","terms":[],"taxonomy":""},"_links":{"self":[{"href":"https:\/\/www.tamaulipas.gob.mx\/anticorrupcion\/wp-json\/wp\/v2\/pages\/21"}],"collection":[{"href":"https:\/\/www.tamaulipas.gob.mx\/anticorrupcion\/wp-json\/wp\/v2\/pages"}],"about":[{"href":"https:\/\/www.tamaulipas.gob.mx\/anticorrupcion\/wp-json\/wp\/v2\/types\/page"}],"author":[{"embeddable":true,"href":"https:\/\/www.tamaulipas.gob.mx\/anticorrupcion\/wp-json\/wp\/v2\/users\/8"}],"replies":[{"embeddable":true,"href":"https:\/\/www.tamaulipas.gob.mx\/anticorrupcion\/wp-json\/wp\/v2\/comments?post=21"}],"version-history":[{"count":28,"href":"https:\/\/www.tamaulipas.gob.mx\/anticorrupcion\/wp-json\/wp\/v2\/pages\/21\/revisions"}],"predecessor-version":[{"id":2846,"href":"https:\/\/www.tamaulipas.gob.mx\/anticorrupcion\/wp-json\/wp\/v2\/pages\/21\/revisions\/2846"}],"up":[{"embeddable":true,"href":"https:\/\/www.tamaulipas.gob.mx\/anticorrupcion\/wp-json\/wp\/v2\/pages\/17"}],"wp:attachment":[{"href":"https:\/\/www.tamaulipas.gob.mx\/anticorrupcion\/wp-json\/wp\/v2\/media?parent=21"}],"curies":[{"name":"wp","href":"https:\/\/api.w.org\/{rel}","templated":true}]}}