{"id":125,"date":"2017-01-30T14:40:28","date_gmt":"2017-01-30T20:40:28","guid":{"rendered":"http:\/\/www.tamaulipas.gob.mx\/contraloria\/?page_id=125"},"modified":"2025-12-22T15:58:36","modified_gmt":"2025-12-22T21:58:36","slug":"sitios-de-interes","status":"publish","type":"page","link":"https:\/\/www.tamaulipas.gob.mx\/anticorrupcion\/sitios-de-interes\/","title":{"rendered":"Sitios de Inter\u00e9s"},"content":{"rendered":"<div class=\"row\">\n<div class=\"col-md-4\">\n<p><img loading=\"lazy\" decoding=\"async\" class=\"alignleft size-full wp-image-49 img-thumbnail\" src=\"https:\/\/www.tamaulipas.gob.mx\/contraloria\/wp-content\/uploads\/sites\/15\/2023\/04\/myxdnoip_400x400.jpg\" alt=\"AUDITORIA SUPERIOR DE LA FEDERACI\u00d3N\" width=\"500\" height=\"400\" \/><\/p>\n<a href=\"https:\/\/www.asf.gob.mx\/\" class=\"btn btn-primary btn-sm\" target=\"_blank\"> Sitio Web <i class=\"fa fa-external-link\"><\/i> <\/a>\n<\/div>\n<div class=\"col-md-4\">\n<p><img loading=\"lazy\" decoding=\"async\" class=\"alignleft size-full wp-image-47 img-thumbnail\" src=\"https:\/\/www.tamaulipas.gob.mx\/anticorrupcion\/wp-content\/uploads\/sites\/15\/2025\/12\/ase-400x400-1.jpg\" alt=\"AUDITORIA SUPERIOR DEL ESTADO DE TAMAULIPAS \" width=\"500\" height=\"400\" \/><\/p>\n<a href=\"http:\/\/www.asetamaulipas.gob.mx\/\" class=\"btn btn-primary btn-sm\" target=\"_blank\"> Sitio Web <i class=\"fa fa-external-link\"><\/i> <\/a>\n<\/div>\n<div class=\"col-md-4\">\n<p><img loading=\"lazy\" decoding=\"async\" class=\"alignleft size-full wp-image-47 img-thumbnail\" src=\"https:\/\/www.tamaulipas.gob.mx\/anticorrupcion\/wp-content\/uploads\/sites\/15\/2025\/12\/buen-gobierno-400x400-1.jpg\" alt=\"SECRETAR\u00cdA ANTICORRUPCI\u00d3N Y BUEN GOBIERNO DE LA FEDERACI\u00d3N\" width=\"500\" height=\"400\" \/><\/p>\n<a href=\"https:\/\/www.gob.mx\/buengobierno\" class=\"btn btn-primary btn-sm\" target=\"_blank\"> Sitio Web <i class=\"fa fa-external-link\"><\/i> <\/a>\n<\/div>\n<div class=\"col-md-4\">\n<p><img loading=\"lazy\" decoding=\"async\" class=\"alignleft size-full wp-image-47 img-thumbnail\" src=\"https:\/\/www.tamaulipas.gob.mx\/anticorrupcion\/wp-content\/uploads\/sites\/15\/2025\/12\/tpt-federal-400x400-1.jpg\" alt=\"TRANSPARENCIA PARA EL PUEBLO DE LA FEDERACI\u00d3N\" width=\"500\" height=\"400\" \/><\/p>\n<a href=\"https:\/\/transparencia.gob.mx\/home.html\" class=\"btn btn-primary btn-sm\" target=\"_blank\"> Sitio Web <i class=\"fa fa-external-link\"><\/i> <\/a>\n<\/div>\n<div class=\"col-md-4\">\n<p><img loading=\"lazy\" decoding=\"async\" class=\"alignleft size-full wp-image-47 img-thumbnail\" src=\"https:\/\/www.tamaulipas.gob.mx\/anticorrupcion\/wp-content\/uploads\/sites\/15\/2025\/12\/tpt-400x400-1.png\" alt=\"TRANSPARENCIA PARA EL PUEBLO DE TAMAULIPAS\" width=\"500\" height=\"400\" \/><\/p>\n<a href=\"https:\/\/www.tamaulipas.gob.mx\/transparenciaparaelpueblodetamaulipas\/\" class=\"btn btn-primary btn-sm\" target=\"_blank\"> Sitio Web <i class=\"fa fa-external-link\"><\/i> <\/a>\n<\/div>\n<div class=\"col-md-4\">\n<p><img loading=\"lazy\" decoding=\"async\" class=\"alignleft size-full wp-image-48 img-thumbnail\" src=\"https:\/\/www.tamaulipas.gob.mx\/contraloria\/wp-content\/uploads\/sites\/15\/2023\/04\/contralores.png\" alt=\"COMISI\u00d3N PERMANENTE DE CONTRALORES \" width=\"500\" height=\"400\" \/><\/p>\n<a href=\"http:\/\/comisioncontralores.gob.mx\/2021\/\" class=\"btn btn-primary btn-sm\" target=\"_blank\"> Sitio Web <i class=\"fa fa-external-link\"><\/i> <\/a>\n<\/div>\n<div class=\"col-md-4\">\n<p><img loading=\"lazy\" decoding=\"async\" class=\"alignleft size-full wp-image-48 img-thumbnail\" src=\"https:\/\/www.tamaulipas.gob.mx\/contraloria\/wp-content\/uploads\/sites\/15\/2023\/04\/ae7zp0rx_400x400.jpg\" alt=\" DIARIO OFICIAL DE LA FEDERACI\u00d3N \" width=\"500\" height=\"400\" \/><\/p>\n<a href=\"https:\/\/www.dof.gob.mx\/\" class=\"btn btn-primary btn-sm\" target=\"_blank\"> Sitio Web <i class=\"fa fa-external-link\"><\/i> <\/a>\n<\/div>\n<div class=\"col-md-4\">\n<p><img loading=\"lazy\" decoding=\"async\" class=\"alignleft size-full wp-image-49 img-thumbnail\" src=\"https:\/\/www.tamaulipas.gob.mx\/contraloria\/wp-content\/uploads\/sites\/15\/2023\/04\/po.png\" alt=\"PERIODICO OFICIAL DEL ESTADO DE TAMAULIPAS \" width=\"500\" height=\"400\" \/><\/p>\n<a href=\"https:\/\/po.tamaulipas.gob.mx\/\" class=\"btn btn-primary btn-sm\" target=\"_blank\"> Sitio Web <i class=\"fa fa-external-link\"><\/i> <\/a>\n<\/div>\n<\/div>\n","protected":false},"excerpt":{"rendered":"","protected":false},"author":8,"featured_media":0,"parent":0,"menu_order":0,"comment_status":"closed","ping_status":"closed","template":"","meta":{"footnotes":""},"class_list":["post-125","page","type-page","status-publish","hentry"],"publishpress_future_action":{"enabled":false,"date":"2026-05-05 00:07:53","action":"change-status","newStatus":"draft","terms":[],"taxonomy":""},"_links":{"self":[{"href":"https:\/\/www.tamaulipas.gob.mx\/anticorrupcion\/wp-json\/wp\/v2\/pages\/125"}],"collection":[{"href":"https:\/\/www.tamaulipas.gob.mx\/anticorrupcion\/wp-json\/wp\/v2\/pages"}],"about":[{"href":"https:\/\/www.tamaulipas.gob.mx\/anticorrupcion\/wp-json\/wp\/v2\/types\/page"}],"author":[{"embeddable":true,"href":"https:\/\/www.tamaulipas.gob.mx\/anticorrupcion\/wp-json\/wp\/v2\/users\/8"}],"replies":[{"embeddable":true,"href":"https:\/\/www.tamaulipas.gob.mx\/anticorrupcion\/wp-json\/wp\/v2\/comments?post=125"}],"version-history":[{"count":51,"href":"https:\/\/www.tamaulipas.gob.mx\/anticorrupcion\/wp-json\/wp\/v2\/pages\/125\/revisions"}],"predecessor-version":[{"id":2442,"href":"https:\/\/www.tamaulipas.gob.mx\/anticorrupcion\/wp-json\/wp\/v2\/pages\/125\/revisions\/2442"}],"wp:attachment":[{"href":"https:\/\/www.tamaulipas.gob.mx\/anticorrupcion\/wp-json\/wp\/v2\/media?parent=125"}],"curies":[{"name":"wp","href":"https:\/\/api.w.org\/{rel}","templated":true}]}}