{"id":55,"date":"2025-10-07T17:36:05","date_gmt":"2025-10-07T15:36:05","guid":{"rendered":"https:\/\/www.tamaulipas.gob.mx\/aget\/?page_id=55"},"modified":"2025-12-05T21:58:44","modified_gmt":"2025-12-05T20:58:44","slug":"registro-estatal-de-cumplimiento-archivistico","status":"publish","type":"page","link":"https:\/\/www.tamaulipas.gob.mx\/aget\/registro-estatal-de-cumplimiento-archivistico\/","title":{"rendered":"Registro Estatal de Cumplimiento Archiv\u00edstico"},"content":{"rendered":"<p class=\"p2\">Pr\u00f3ximamente, los sujetos obligados de Tamaulipas realizaran su registro en esta misma secci\u00f3n (por el momento estar\u00e1 vac\u00edo).<\/p>\n<p class=\"p2\">El Registro Estatal de Cumplimiento Archiv\u00edstico se pretende que sea una herramienta digital que concentra la informaci\u00f3n que los sujetos obligados en Tamaulipas generan y presentan en materia de gesti\u00f3n documental y organizaci\u00f3n de archivos.<\/p>\n<p class=\"p2\">A trav\u00e9s de esta plataforma, la ciudadan\u00eda puede consultar de manera abierta y transparente los documentos que acreditan el cumplimiento de las disposiciones<\/p>\n<p class=\"p2\">establecidas por la Ley General de Archivos y la Ley de Archivos del Estado de Tamaulipas.<\/p>\n<p class=\"p2\">El objetivo es fortalecer la rendici\u00f3n de cuentas, la memoria institucional y la cultura archiv\u00edstica, facilitando el acceso p\u00fablico a la informaci\u00f3n sobre la correcta administraci\u00f3n de los archivos en cada Sujeto Obligado.<\/p>\n","protected":false},"excerpt":{"rendered":"<p>Pr\u00f3ximamente, los sujetos obligados de Tamaulipas realizaran su registro en esta misma secci\u00f3n (por el momento estar\u00e1 vac\u00edo). El Registro Estatal de Cumplimiento Archiv\u00edstico se\u2026<\/p>\n","protected":false},"author":1,"featured_media":0,"parent":0,"menu_order":0,"comment_status":"closed","ping_status":"closed","template":"","meta":{"footnotes":""},"class_list":["post-55","page","type-page","status-publish","hentry"],"publishpress_future_action":{"enabled":false,"date":"2026-04-11 02:49:23","action":"change-status","newStatus":"draft","terms":[],"taxonomy":""},"_links":{"self":[{"href":"https:\/\/www.tamaulipas.gob.mx\/aget\/wp-json\/wp\/v2\/pages\/55"}],"collection":[{"href":"https:\/\/www.tamaulipas.gob.mx\/aget\/wp-json\/wp\/v2\/pages"}],"about":[{"href":"https:\/\/www.tamaulipas.gob.mx\/aget\/wp-json\/wp\/v2\/types\/page"}],"author":[{"embeddable":true,"href":"https:\/\/www.tamaulipas.gob.mx\/aget\/wp-json\/wp\/v2\/users\/1"}],"replies":[{"embeddable":true,"href":"https:\/\/www.tamaulipas.gob.mx\/aget\/wp-json\/wp\/v2\/comments?post=55"}],"version-history":[{"count":3,"href":"https:\/\/www.tamaulipas.gob.mx\/aget\/wp-json\/wp\/v2\/pages\/55\/revisions"}],"predecessor-version":[{"id":164,"href":"https:\/\/www.tamaulipas.gob.mx\/aget\/wp-json\/wp\/v2\/pages\/55\/revisions\/164"}],"wp:attachment":[{"href":"https:\/\/www.tamaulipas.gob.mx\/aget\/wp-json\/wp\/v2\/media?parent=55"}],"curies":[{"name":"wp","href":"https:\/\/api.w.org\/{rel}","templated":true}]}}