{"id":51,"date":"2025-10-07T17:35:15","date_gmt":"2025-10-07T15:35:15","guid":{"rendered":"https:\/\/www.tamaulipas.gob.mx\/aget\/?page_id=51"},"modified":"2025-12-05T21:40:32","modified_gmt":"2025-12-05T20:40:32","slug":"visitas-guiadas-actividades-educativas","status":"publish","type":"page","link":"https:\/\/www.tamaulipas.gob.mx\/aget\/visitas-guiadas-actividades-educativas\/","title":{"rendered":"Visitas guiadas \/ actividades educativas"},"content":{"rendered":"<p class=\"p2\">El Archivo General del Estado de Tamaulipas invita a la ciudadan\u00eda a descubrir y valorar el patrimonio documental del estado mediante visitas guiadas y actividades educativas. Estas experiencias est\u00e1n dirigidas a estudiantes, investigadores y p\u00fablico en general, con el prop\u00f3sito de fortalecer el v\u00ednculo entre la sociedad y su historia.<\/p>\n<p class=\"p2\">A trav\u00e9s de estas actividades, se busca promover la importancia de los archivos como espacios de memoria, identidad y conocimiento, fomentando una cultura archiv\u00edstica basada en la transparencia y la preservaci\u00f3n de la memoria colectiva.<\/p>\n<p>&nbsp;<\/p>\n<p class=\"p2\"><b>Visitas guiadas <\/b><\/p>\n<ul>\n<li class=\"p2\">Recorridos por las instalaciones del Archivo General del Estado de Tamaulipas (AGET).<\/li>\n<li class=\"p2\">Explicaci\u00f3n del trabajo archiv\u00edstico: conservaci\u00f3n, organizaci\u00f3n y acceso a documentos.<\/li>\n<li class=\"p2\">Exhibici\u00f3n de documentos hist\u00f3ricos de relevancia para Tamaulipas.<\/li>\n<\/ul>\n<p>&nbsp;<\/p>\n<p class=\"p2\"><b>Actividades educativas <\/b><\/p>\n<ul>\n<li class=\"p2\">Pl\u00e1ticas sobre gesti\u00f3n documental y administraci\u00f3n de archivos, cultura archiv\u00edstica.<\/li>\n<li class=\"p2\">Charlas y conferencias para estudiantes y p\u00fablico interesado.<\/li>\n<\/ul>\n<p>&nbsp;<\/p>\n<p class=\"p2\"><b>\u00bfA qui\u00e9nes est\u00e1n dirigidas? <\/b><\/p>\n<ul>\n<li class=\"p2\">Sujetos Obligados de la Ley de Archivos para el Estado de Tamaulipas.<\/li>\n<li class=\"p2\">Escuelas de nivel b\u00e1sico, medio y superior.<\/li>\n<li class=\"p2\">Universidades y centros de investigaci\u00f3n.<\/li>\n<li class=\"p2\">Organizaciones sociales y culturales.<\/li>\n<li class=\"p2\">P\u00fablico en general interesado en conocer el patrimonio documental.<\/li>\n<\/ul>\n<p>&nbsp;<\/p>\n<p class=\"p2\"><b>Medios para participar <\/b><\/p>\n<p class=\"p2\">Las visitas y actividades son gratuitas y se realizan previa solicitud mediante oficio o correo electr\u00f3nico dirigido a la Direcci\u00f3n General del AGET.<\/p>\n<p>&nbsp;<\/p>\n<p class=\"p2\"><b>Contacto <\/b><\/p>\n<p class=\"p2\">Horario de atenci\u00f3n: lunes a viernes, de 9:00 a 15:00 horas.<\/p>\n<p class=\"p2\">Tel\u00e9fono: (834)-318-50-80.<\/p>\n<p class=\"p2\">Ext. 44900.<\/p>\n<p class=\"p2\">Correo electr\u00f3nico institucional: <a href=\"mailto:aget@tamaulipas.gob.mx\"><span class=\"s1\">aget@tamaulipas.gob.mx <\/span><\/a><\/p>\n","protected":false},"excerpt":{"rendered":"<p>El Archivo General del Estado de Tamaulipas invita a la ciudadan\u00eda a descubrir y valorar el patrimonio documental del estado mediante visitas guiadas y actividades\u2026<\/p>\n","protected":false},"author":1,"featured_media":0,"parent":0,"menu_order":0,"comment_status":"closed","ping_status":"closed","template":"","meta":{"footnotes":""},"class_list":["post-51","page","type-page","status-publish","hentry"],"publishpress_future_action":{"enabled":false,"date":"2026-04-11 02:58:33","action":"change-status","newStatus":"draft","terms":[],"taxonomy":""},"_links":{"self":[{"href":"https:\/\/www.tamaulipas.gob.mx\/aget\/wp-json\/wp\/v2\/pages\/51"}],"collection":[{"href":"https:\/\/www.tamaulipas.gob.mx\/aget\/wp-json\/wp\/v2\/pages"}],"about":[{"href":"https:\/\/www.tamaulipas.gob.mx\/aget\/wp-json\/wp\/v2\/types\/page"}],"author":[{"embeddable":true,"href":"https:\/\/www.tamaulipas.gob.mx\/aget\/wp-json\/wp\/v2\/users\/1"}],"replies":[{"embeddable":true,"href":"https:\/\/www.tamaulipas.gob.mx\/aget\/wp-json\/wp\/v2\/comments?post=51"}],"version-history":[{"count":4,"href":"https:\/\/www.tamaulipas.gob.mx\/aget\/wp-json\/wp\/v2\/pages\/51\/revisions"}],"predecessor-version":[{"id":162,"href":"https:\/\/www.tamaulipas.gob.mx\/aget\/wp-json\/wp\/v2\/pages\/51\/revisions\/162"}],"wp:attachment":[{"href":"https:\/\/www.tamaulipas.gob.mx\/aget\/wp-json\/wp\/v2\/media?parent=51"}],"curies":[{"name":"wp","href":"https:\/\/api.w.org\/{rel}","templated":true}]}}