{"id":49,"date":"2025-10-07T17:35:01","date_gmt":"2025-10-07T15:35:01","guid":{"rendered":"https:\/\/www.tamaulipas.gob.mx\/aget\/?page_id=49"},"modified":"2025-12-05T21:37:02","modified_gmt":"2025-12-05T20:37:02","slug":"asesoria-en-gestion-documental","status":"publish","type":"page","link":"https:\/\/www.tamaulipas.gob.mx\/aget\/asesoria-en-gestion-documental\/","title":{"rendered":"Asesor\u00eda en Gesti\u00f3n Documental"},"content":{"rendered":"<p class=\"p2\"><b>Capacitaci\u00f3n <\/b><\/p>\n<p class=\"p3\">El Archivo General del Estado de Tamaulipas (AGET) ofrece <span class=\"s1\">capacitaci\u00f3n, asesor\u00edas y talleres especializados en materia <\/span>de gesti\u00f3n documental y administraci\u00f3n de archivos dirigidas a los sujetos obligados, conforme a la <i>Ley de Archivos para el Estado de Tamaulipas<\/i>.<\/p>\n<p class=\"p3\">Tienen como objetivo fortalecer la organizaci\u00f3n, conservaci\u00f3n y disposici\u00f3n final de los archivos institucionales, garantizando que cada dependencia p\u00fablica cuente con procesos homog\u00e9neos y normados.<\/p>\n<p class=\"p3\">Con ello, el AGET contribuye al fortalecimiento de la transparencia, la rendici\u00f3n de cuentas y la preservaci\u00f3n de la memoria documental del Estado.<\/p>\n<p>&nbsp;<\/p>\n<p class=\"p3\"><b>\u00bfA qui\u00e9nes est\u00e1 dirigida? <\/b><\/p>\n<ul>\n<li class=\"p3\">Dependencias y entidades del Poder Ejecutivo.<\/li>\n<li class=\"p3\">Poderes Legislativo y Judicial.<\/li>\n<li class=\"p3\">\u00d3rganos aut\u00f3nomos.<\/li>\n<li class=\"p3\">Municipios.<\/li>\n<li class=\"p3\">Partidos pol\u00edticos, fideicomisos y fondos p\u00fablicos.<\/li>\n<li class=\"p3\">Personas f\u00edsicas o morales que reciban y ejerzan recursos p\u00fablicos o realicen actos de autoridad.<\/li>\n<\/ul>\n<p>&nbsp;<\/p>\n<p class=\"p2\"><b>\u00bfQu\u00e9 tipos de capacitaciones y\/o asesor\u00edas se brindan? <\/b><\/p>\n<ul>\n<li class=\"p2\">Orientaci\u00f3n en la integraci\u00f3n de expedientes.<\/li>\n<li class=\"p2\">Apoyo en la elaboraci\u00f3n e implementaci\u00f3n de instrumentos de control y consulta archiv\u00edsticos (cuadro de clasificaci\u00f3n, cat\u00e1logo de disposici\u00f3n documental, inventarios).<\/li>\n<li class=\"p2\">Capacitaci\u00f3n b\u00e1sica en procesos de gesti\u00f3n documental y administraci\u00f3n de archivos (tramite, concentraci\u00f3n e hist\u00f3rico).<\/li>\n<li class=\"p2\">Acompa\u00f1amiento en la adecuaci\u00f3n a la normativa vigente en materia de organizaci\u00f3n y conservaci\u00f3n de archivos.<\/li>\n<\/ul>\n<p>&nbsp;<\/p>\n<p class=\"p2\"><b>Beneficios <\/b><\/p>\n<p class=\"p2\">\u25cf Cumplimiento normativo con la Ley General de Archivos y la Ley de Archivos para el Estado de Tamaulipas.<\/p>\n<p class=\"p2\">\u25cf Homologaci\u00f3n de pr\u00e1cticas archiv\u00edsticas en todo el estado.<\/p>\n<p class=\"p2\">\u25cf Fortalecimiento institucional mediante una gesti\u00f3n documental eficiente.<\/p>\n<p class=\"p2\">\u25cf Contribuci\u00f3n a la transparencia y protecci\u00f3n del patrimonio documental.<\/p>\n<p>&nbsp;<\/p>\n<p class=\"p2\"><b>Contacto <\/b><\/p>\n<p class=\"p2\">Para solicitar asesor\u00eda en gesti\u00f3n documental, las instituciones interesadas pueden comunicarse con la Direcci\u00f3n General del Archivo General del Estado de Tamaulipas.<\/p>\n<p class=\"p2\">Horario de atenci\u00f3n: lunes a viernes, de 9:00 a 15:00 horas.<\/p>\n<p class=\"p2\">Tel\u00e9fono: (834)-318-50-80.<\/p>\n<p class=\"p2\">Ext. 44900.<\/p>\n<p class=\"p2\">Correo electr\u00f3nico institucional: <a href=\"mailto:aget@tamaulipas.gob.mx\"><span class=\"s1\">aget@tamaulipas.gob.mx <\/span><\/a><\/p>\n<p class=\"p1\">\n","protected":false},"excerpt":{"rendered":"<p>Capacitaci\u00f3n El Archivo General del Estado de Tamaulipas (AGET) ofrece capacitaci\u00f3n, asesor\u00edas y talleres especializados en materia de gesti\u00f3n documental y administraci\u00f3n de archivos dirigidas\u2026<\/p>\n","protected":false},"author":1,"featured_media":0,"parent":0,"menu_order":0,"comment_status":"closed","ping_status":"closed","template":"","meta":{"footnotes":""},"class_list":["post-49","page","type-page","status-publish","hentry"],"publishpress_future_action":{"enabled":false,"date":"2026-04-11 02:36:24","action":"change-status","newStatus":"draft","terms":[],"taxonomy":""},"_links":{"self":[{"href":"https:\/\/www.tamaulipas.gob.mx\/aget\/wp-json\/wp\/v2\/pages\/49"}],"collection":[{"href":"https:\/\/www.tamaulipas.gob.mx\/aget\/wp-json\/wp\/v2\/pages"}],"about":[{"href":"https:\/\/www.tamaulipas.gob.mx\/aget\/wp-json\/wp\/v2\/types\/page"}],"author":[{"embeddable":true,"href":"https:\/\/www.tamaulipas.gob.mx\/aget\/wp-json\/wp\/v2\/users\/1"}],"replies":[{"embeddable":true,"href":"https:\/\/www.tamaulipas.gob.mx\/aget\/wp-json\/wp\/v2\/comments?post=49"}],"version-history":[{"count":4,"href":"https:\/\/www.tamaulipas.gob.mx\/aget\/wp-json\/wp\/v2\/pages\/49\/revisions"}],"predecessor-version":[{"id":160,"href":"https:\/\/www.tamaulipas.gob.mx\/aget\/wp-json\/wp\/v2\/pages\/49\/revisions\/160"}],"wp:attachment":[{"href":"https:\/\/www.tamaulipas.gob.mx\/aget\/wp-json\/wp\/v2\/media?parent=49"}],"curies":[{"name":"wp","href":"https:\/\/api.w.org\/{rel}","templated":true}]}}