{"id":47,"date":"2025-10-07T17:34:43","date_gmt":"2025-10-07T15:34:43","guid":{"rendered":"https:\/\/www.tamaulipas.gob.mx\/aget\/?page_id=47"},"modified":"2025-12-05T21:31:49","modified_gmt":"2025-12-05T20:31:49","slug":"consulta-de-archivos","status":"publish","type":"page","link":"https:\/\/www.tamaulipas.gob.mx\/aget\/consulta-de-archivos\/","title":{"rendered":"Consulta documental"},"content":{"rendered":"<p class=\"p2\">El Archivo General del Estado de Tamaulipas (AGET) pone a disposici\u00f3n de la ciudadan\u00eda sus colecciones y fondos documentales para la consulta<b>, <\/b>investigaci\u00f3n y difusi\u00f3n de la memoria hist\u00f3rica y administrativa de la entidad.<\/p>\n<p class=\"p2\">Estos servicios tienen como prop\u00f3sito facilitar el acceso a la informaci\u00f3n, promover el conocimiento del patrimonio documental y fortalecer la transparencia institucional.<\/p>\n<p class=\"p2\"><b>Servicios Disponibles <\/b><\/p>\n<p class=\"p2\"><b>\u2022 Consulta en sala <\/b>Acceso directo a los documentos resguardados en el AGET, con el acompa\u00f1amiento y supervisi\u00f3n de personal especializado.<\/p>\n<p class=\"p2\"><b>\u2022 Reproducci\u00f3n documental <\/b>Posibilidad de solicitar copias simples o digitales de los documentos, conforme a la normatividad vigente y las condiciones de conservaci\u00f3n del material.<\/p>\n<p class=\"p2\"><b>\u2022 Asesor\u00eda a investigadores y ciudadanos <\/b>Orientaci\u00f3n personalizada para la localizaci\u00f3n de informaci\u00f3n en los acervos y el uso adecuado de los inventarios disponibles.<\/p>\n<p class=\"p2\"><b>\u2022 Atenci\u00f3n a solicitudes de informaci\u00f3n <\/b>Gesti\u00f3n de solicitudes a trav\u00e9s de la Unidad de Transparencia, en cumplimiento con la Ley de Transparencia y Acceso a la Informaci\u00f3n P\u00fablica del Estado de Tamaulipas.<\/p>\n<p class=\"p2\"><b>Normas del \u00e1rea de consulta: <\/b><\/p>\n<p class=\"p2\">\u25cf Respetar los horarios y normas del \u00e1rea de consulta.<\/p>\n<p class=\"p2\">\u25cf No introducir alimentos, bebidas o sustancias que da\u00f1en los documentos.<\/p>\n<p class=\"p2\">\u25cf No realizar anotaciones sobre los documentos.<\/p>\n<p class=\"p2\">\u25cf Utilizar \u00fanicamente l\u00e1piz o dispositivos autorizados para tomar notas.<\/p>\n<p class=\"p2\">\u25cf Citar adecuadamente las fuentes documentales consultadas.<\/p>\n<p class=\"p2\">\u25cf Solicitar autorizaci\u00f3n previa para reproducir material.<\/p>\n<p class=\"p1\"><b>Horarios de atenci\u00f3n:<\/b><\/p>\n<p class=\"p1\">De lunes a viernes, de 9:00 a 15:00 horas, en las instalaciones del Archivo General del Estado de Tamaulipas.<\/p>\n<p class=\"p1\"><b>Contacto<\/b><\/p>\n<p class=\"p1\">Tel\u00e9fono: (834)-318-50-80.<\/p>\n<p class=\"p1\">Ext. 44904.<\/p>\n<p class=\"p1\">Correo electr\u00f3nico institucional: <a href=\"mailto:aget@tamaulipas.gob.mx\"><span class=\"s2\">aget@tamaulipas.gob.mx<\/span><\/a><\/p>\n","protected":false},"excerpt":{"rendered":"<p>El Archivo General del Estado de Tamaulipas (AGET) pone a disposici\u00f3n de la ciudadan\u00eda sus colecciones y fondos documentales para la consulta, investigaci\u00f3n y difusi\u00f3n\u2026<\/p>\n","protected":false},"author":1,"featured_media":0,"parent":0,"menu_order":0,"comment_status":"closed","ping_status":"closed","template":"","meta":{"footnotes":""},"class_list":["post-47","page","type-page","status-publish","hentry"],"publishpress_future_action":{"enabled":false,"date":"2026-04-11 01:02:01","action":"change-status","newStatus":"draft","terms":[],"taxonomy":""},"_links":{"self":[{"href":"https:\/\/www.tamaulipas.gob.mx\/aget\/wp-json\/wp\/v2\/pages\/47"}],"collection":[{"href":"https:\/\/www.tamaulipas.gob.mx\/aget\/wp-json\/wp\/v2\/pages"}],"about":[{"href":"https:\/\/www.tamaulipas.gob.mx\/aget\/wp-json\/wp\/v2\/types\/page"}],"author":[{"embeddable":true,"href":"https:\/\/www.tamaulipas.gob.mx\/aget\/wp-json\/wp\/v2\/users\/1"}],"replies":[{"embeddable":true,"href":"https:\/\/www.tamaulipas.gob.mx\/aget\/wp-json\/wp\/v2\/comments?post=47"}],"version-history":[{"count":3,"href":"https:\/\/www.tamaulipas.gob.mx\/aget\/wp-json\/wp\/v2\/pages\/47\/revisions"}],"predecessor-version":[{"id":158,"href":"https:\/\/www.tamaulipas.gob.mx\/aget\/wp-json\/wp\/v2\/pages\/47\/revisions\/158"}],"wp:attachment":[{"href":"https:\/\/www.tamaulipas.gob.mx\/aget\/wp-json\/wp\/v2\/media?parent=47"}],"curies":[{"name":"wp","href":"https:\/\/api.w.org\/{rel}","templated":true}]}}