{"id":20,"date":"2025-09-24T23:06:35","date_gmt":"2025-09-24T21:06:35","guid":{"rendered":"https:\/\/www.tamaulipas.gob.mx\/aget\/?page_id=20"},"modified":"2026-03-03T22:36:37","modified_gmt":"2026-03-03T21:36:37","slug":"estructura-organica","status":"publish","type":"page","link":"https:\/\/www.tamaulipas.gob.mx\/aget\/estructura-organica\/","title":{"rendered":"Estructura org\u00e1nica"},"content":{"rendered":"<p class=\"p1\"><b>Estructura org\u00e1nica<\/b><\/p>\n<p class=\"p1\">La estructura org\u00e1nica del Archivo General del Estado de Tamaulipas (AGET) se encuentra<span class=\"Apple-converted-space\">\u00a0 <\/span>definida y publicada en versi\u00f3n vespertina extraordinaria No. 12 del Peri\u00f3dico Oficial del Estado en fecha 14 de febrero de 2025.<\/p>\n<p class=\"p2\"><span class=\"s1\"><a href=\"https:\/\/po.tamaulipas.gob.mx\/wp-content\/uploads\/2025\/02\/cl-Ext-No.12-140225-EV.pdf\">AGET Estructura org\u00e1nica<\/a><\/span><\/p>\n<p class=\"p4\"><b>Organigrama<\/b><\/p>\n<ul class=\"ul1\">\n<li class=\"li4\">Direcci\u00f3n General<\/li>\n<li class=\"li4\">Departamento Jur\u00eddico y de Transparencia<\/li>\n<li class=\"li4\">Direcci\u00f3n Administrativa<\/li>\n<\/ul>\n<p class=\"p4\"><b>Consulta del Estatuto Org\u00e1nico<\/b><\/p>\n<p class=\"p4\">Asimismo, la estructura org\u00e1nica del AGET est\u00e1 descrita en el Estatuto Org\u00e1nico del Archivo General del Estado de Tamaulipas, aprobado por su \u00d3rgano de Gobierno y publicado en el Peri\u00f3dico Oficial del Estado el 20 de junio de 2025.<\/p>\n<p class=\"p4\"><a href=\"https:\/\/share.google\/3vzoFPYsoxRAktSMR\" target=\"_blank\" rel=\"noopener\"><b>Estatuto Org\u00e1nico<\/b><\/a><\/p>\n","protected":false},"excerpt":{"rendered":"<p>Estructura org\u00e1nica La estructura org\u00e1nica del Archivo General del Estado de Tamaulipas (AGET) se encuentra\u00a0 definida y publicada en versi\u00f3n vespertina extraordinaria No. 12 del\u2026<\/p>\n","protected":false},"author":1,"featured_media":0,"parent":0,"menu_order":0,"comment_status":"closed","ping_status":"closed","template":"","meta":{"footnotes":""},"class_list":["post-20","page","type-page","status-publish","hentry"],"publishpress_future_action":{"enabled":false,"date":"2026-04-11 02:49:23","action":"change-status","newStatus":"draft","terms":[],"taxonomy":""},"_links":{"self":[{"href":"https:\/\/www.tamaulipas.gob.mx\/aget\/wp-json\/wp\/v2\/pages\/20"}],"collection":[{"href":"https:\/\/www.tamaulipas.gob.mx\/aget\/wp-json\/wp\/v2\/pages"}],"about":[{"href":"https:\/\/www.tamaulipas.gob.mx\/aget\/wp-json\/wp\/v2\/types\/page"}],"author":[{"embeddable":true,"href":"https:\/\/www.tamaulipas.gob.mx\/aget\/wp-json\/wp\/v2\/users\/1"}],"replies":[{"embeddable":true,"href":"https:\/\/www.tamaulipas.gob.mx\/aget\/wp-json\/wp\/v2\/comments?post=20"}],"version-history":[{"count":5,"href":"https:\/\/www.tamaulipas.gob.mx\/aget\/wp-json\/wp\/v2\/pages\/20\/revisions"}],"predecessor-version":[{"id":232,"href":"https:\/\/www.tamaulipas.gob.mx\/aget\/wp-json\/wp\/v2\/pages\/20\/revisions\/232"}],"wp:attachment":[{"href":"https:\/\/www.tamaulipas.gob.mx\/aget\/wp-json\/wp\/v2\/media?parent=20"}],"curies":[{"name":"wp","href":"https:\/\/api.w.org\/{rel}","templated":true}]}}