{"id":152,"date":"2025-12-05T19:42:12","date_gmt":"2025-12-05T18:42:12","guid":{"rendered":"https:\/\/www.tamaulipas.gob.mx\/aget\/?page_id=152"},"modified":"2026-03-03T22:54:47","modified_gmt":"2026-03-03T21:54:47","slug":"armonizacion-contable","status":"publish","type":"page","link":"https:\/\/www.tamaulipas.gob.mx\/aget\/transparencia\/armonizacion-contable\/","title":{"rendered":"Armonizaci\u00f3n Contable"},"content":{"rendered":"<p>En cumplimiento de lo dispuesto por la Ley General de Contabilidad Gubernamental y dem\u00e1s normativa aplicable, el Archivo General del Estado de Tamaulipas publica la informaci\u00f3n financiera correspondiente al ejercicio fiscal 2025, con el prop\u00f3sito de garantizar la transparencia, la rendici\u00f3n de cuentas y la armonizaci\u00f3n contable en el manejo de los recursos p\u00fablicos.<\/p>\n<p>La informaci\u00f3n se presenta conforme a los lineamientos emitidos por el Consejo Nacional de Armonizaci\u00f3n Contable (CONAC) e incluye los estados financieros, presupuestarios, program\u00e1ticos y anexos correspondientes.<\/p>\n<p>&nbsp;<\/p>\n<h2><strong>EJERCICIO FISCAL 2025<\/strong><\/h2>\n<ol>\n<li>\n<h3><strong>Cuenta p\u00fablica<\/strong><\/h3>\n<\/li>\n<\/ol>\n<p><strong> <a href=\"http:\/\/www.tamaulipas.gob.mx\/aget\/wp-content\/uploads\/sites\/125\/2026\/03\/cuenta-publica-2025.pdf\">Cuenta P\u00fablica 2025<\/a><\/strong><\/p>\n<p>&nbsp;<\/p>\n<ol start=\"2\">\n<li>\n<h3><strong>Informaci\u00f3n Financiera<\/strong><\/h3>\n<\/li>\n<\/ol>\n<ul>\n<li>\n<h4><strong>Informaci\u00f3n Contable<\/strong><\/h4>\n<\/li>\n<\/ul>\n<p><strong>Estado de Actividades<\/strong><\/p>\n<p><strong>\u00a0<\/strong><\/p>\n<p><strong>Estado de Situaci\u00f3n Financiera<\/strong><\/p>\n<p><strong>\u00a0<\/strong><\/p>\n<p><strong>Estado de Variaci\u00f3n en la Hacienda P\u00fablica<\/strong><\/p>\n<p><strong>\u00a0<\/strong><\/p>\n<p><strong>Estado de Cambios en la Situaci\u00f3n Financiera<\/strong><\/p>\n<p><strong>\u00a0<\/strong><\/p>\n<p><strong>Estado de Flujos de Efectivo<\/strong><\/p>\n<p><strong>\u00a0<\/strong><\/p>\n<p><strong>Estado Anal\u00edtico del Activo<\/strong><\/p>\n<p><strong>\u00a0<\/strong><\/p>\n<p><strong>Estado Anal\u00edtico de la Deuda y Otros Pasivos<\/strong><\/p>\n<p><strong>\u00a0<\/strong><\/p>\n<p><strong>Informe sobre pasivos contingentes\u00a0\u00a0\u00a0\u00a0\u00a0\u00a0\u00a0\u00a0\u00a0\u00a0 <\/strong><\/p>\n<p><strong>\u00a0<\/strong><\/p>\n<p><strong>Notas a los Estados Financieros<\/strong><\/p>\n<p>&nbsp;<\/p>\n<ul>\n<li>\n<h4><strong>Informaci\u00f3n Presupuestaria<\/strong><\/h4>\n<\/li>\n<\/ul>\n<p><strong>Estado Anal\u00edtico de Ingresos<\/strong><\/p>\n<p><strong>\u00a0<\/strong><\/p>\n<p><strong>Estado Anal\u00edtico del Ejercicio del Presupuesto de Egresos \u2013 Clasificaci\u00f3n por objeto del Gasto (cap\u00edtulo y concepto)<\/strong><\/p>\n<p><strong>\u00a0<\/strong><\/p>\n<p><strong>Estado Anal\u00edtico del ejercicio del Presupuesto de Egresos \u2013 Clasificaci\u00f3n Econ\u00f3mica (por tipo de gasto)<\/strong><\/p>\n<p><strong>\u00a0<\/strong><\/p>\n<p><strong>Estado Anal\u00edtico del ejercicio del Presupuesto de Egresos \u2013 Clasificaci\u00f3n Administrativa<\/strong><\/p>\n<p><strong>\u00a0<\/strong><\/p>\n<p><strong>Estado Anal\u00edtico del ejercicio del Presupuesto de Egresos \u2013 Clasificaci\u00f3n Administrativa (por poder)<\/strong><\/p>\n<p><strong>\u00a0<\/strong><\/p>\n<p><strong>Estado Anal\u00edtico del ejercicio del Presupuesto de Egresos \u2013 Clasificaci\u00f3n Administrativa (por entidad)<\/strong><\/p>\n<p><strong>\u00a0<\/strong><\/p>\n<p><strong>Estado Anal\u00edtico del ejercicio del Presupuesto de Egresos \u2013 Clasificaci\u00f3n Funcional (finalidad y funci\u00f3n)<\/strong><\/p>\n<p><strong>\u00a0<\/strong><\/p>\n<p><strong>Estado Anal\u00edtico del Ejercicio del Presupuesto de Egresos \u2013 Por Flujo de Fondos<\/strong><\/p>\n<p><strong>\u00a0<\/strong><\/p>\n<p><strong>Endeudamiento Neto<\/strong><\/p>\n<p><strong>\u00a0<\/strong><\/p>\n<p><strong>Intereses de la Deuda<\/strong><\/p>\n<p><strong>\u00a0<\/strong><\/p>\n<p><strong>Indicadores de Postura Fiscal<\/strong><\/p>\n<p><strong>\u00a0<\/strong><\/p>\n<p><strong>Montos Pagados por ayudas y subsidios<\/strong><\/p>\n<p><a href=\"http:\/\/www.tamaulipas.gob.mx\/aget\/wp-content\/uploads\/sites\/125\/2026\/03\/montos-pagados-por-ayudas-y-subsidios-ejercicio-fiscal-2025.pdf\">Montos pagados por ayudas y subsidios-ejercicio fiscal 2025<\/a><\/p>\n<p><strong>\u00a0<\/strong><\/p>\n<ul>\n<li>\n<h4><strong>Informaci\u00f3n Program\u00e1tica<\/strong><\/h4>\n<\/li>\n<\/ul>\n<p><strong>Gasto por Categor\u00eda Program\u00e1tica<\/strong><\/p>\n<p><strong>\u00a0<\/strong><\/p>\n<p><strong>Programas y Proyectos de Inversi\u00f3n<\/strong><\/p>\n<p><strong>\u00a0<\/strong><\/p>\n<p><strong>Indicadores de Resultados<\/strong><\/p>\n<p><strong>\u00a0<\/strong><\/p>\n<ol start=\"3\">\n<li>\n<h3><strong>Anexos<\/strong><\/h3>\n<\/li>\n<\/ol>\n<p><strong>Estado de Situaci\u00f3n Financiera Detallado \u2013 LDF<\/strong><\/p>\n<p><strong>\u00a0<\/strong><\/p>\n<p><strong>Estado Anal\u00edtico de la Deuda P\u00fablica y Otros Pasivos \u2013 LDF<\/strong><\/p>\n<p><strong>\u00a0<\/strong><\/p>\n<p><strong>Informe Anal\u00edtico de Obligaciones Diferentes de Financiamientos- LDF<\/strong><\/p>\n<p><strong>\u00a0<\/strong><\/p>\n<p><strong>Balance Presupuestario \u2013 LDF<\/strong><\/p>\n<p><strong>\u00a0<\/strong><\/p>\n<p><strong>Estado Anal\u00edtico de Ingresos Detallado \u2013 LDF<\/strong><\/p>\n<p><strong>\u00a0<\/strong><\/p>\n<p><strong>Estado Anal\u00edtico del Ejercicio del Presupuesto de Egresos Detallado \u2013 LDF \u2013 Clasificaci\u00f3n por Objeto del Gasto (Cap\u00edtulo y Concepto)<\/strong><\/p>\n<p><strong>\u00a0<\/strong><\/p>\n<p><strong>Estado Anal\u00edtico del Ejercicio del Presupuesto de Egresos Detallado \u2013 LDF \u2013 Clasificaci\u00f3n Administrativa<\/strong><\/p>\n<p><strong>\u00a0<\/strong><\/p>\n<p><strong>Estado Anal\u00edtico del Ejercicio del Presupuesto de Egresos Detallado \u2013 LDF \u2013 Clasificaci\u00f3n Funcional (Finalidad y Funci\u00f3n)<\/strong><\/p>\n<p><strong>\u00a0<\/strong><\/p>\n<p><strong>Estado Anal\u00edtico del Ejercicio del Presupuesto de Egresos Detallado \u2013 LDF \u2013 Clasificaci\u00f3n de Servicios Personales por Categor\u00eda<\/strong><\/p>\n<p><strong>\u00a0<\/strong><\/p>\n<p><strong>C\u00e9dula Acumulativa por Rubro de Ingresos <\/strong><\/p>\n<p><strong>\u00a0<\/strong><\/p>\n<h3>4.<strong> Inventario de Bienes Muebles e Inmuebles<\/strong><\/h3>\n<p><a href=\"http:\/\/www.tamaulipas.gob.mx\/aget\/wp-content\/uploads\/sites\/125\/2026\/03\/31-dic-2025-muebles.pdf\">31 Dic 2025 muebles<\/a><\/p>\n<p>&nbsp;<\/p>\n","protected":false},"excerpt":{"rendered":"<p>En cumplimiento de lo dispuesto por la Ley General de Contabilidad Gubernamental y dem\u00e1s normativa aplicable, el Archivo General del Estado de Tamaulipas publica la\u2026<\/p>\n","protected":false},"author":1,"featured_media":0,"parent":41,"menu_order":0,"comment_status":"closed","ping_status":"closed","template":"","meta":{"footnotes":""},"class_list":["post-152","page","type-page","status-publish","hentry"],"publishpress_future_action":{"enabled":false,"date":"2026-04-11 02:36:24","action":"change-status","newStatus":"draft","terms":[],"taxonomy":""},"_links":{"self":[{"href":"https:\/\/www.tamaulipas.gob.mx\/aget\/wp-json\/wp\/v2\/pages\/152"}],"collection":[{"href":"https:\/\/www.tamaulipas.gob.mx\/aget\/wp-json\/wp\/v2\/pages"}],"about":[{"href":"https:\/\/www.tamaulipas.gob.mx\/aget\/wp-json\/wp\/v2\/types\/page"}],"author":[{"embeddable":true,"href":"https:\/\/www.tamaulipas.gob.mx\/aget\/wp-json\/wp\/v2\/users\/1"}],"replies":[{"embeddable":true,"href":"https:\/\/www.tamaulipas.gob.mx\/aget\/wp-json\/wp\/v2\/comments?post=152"}],"version-history":[{"count":8,"href":"https:\/\/www.tamaulipas.gob.mx\/aget\/wp-json\/wp\/v2\/pages\/152\/revisions"}],"predecessor-version":[{"id":234,"href":"https:\/\/www.tamaulipas.gob.mx\/aget\/wp-json\/wp\/v2\/pages\/152\/revisions\/234"}],"up":[{"embeddable":true,"href":"https:\/\/www.tamaulipas.gob.mx\/aget\/wp-json\/wp\/v2\/pages\/41"}],"wp:attachment":[{"href":"https:\/\/www.tamaulipas.gob.mx\/aget\/wp-json\/wp\/v2\/media?parent=152"}],"curies":[{"name":"wp","href":"https:\/\/api.w.org\/{rel}","templated":true}]}}