{"id":136,"date":"2025-11-10T21:34:08","date_gmt":"2025-11-10T20:34:08","guid":{"rendered":"https:\/\/www.tamaulipas.gob.mx\/aget\/?page_id=136"},"modified":"2025-12-05T22:34:09","modified_gmt":"2025-12-05T21:34:09","slug":"nuestra-historia-aget","status":"publish","type":"page","link":"https:\/\/www.tamaulipas.gob.mx\/aget\/nuestra-historia-aget\/","title":{"rendered":"Nuestra historia AGET"},"content":{"rendered":"<p><span style=\"font-family: georgia, palatino, serif; font-size: 12pt;\">El Archivo General del Estado de Tamaulipas (AGET) es el depositario de la memoria documental de la entidad, cuya historia se remonta a 1748, cuando Jos\u00e9 de Escand\u00f3n y Helguera, Conde de Sierra Gorda, fund\u00f3 la Villa de Llera y encomend\u00f3 al escribano la custodia de los primeros documentos administrativos del Nuevo Santander. Aquel acto marc\u00f3 el nacimiento del Archivo Provincial del Nuevo Santander, antecedente directo del actual Archivo General del Estado.<\/span><\/p>\n<p><span style=\"font-family: georgia, palatino, serif; font-size: 12pt;\">A lo largo de los siglos, el Archivo ha cambiado de nombre y de sede, pero ha mantenido inalterable su funci\u00f3n esencial: resguardar, preservar y garantizar el acceso a la memoria documental de Tamaulipas. En sus fondos se conservan documentos administrativos, gubernamentales, jur\u00eddicos, contables, civiles e hist\u00f3ricos, as\u00ed como fondos especiales, archivos familiares y donaciones privadas. Durante el periodo del Virreinato, se le conoci\u00f3 como Archivo Provincial, acompa\u00f1ando los cambios de sede de la capital del Nuevo Santander \u2014Santander, San Carlos, Padilla y Aguayo\u2014. Tras la Independencia y la creaci\u00f3n del Estado Libre y Soberano de Tamaulipas en 1824, adopt\u00f3 el nombre de Archivo General de las Tamaulipas, consolid\u00e1ndose como una instituci\u00f3n oficial del nuevo Estado. La historia del Archivo tambi\u00e9n ha estado marcada por episodios tr\u00e1gicos. En 1865, durante la intervenci\u00f3n francesa, gran parte del acervo fue incendiado por \u00f3rdenes del general Charles Dupin, como represalia ante la resistencia de los tamaulipecos. En el siglo XX, el Archivo continu\u00f3 operando bajo distintas dependencias \u2014primero en la Oficial\u00eda Mayor y, posteriormente, en la Direcci\u00f3n de Servicios Generales\u2014. A partir de 1989, con el apoyo del Archivo General de la Naci\u00f3n, se emprendi\u00f3 un proceso de rescate y organizaci\u00f3n documental que culmin\u00f3 en 1993 con la apertura de su primer edificio propio, ya bajo la denominaci\u00f3n de Archivo General del Estado. El gran salto institucional se dio en 2010, con la inauguraci\u00f3n del moderno edificio ubicado en el Parque Bicentenario. A partir de entonces, el Archivo adopt\u00f3 el nombre de Archivo General e Hist\u00f3rico del Estado de Tamaulipas (AGHET), como parte de la Direcci\u00f3n de Patrimonio Estatal. Un hecho trascendental ocurri\u00f3 el 21 de diciembre de 2024, con la promulgaci\u00f3n de la Ley de Archivos para el Estado de Tamaulipas (LAET), impulsada por el Gobernador Am\u00e9rico Villarreal Anaya. Este hecho represent\u00f3 un avance significativo en materia de gesti\u00f3n documental y administraci\u00f3n de archivos de los Sujetos Obligados, fortaleciendo la preservaci\u00f3n y recuperaci\u00f3n de la memoria hist\u00f3rica de la entidad.<\/span><\/p>\n<p class=\"p2\"><span style=\"font-family: georgia, palatino, serif; font-size: 12pt;\">En la actualidad, el AGET resguarda un acervo documental que supera los dos kil\u00f3metros lineales, organizado en m\u00e1s de 18,000 cajas, divididas en Fondos Documentales. Para garantizar su preservaci\u00f3n y facilitar el acceso al p\u00fablico, cuenta con instalaciones adecuadas, inventarios generales actualizados y personal especializado en el manejo del patrimonio documental.<\/span><\/p>\n<p class=\"p2\"><span style=\"font-family: georgia, palatino, serif; font-size: 12pt;\">El AGET, como organismo p\u00fablico descentralizado y referente nacional en materia archiv\u00edstica, desempe\u00f1a un papel fundamental en la gesti\u00f3n documental y la promoci\u00f3n de la transparencia en Tamaulipas. Con la implementaci\u00f3n de la LAET, se ha fortalecido el marco normativo que regula la organizaci\u00f3n, preservaci\u00f3n y administraci\u00f3n homog\u00e9nea de los archivos en el Estado, contribuyendo al combate a la corrupci\u00f3n y al fortalecimiento de la calidad democr\u00e1tica.<\/span><\/p>\n<p class=\"p2\"><span style=\"font-family: georgia, palatino, serif; font-size: 12pt;\">Esta instituci\u00f3n ha evolucionado de manera significativa, no solo en su capacidad para salvaguardar documentos hist\u00f3ricos, sino tambi\u00e9n en su compromiso con la capacitaci\u00f3n de las dependencias, organismos gubernamentales y municipales en temas de Gesti\u00f3n Documental y Administraci\u00f3n de Archivos.<\/span><\/p>\n<p class=\"p2\"><span style=\"font-family: georgia, palatino, serif; font-size: 12pt;\">Actualmente, el AGET, en su calidad de ente rector de la pol\u00edtica archiv\u00edstica estatal, enfrenta importantes retos para asegurar el cumplimiento en Tamaulipas de los principios y disposiciones emanados de la LAET.<\/span><\/p>\n<p class=\"p2\"><b>Cronolog\u00eda <\/b><\/p>\n<p class=\"p2\">\u25cf <b>1748 <\/b>\u2013 Fundaci\u00f3n del Nuevo Santander por Jos\u00e9 de Escand\u00f3n. Nace el <i>Archivo Provincial del Nuevo Santander <\/i>con los primeros documentos administrativos.<\/p>\n<p class=\"p2\">\u25cf <b>1769 <\/b>\u2013 Traslado de la capital a San Carlos; el Archivo Provincial acompa\u00f1a el cambio de sede.<\/p>\n<p class=\"p2\">\u25cf <b>1824\u20131825 <\/b>\u2013 Consumada la Independencia, el Nuevo Santander se convierte en Estado de Tamaulipas. Se crea el <i>Archivo General de las Tamaulipas<\/i>, con sede definitiva en Ciudad Victoria.<\/p>\n<p class=\"p2\">\u25cf <b>1865 <\/b>\u2013 Durante la intervenci\u00f3n francesa, el general Charles Dupin ordena incendiar el archivo, perdi\u00e9ndose gran parte de su acervo.<\/p>\n<p class=\"p2\">\u25cf <b>Porfiriato (1896\u20131911) <\/b>\u2013 El Archivo se integra al esquema de la administraci\u00f3n p\u00fablica, estrechamente vinculado con la Imprenta del Estado.<\/p>\n<p class=\"p2\">\u25cf <b>D\u00e9cadas de 1970\u20131980 <\/b>\u2013 El Archivo depende de la Oficial\u00eda Mayor y posteriormente de la Direcci\u00f3n de Servicios Generales.<\/p>\n<p class=\"p2\">\u25cf <b>1989 <\/b>\u2013 Inicia el proceso de rescate documental en coordinaci\u00f3n con el Archivo General de la Naci\u00f3n.<\/p>\n<p class=\"p2\">\u25cf <b>1993 <\/b>\u2013 Se inaugura el primer edificio propio y la instituci\u00f3n comienza a operar como <i>Archivo General del Estado<\/i>.<\/p>\n<p class=\"p2\">\u25cf <b>2010 <\/b>\u2013 Con la apertura del nuevo edificio en el Parque Bicentenario, adopta el nombre de <i>Archivo General e Hist\u00f3rico del Estado de Tamaulipas (AGHET)<\/i>.<\/p>\n<p class=\"p2\">\u25cf <b>Hoy <\/b>en d\u00eda el <i>AGET<\/i>, como Organismo P\u00fablico Descentralizado, es reconocido como la m\u00e1xima autoridad archiv\u00edstica del Estado. Con m\u00e1s de 18,000 cajas divididas en fondos documentales, se ha consolidado como el principal guardi\u00e1n de la documentaci\u00f3n y la memoria hist\u00f3rica de Tamaulipas.<\/p>\n","protected":false},"excerpt":{"rendered":"<p>El Archivo General del Estado de Tamaulipas (AGET) es el depositario de la memoria documental de la entidad, cuya historia se remonta a 1748, cuando\u2026<\/p>\n","protected":false},"author":1,"featured_media":0,"parent":0,"menu_order":0,"comment_status":"closed","ping_status":"closed","template":"","meta":{"footnotes":""},"class_list":["post-136","page","type-page","status-publish","hentry"],"publishpress_future_action":{"enabled":false,"date":"2026-04-11 02:35:42","action":"change-status","newStatus":"draft","terms":[],"taxonomy":""},"_links":{"self":[{"href":"https:\/\/www.tamaulipas.gob.mx\/aget\/wp-json\/wp\/v2\/pages\/136"}],"collection":[{"href":"https:\/\/www.tamaulipas.gob.mx\/aget\/wp-json\/wp\/v2\/pages"}],"about":[{"href":"https:\/\/www.tamaulipas.gob.mx\/aget\/wp-json\/wp\/v2\/types\/page"}],"author":[{"embeddable":true,"href":"https:\/\/www.tamaulipas.gob.mx\/aget\/wp-json\/wp\/v2\/users\/1"}],"replies":[{"embeddable":true,"href":"https:\/\/www.tamaulipas.gob.mx\/aget\/wp-json\/wp\/v2\/comments?post=136"}],"version-history":[{"count":2,"href":"https:\/\/www.tamaulipas.gob.mx\/aget\/wp-json\/wp\/v2\/pages\/136\/revisions"}],"predecessor-version":[{"id":156,"href":"https:\/\/www.tamaulipas.gob.mx\/aget\/wp-json\/wp\/v2\/pages\/136\/revisions\/156"}],"wp:attachment":[{"href":"https:\/\/www.tamaulipas.gob.mx\/aget\/wp-json\/wp\/v2\/media?parent=136"}],"curies":[{"name":"wp","href":"https:\/\/api.w.org\/{rel}","templated":true}]}}