{"id":131,"date":"2025-11-10T21:26:44","date_gmt":"2025-11-10T20:26:44","guid":{"rendered":"https:\/\/www.tamaulipas.gob.mx\/aget\/?page_id=131"},"modified":"2025-11-10T21:26:44","modified_gmt":"2025-11-10T20:26:44","slug":"fondos-documentales","status":"publish","type":"page","link":"https:\/\/www.tamaulipas.gob.mx\/aget\/fondos-documentales\/","title":{"rendered":"Fondos Documentales"},"content":{"rendered":"<p class=\"p1\">El Archivo General del Estado de Tamaulipas resguarda, organiza y preserva un vasto acervo documental que abarca m\u00e1s de dos siglos de historia, desde el siglo XVIII (1749 el documento m\u00e1s antiguo). Estos fondos constituyen un patrimonio invaluable para la comprensi\u00f3n, la gesti\u00f3n y la toma de decisiones en la vida pol\u00edtica, social, econ\u00f3mica y cultural de nuestra entidad.<\/p>\n<p class=\"p1\">Su consulta est\u00e1 abierta a investigadores, estudiantes y a toda persona interesada en conocer la historia de Tamaulipas, conforme a la normatividad vigente.<\/p>\n<p class=\"p1\"><b>Clasificaci\u00f3n de los fondos<\/b><\/p>\n<p class=\"p1\">Los acervos se encuentran organizados en grandes secciones que facilitan su identificaci\u00f3n:<\/p>\n<p class=\"p1\"><b>Fondos hist\u00f3ricos<\/b><\/p>\n<p class=\"p1\">Conservan documentaci\u00f3n clave desde el periodo colonial hasta el siglo XX:<\/p>\n<ul class=\"ul1\">\n<li class=\"li1\"><b>Ramo Ayuntamientos<\/b> (1749\u20131976)<\/li>\n<li class=\"li1\"><b>Fondo reservado<\/b> (1768\u20131993)<\/li>\n<li class=\"li1\"><b>Archivo hist\u00f3rico del Juzgado de Primera Instancia de Matamoros<\/b> (1833\u20131961)<\/li>\n<li class=\"li1\"><b>Informes de gobierno<\/b> (1891\u20132014)<\/li>\n<li class=\"li1\"><b>Peri\u00f3dico Oficial del Estado de Tamaulipas<\/b> (1883\u20132015)<\/li>\n<li class=\"li1\"><b>Colecciones particulares<\/b> como la del Prof. Ra\u00fal Garc\u00eda Garc\u00eda (1749\u20132002) o la del Prof. Alejandro Rosales Lugo (1930\u20131950).<\/li>\n<\/ul>\n<p class=\"p1\"><b>Fondos en microfilm<\/b><\/p>\n<p class=\"p1\">Preservaci\u00f3n en formato microfilm de acervos originales:<\/p>\n<ul class=\"ul1\">\n<li class=\"li1\"><b>Registros de nacimientos, matrimonios, defunciones y tutelas de los municipios<\/b> (1860\u20131930).<\/li>\n<li class=\"li1\"><b>Provincias Internas de Oriente<\/b> (1689\u20131844).<\/li>\n<li class=\"li1\"><b>Acervo fonogr\u00e1fico.<\/b><\/li>\n<\/ul>\n<p class=\"p1\"><b>Colecciones y bibliotecas<\/b><\/p>\n<ul class=\"ul1\">\n<li class=\"li1\"><b>Biblioteca del Archivo:<\/b> m\u00e1s de 900 libros y 36 revistas.<\/li>\n<li class=\"li1\"><b>Colecci\u00f3n hemerogr\u00e1fica Lic. Jos\u00e9 Luis Uvalle<\/b> (1954\u20131966).<\/li>\n<li class=\"li1\"><b>Colecci\u00f3n Carmen Olivares Arriaga.<\/b><\/li>\n<li class=\"li1\"><b>Colecci\u00f3n de fotocopias del Fondo Emilio Lamadrid sobre la Intervenci\u00f3n Americana <\/b>(1836\u20131878).<\/li>\n<\/ul>\n<p class=\"p1\"><b>Consulta<\/b><\/p>\n<p class=\"p1\">Por el momento, la consulta de los fondos documentales se realiza de manera presencial en las instalaciones del Archivo General e Hist\u00f3rico del Estado de Tamaulipas.<\/p>\n<p class=\"p1\">Conservar y gestionar la memoria documental de Tamaulipas significa no solo fortalecer nuestra identidad, sino tambi\u00e9n garantizar la transparencia, la rendici\u00f3n de cuentas y el derecho de la sociedad a acceder a su historia<\/p>\n<p class=\"p1\"><b>Contacto<\/b><\/p>\n<p class=\"p1\">Direcci\u00f3n: Prolongaci\u00f3n Blvd. Praxedis Balboa y Libramiento Naciones Unidas, Parque Bicentenario, C.P. 87083, Ciudad Victoria, Tamaulipas.<\/p>\n<p class=\"p1\">Horario de atenci\u00f3n: lunes a viernes, de 9:00 a 15:00 horas.<\/p>\n<p class=\"p1\">Tel\u00e9fono: (834)-318-50-80.<\/p>\n<p class=\"p1\">Ext. 44900.<\/p>\n<p class=\"p1\">Correo electr\u00f3nico institucional: <a href=\"mailto:aget@tamaulipas.gob.mx\"><span class=\"s2\">aget@tamaulipas.gob.mx<\/span><\/a><\/p>\n","protected":false},"excerpt":{"rendered":"<p>El Archivo General del Estado de Tamaulipas resguarda, organiza y preserva un vasto acervo documental que abarca m\u00e1s de dos siglos de historia, desde el\u2026<\/p>\n","protected":false},"author":1,"featured_media":0,"parent":0,"menu_order":0,"comment_status":"closed","ping_status":"closed","template":"","meta":{"footnotes":""},"class_list":["post-131","page","type-page","status-publish","hentry"],"publishpress_future_action":{"enabled":false,"date":"2026-04-11 02:37:06","action":"change-status","newStatus":"draft","terms":[],"taxonomy":""},"_links":{"self":[{"href":"https:\/\/www.tamaulipas.gob.mx\/aget\/wp-json\/wp\/v2\/pages\/131"}],"collection":[{"href":"https:\/\/www.tamaulipas.gob.mx\/aget\/wp-json\/wp\/v2\/pages"}],"about":[{"href":"https:\/\/www.tamaulipas.gob.mx\/aget\/wp-json\/wp\/v2\/types\/page"}],"author":[{"embeddable":true,"href":"https:\/\/www.tamaulipas.gob.mx\/aget\/wp-json\/wp\/v2\/users\/1"}],"replies":[{"embeddable":true,"href":"https:\/\/www.tamaulipas.gob.mx\/aget\/wp-json\/wp\/v2\/comments?post=131"}],"version-history":[{"count":1,"href":"https:\/\/www.tamaulipas.gob.mx\/aget\/wp-json\/wp\/v2\/pages\/131\/revisions"}],"predecessor-version":[{"id":132,"href":"https:\/\/www.tamaulipas.gob.mx\/aget\/wp-json\/wp\/v2\/pages\/131\/revisions\/132"}],"wp:attachment":[{"href":"https:\/\/www.tamaulipas.gob.mx\/aget\/wp-json\/wp\/v2\/media?parent=131"}],"curies":[{"name":"wp","href":"https:\/\/api.w.org\/{rel}","templated":true}]}}