{"id":127,"date":"2025-11-10T21:17:34","date_gmt":"2025-11-10T20:17:34","guid":{"rendered":"https:\/\/www.tamaulipas.gob.mx\/aget\/?page_id=127"},"modified":"2025-11-10T21:17:34","modified_gmt":"2025-11-10T20:17:34","slug":"solicitudes-de-informacion","status":"publish","type":"page","link":"https:\/\/www.tamaulipas.gob.mx\/aget\/solicitudes-de-informacion\/","title":{"rendered":"Solicitudes de informaci\u00f3n"},"content":{"rendered":"<p class=\"p1\"><b>Solicitudes de informaci\u00f3n<\/b><\/p>\n<p class=\"p1\">El derecho de acceso a la informaci\u00f3n p\u00fablica est\u00e1 garantizado por la Constituci\u00f3n y por la Ley de Transparencia y Acceso a la Informaci\u00f3n P\u00fablica del Estado de Tamaulipas. A trav\u00e9s de este derecho, cualquier persona puede solicitar datos, documentos y registros en posesi\u00f3n del Archivo General del Estado de Tamaulipas (AGET).<\/p>\n<p class=\"p1\"><b>\u00bfC\u00f3mo presentar tu solicitud?<\/b><\/p>\n<p class=\"p1\">Existen distintas v\u00edas para realizar una solicitud de informaci\u00f3n:<\/p>\n<ol class=\"ol1\">\n<li class=\"li1\">En l\u00ednea, mediante la Plataforma Nacional de Transparencia (PNT).<\/li>\n<\/ol>\n<ol class=\"ol1\">\n<li class=\"li1\">De manera presencial, en la Unidad de Transparencia del AGET.<\/li>\n<\/ol>\n<p class=\"p1\"><b>Contacto<\/b><\/p>\n<p class=\"p1\"><b>Domicilio:<\/b> Boulevard Pr\u00e1xedis Balboa s\/n, colonia Parque Bicentenario, entre Avenida Independencia y Libramiento Naciones Unidas, 87083, Victoria, Tamaulipas.<\/p>\n<p class=\"p1\">Horario de atenci\u00f3n: lunes a viernes, de 9:00 a 15:00 horas.<\/p>\n<p class=\"p1\">Tel\u00e9fono: (834)-318-50-80.<\/p>\n<p class=\"p1\">Ext. 44909.<\/p>\n<p class=\"p4\"><span class=\"s1\">Correo electr\u00f3nico institucional: <a href=\"mailto:aget@tamaulipas.gob.mx\"><span class=\"s2\">aget@tamaulipas.gob.mx<\/span><\/a> , <a href=\"mailto:zuleyma.arroyo@tamaulipas.gob.mx\"><span class=\"s3\">zuleyma.arroyo@tamaulipas.gob.mx<\/span><\/a><\/span><\/p>\n","protected":false},"excerpt":{"rendered":"<p>Solicitudes de informaci\u00f3n El derecho de acceso a la informaci\u00f3n p\u00fablica est\u00e1 garantizado por la Constituci\u00f3n y por la Ley de Transparencia y Acceso a\u2026<\/p>\n","protected":false},"author":1,"featured_media":0,"parent":0,"menu_order":0,"comment_status":"closed","ping_status":"closed","template":"","meta":{"footnotes":""},"class_list":["post-127","page","type-page","status-publish","hentry"],"publishpress_future_action":{"enabled":false,"date":"2026-04-11 02:58:32","action":"change-status","newStatus":"draft","terms":[],"taxonomy":""},"_links":{"self":[{"href":"https:\/\/www.tamaulipas.gob.mx\/aget\/wp-json\/wp\/v2\/pages\/127"}],"collection":[{"href":"https:\/\/www.tamaulipas.gob.mx\/aget\/wp-json\/wp\/v2\/pages"}],"about":[{"href":"https:\/\/www.tamaulipas.gob.mx\/aget\/wp-json\/wp\/v2\/types\/page"}],"author":[{"embeddable":true,"href":"https:\/\/www.tamaulipas.gob.mx\/aget\/wp-json\/wp\/v2\/users\/1"}],"replies":[{"embeddable":true,"href":"https:\/\/www.tamaulipas.gob.mx\/aget\/wp-json\/wp\/v2\/comments?post=127"}],"version-history":[{"count":1,"href":"https:\/\/www.tamaulipas.gob.mx\/aget\/wp-json\/wp\/v2\/pages\/127\/revisions"}],"predecessor-version":[{"id":128,"href":"https:\/\/www.tamaulipas.gob.mx\/aget\/wp-json\/wp\/v2\/pages\/127\/revisions\/128"}],"wp:attachment":[{"href":"https:\/\/www.tamaulipas.gob.mx\/aget\/wp-json\/wp\/v2\/media?parent=127"}],"curies":[{"name":"wp","href":"https:\/\/api.w.org\/{rel}","templated":true}]}}