{"id":119,"date":"2025-11-10T21:08:39","date_gmt":"2025-11-10T20:08:39","guid":{"rendered":"https:\/\/www.tamaulipas.gob.mx\/aget\/?page_id=119"},"modified":"2026-02-05T23:09:13","modified_gmt":"2026-02-05T22:09:13","slug":"marco-legal","status":"publish","type":"page","link":"https:\/\/www.tamaulipas.gob.mx\/aget\/marco-legal\/","title":{"rendered":"Marco Legal"},"content":{"rendered":"<p class=\"p1\"><span style=\"font-family: georgia, palatino, serif;\">El Archivo General del Estado de Tamaulipas se rige por un conjunto de disposiciones jur\u00eddicas que establecen su organizaci\u00f3n, atribuciones y responsabilidades. Este marco legal asegura la correcta gesti\u00f3n de los documentos de archivo, la preservaci\u00f3n de la memoria estatal y el acceso p\u00fablico a la informaci\u00f3n, en apego a los principios de transparencia y rendici\u00f3n de cuentas.<\/span><\/p>\n<p>&nbsp;<\/p>\n<p class=\"p1\"><span style=\"font-family: georgia, palatino, serif;\"><strong>\u00c1mbito federal<\/strong><\/span><\/p>\n<p class=\"p2\"><span style=\"font-family: georgia, palatino, serif;\"><a href=\"https:\/\/share.google\/ytatlHssEqpyXXJ26\" target=\"_blank\" rel=\"noopener\">Constituci\u00f3n Pol\u00edtica de los Estados Unidos Mexicanos<\/a><\/span><\/p>\n<p class=\"p2\"><span style=\"font-family: georgia, palatino, serif;\"><a href=\"https:\/\/share.google\/ntoUoA7EFTjjP2rQr\" target=\"_blank\" rel=\"noopener\">Ley General de Archivos<\/a><\/span><\/p>\n<p class=\"p2\"><span style=\"font-family: georgia, palatino, serif;\"><a href=\"https:\/\/share.google\/6Q7X4iZSB4g50cTR8\" target=\"_blank\" rel=\"noopener\">Ley General de Transparencia y Acceso a la Informaci\u00f3n P\u00fablica<\/a><\/span><\/p>\n<p class=\"p1\"><span style=\"font-family: georgia, palatino, serif;\"><a href=\"https:\/\/share.google\/LarZnO54RciYop8iF\" target=\"_blank\" rel=\"noopener\">Ley General de Protecci\u00f3n de Datos Personales en Posesi\u00f3n de Sujetos Obligados<\/a><\/span><\/p>\n<p>&nbsp;<\/p>\n<p class=\"p1\"><span style=\"font-family: georgia, palatino, serif;\"><strong>\u00c1mbito estatal<\/strong><\/span><\/p>\n<p class=\"p1\"><span style=\"font-family: georgia, palatino, serif;\"><a href=\"https:\/\/www.congresotamaulipas.gob.mx\/Parlamentario\/Archivos\/Constituciones\/Const%20Pol%20del%20Edo%20PO%2026_AGO-2025%20sc.pdf\" target=\"_blank\" rel=\"noopener\">Constituci\u00f3n Pol\u00edtica del Estado de Tamaulipas<\/a><\/span><\/p>\n<p class=\"p1\"><span style=\"font-family: georgia, palatino, serif;\"><a href=\"https:\/\/share.google\/fZ2DqvNKMH4PmjXk0\" target=\"_blank\" rel=\"noopener\">Ley de Archivos para el Estado de Tamaulipas<\/a><\/span><\/p>\n<p class=\"p1\"><span style=\"font-family: georgia, palatino, serif;\"><a href=\"https:\/\/www.congresotamaulipas.gob.mx\/LegislacionEstatal\/LegislacionVigente\/VerLey.asp?IdLey=221\" target=\"_blank\" rel=\"noopener\">Ley de Entidades Paraestatales del Estado de Tamaulipas<\/a><\/span><\/p>\n<p class=\"p1\"><span style=\"font-family: georgia, palatino, serif;\"><a href=\"https:\/\/share.google\/VF2SuBsGTLy1K8e2Y\" target=\"_blank\" rel=\"noopener\">Reglamento de la Ley de Entidades Paraestatales del Estado de Tamaulipas<\/a><\/span><\/p>\n<p class=\"p1\"><span style=\"font-family: georgia, palatino, serif;\"><a href=\"https:\/\/www.congresotamaulipas.gob.mx\/LegislacionEstatal\/LegislacionVigente\/VerLey.asp?IdLey=312\" target=\"_blank\" rel=\"noopener\">Ley Org\u00e1nica de la Administraci\u00f3n P\u00fablica del Estado de Tamaulipas<\/a><\/span><\/p>\n<p class=\"p1\"><span style=\"font-family: georgia, palatino, serif;\"><a href=\"https:\/\/www.congresotamaulipas.gob.mx\/LegislacionEstatal\/LegislacionVigente\/VerLey.asp?IdLey=323\" target=\"_blank\" rel=\"noopener\">Ley de Transparencia y Acceso a la Informaci\u00f3n P\u00fablica del Estado de Tamaulipas<\/a><\/span><\/p>\n<p class=\"p1\"><span style=\"font-family: georgia, palatino, serif;\"><a href=\"https:\/\/www.congresotamaulipas.gob.mx\/LegislacionEstatal\/LegislacionVigente\/VerLey.asp?IdLey=322\" target=\"_blank\" rel=\"noopener\">Ley de Protecci\u00f3n de Datos Personales en Posesi\u00f3n de Sujetos Obligados del Estado de Tamaulipas<\/a><\/span><\/p>\n<p class=\"p1\"><span style=\"font-family: georgia, palatino, serif;\"><a href=\"https:\/\/www.congresotamaulipas.gob.mx\/LegislacionEstatal\/LegislacionVigente\/VerLey.asp?IdLey=281\" target=\"_blank\" rel=\"noopener\">Ley de Responsabilidades Administrativas del Estado de Tamaulipas<\/a><\/span><\/p>\n<p class=\"p1\"><span style=\"font-family: georgia, palatino, serif;\"><a href=\"https:\/\/www.congresotamaulipas.gob.mx\/LegislacionEstatal\/LegislacionVigente\/VerLey.asp?IdLey=35\" target=\"_blank\" rel=\"noopener\">Ley Estatal de Planeaci\u00f3n<\/a><\/span><\/p>\n<p class=\"p1\"><span style=\"font-family: georgia, palatino, serif;\"><a href=\"https:\/\/www.congresotamaulipas.gob.mx\/LegislacionEstatal\/LegislacionVigente\/VerLey.asp?IdLey=279\" target=\"_blank\" rel=\"noopener\">Ley del Sistema Estatal Anticorrupci\u00f3n de Tamaulipas<\/a><\/span><\/p>\n<p class=\"p1\"><span style=\"font-family: georgia, palatino, serif;\"><a href=\"https:\/\/www.congresotamaulipas.gob.mx\/LegislacionEstatal\/LegislacionVigente\/VerLey.asp?IdLey=92\" target=\"_blank\" rel=\"noopener\">Ley del Trabajo de los Servidores P\u00fablicos del Estado de Tamaulipas<\/a><\/span><\/p>\n<p class=\"p1\"><span style=\"font-family: georgia, palatino, serif;\"><a href=\"https:\/\/www.congresotamaulipas.gob.mx\/LegislacionEstatal\/LegislacionVigente\/VerReglamento.asp?IdReglamento=120\" target=\"_blank\" rel=\"noopener\">Reglamento de las Condiciones Generales de Trabajo<\/a><\/span><\/p>\n<p><a href=\"http:\/\/www.tamaulipas.gob.mx\/aget\/wp-content\/uploads\/sites\/125\/2026\/02\/manual-de-perfiles-de-puestos.pdf\">Manual de Perfiles de Puestos.<\/a><\/p>\n<p>&nbsp;<\/p>\n","protected":false},"excerpt":{"rendered":"<p>El Archivo General del Estado de Tamaulipas se rige por un conjunto de disposiciones jur\u00eddicas que establecen su organizaci\u00f3n, atribuciones y responsabilidades. Este marco legal\u2026<\/p>\n","protected":false},"author":1,"featured_media":0,"parent":0,"menu_order":0,"comment_status":"closed","ping_status":"closed","template":"","meta":{"footnotes":""},"class_list":["post-119","page","type-page","status-publish","hentry"],"publishpress_future_action":{"enabled":false,"date":"2026-04-11 02:58:34","action":"change-status","newStatus":"draft","terms":[],"taxonomy":""},"_links":{"self":[{"href":"https:\/\/www.tamaulipas.gob.mx\/aget\/wp-json\/wp\/v2\/pages\/119"}],"collection":[{"href":"https:\/\/www.tamaulipas.gob.mx\/aget\/wp-json\/wp\/v2\/pages"}],"about":[{"href":"https:\/\/www.tamaulipas.gob.mx\/aget\/wp-json\/wp\/v2\/types\/page"}],"author":[{"embeddable":true,"href":"https:\/\/www.tamaulipas.gob.mx\/aget\/wp-json\/wp\/v2\/users\/1"}],"replies":[{"embeddable":true,"href":"https:\/\/www.tamaulipas.gob.mx\/aget\/wp-json\/wp\/v2\/comments?post=119"}],"version-history":[{"count":4,"href":"https:\/\/www.tamaulipas.gob.mx\/aget\/wp-json\/wp\/v2\/pages\/119\/revisions"}],"predecessor-version":[{"id":193,"href":"https:\/\/www.tamaulipas.gob.mx\/aget\/wp-json\/wp\/v2\/pages\/119\/revisions\/193"}],"wp:attachment":[{"href":"https:\/\/www.tamaulipas.gob.mx\/aget\/wp-json\/wp\/v2\/media?parent=119"}],"curies":[{"name":"wp","href":"https:\/\/api.w.org\/{rel}","templated":true}]}}