{"id":10,"date":"2025-09-24T19:23:14","date_gmt":"2025-09-24T17:23:14","guid":{"rendered":"https:\/\/www.tamaulipas.gob.mx\/aget\/?page_id=10"},"modified":"2026-01-27T19:29:38","modified_gmt":"2026-01-27T18:29:38","slug":"conocenos","status":"publish","type":"page","link":"https:\/\/www.tamaulipas.gob.mx\/aget\/conocenos\/","title":{"rendered":"Con\u00f3cenos"},"content":{"rendered":"<p class=\"p2\">El Archivo General del Estado de Tamaulipas (AGET) es la instituci\u00f3n especializada en materia archiv\u00edstica<b>, <\/b>responsable de organizar, conservar, administrar y difundir el patrimonio documental del Estado, garantizando su integridad, disponibilidad y acceso p\u00fablico, conforme al marco normativo vigente.<\/p>\n<p class=\"p2\">Su prop\u00f3sito es salvaguardar la memoria hist\u00f3rica e institucional de Tamaulipas, en el corto, mediano y largo plazo, asegurando la preservaci\u00f3n de los documentos que dan testimonio del quehacer gubernamental y de la identidad colectiva. A trav\u00e9s de su labor, el AGET contribuye al fortalecimiento de la transparencia, la rendici\u00f3n de cuentas y la vida democr\u00e1tica, consolid\u00e1ndose como un pilar esencial para el ejercicio del derecho a la informaci\u00f3n, la verdad y la memoria.<\/p>\n<h2 class=\"p4\"><b>MISI\u00d3N<\/b><\/h2>\n<p class=\"p2\">Dirigir, coordinar y fortalecer la organizaci\u00f3n, conservaci\u00f3n, administraci\u00f3n y uso homog\u00e9neo de los archivos en posesi\u00f3n de los Sujetos Obligados, en cumplimiento de la Ley de Archivos para el Estado de Tamaulipas, y en armon\u00eda con la Ley General de Archivos.<\/p>\n<p class=\"p2\">Contribuir al fortalecimiento de la transparencia gubernamental, la rendici\u00f3n de cuentas y la gesti\u00f3n documental integral<b>, <\/b>como pilares de una administraci\u00f3n p\u00fablica moderna.<\/p>\n<p class=\"p2\">Promover la democracia y la protecci\u00f3n de los derechos humanos, garantizando el acceso a la informaci\u00f3n p\u00fablica, la protecci\u00f3n de los datos personales, el derecho a la verdad y la preservaci\u00f3n de la memoria colectiva e institucional del Estado.<\/p>\n<p class=\"p2\">El AGET orienta su labor conforme a los principios de legalidad, integridad, disponibilidad, accesibilidad, preservaci\u00f3n, procedencia y orden original, asegurando que los documentos que conforman el patrimonio documental de Tamaulipas sean gestionados con criterios t\u00e9cnicos, transparencia y apego normativo, en beneficio de las generaciones presentes y futuras.<\/p>\n<h2 class=\"p4\"><b>VISI\u00d3N<\/b><\/h2>\n<p class=\"p2\">Consolidarse como un organismo t\u00e9cnico y garante en materia archiv\u00edstica, referente nacional por su liderazgo, innovaci\u00f3n, profesionalizaci\u00f3n y compromiso con la preservaci\u00f3n documental.<\/p>\n<p class=\"p2\">Fortalecer su papel como ente rector del Sistema Estatal de Archivos, promoviendo la coordinaci\u00f3n con los Sujetos Obligados para desarrollar un modelo de gesti\u00f3n archiv\u00edstica integral, sustentado en la normativa vigente y orientado a garantizar la disponibilidad, integridad y accesibilidad de los documentos p\u00fablicos.<\/p>\n<p class=\"p2\">Impulsar la innovaci\u00f3n tecnol\u00f3gica y el acceso p\u00fablico a la memoria documental, acercando a la sociedad tamaulipeca a su patrimonio hist\u00f3rico mediante plataformas digitales y acciones de difusi\u00f3n que fortalezcan la transparencia, la gobernabilidad democr\u00e1tica y la cultura archiv\u00edstica.<\/p>\n<p class=\"p2\">El AGET se visualiza como un referente institucional que preserve la historia, promueva la identidad y garantice el derecho de la ciudadan\u00eda a la informaci\u00f3n y a la verdad.<\/p>\n","protected":false},"excerpt":{"rendered":"<p>El Archivo General del Estado de Tamaulipas (AGET) es la instituci\u00f3n especializada en materia archiv\u00edstica, responsable de organizar, conservar, administrar y difundir el patrimonio documental\u2026<\/p>\n","protected":false},"author":1,"featured_media":0,"parent":0,"menu_order":0,"comment_status":"closed","ping_status":"closed","template":"","meta":{"footnotes":""},"class_list":["post-10","page","type-page","status-publish","hentry"],"publishpress_future_action":{"enabled":false,"date":"2026-04-11 01:01:59","action":"change-status","newStatus":"draft","terms":[],"taxonomy":""},"_links":{"self":[{"href":"https:\/\/www.tamaulipas.gob.mx\/aget\/wp-json\/wp\/v2\/pages\/10"}],"collection":[{"href":"https:\/\/www.tamaulipas.gob.mx\/aget\/wp-json\/wp\/v2\/pages"}],"about":[{"href":"https:\/\/www.tamaulipas.gob.mx\/aget\/wp-json\/wp\/v2\/types\/page"}],"author":[{"embeddable":true,"href":"https:\/\/www.tamaulipas.gob.mx\/aget\/wp-json\/wp\/v2\/users\/1"}],"replies":[{"embeddable":true,"href":"https:\/\/www.tamaulipas.gob.mx\/aget\/wp-json\/wp\/v2\/comments?post=10"}],"version-history":[{"count":6,"href":"https:\/\/www.tamaulipas.gob.mx\/aget\/wp-json\/wp\/v2\/pages\/10\/revisions"}],"predecessor-version":[{"id":174,"href":"https:\/\/www.tamaulipas.gob.mx\/aget\/wp-json\/wp\/v2\/pages\/10\/revisions\/174"}],"wp:attachment":[{"href":"https:\/\/www.tamaulipas.gob.mx\/aget\/wp-json\/wp\/v2\/media?parent=10"}],"curies":[{"name":"wp","href":"https:\/\/api.w.org\/{rel}","templated":true}]}}