{"id":63,"date":"2016-11-10T14:01:55","date_gmt":"2016-11-10T20:01:55","guid":{"rendered":"http:\/\/www.tamaulipas.gob.mx\/administracion\/?page_id=63"},"modified":"2024-09-19T14:51:38","modified_gmt":"2024-09-19T20:51:38","slug":"areas-de-la-secretaria","status":"publish","type":"page","link":"https:\/\/www.tamaulipas.gob.mx\/administracion\/areas-de-la-secretaria\/","title":{"rendered":"\u00c1reas de la Secretar\u00eda"},"content":{"rendered":"<p><strong>IPSSET<\/strong><\/p>\n<p>Es el Organismo P\u00fablico Descentralizado Paraestatal, que tiene como compromiso prever y proporcionar seguridad social presente y futura a los servidores p\u00fablicos del Gobierno del Estado y sus familias derechohabientes, as\u00ed como a pensionados y pensionistas, procurando siempre ampliar sus beneficios y cobertura, con mayor eficacia, calidad y mejora continua.<\/p>\n<div class=\"row\"><div class=\"col-sm-12\"><a href=\"http:\/\/www.tamaulipas.gob.mx\/administracion\/areas-de-la-secretaria\/ippset\/\" class=\"btn btn-primary btn-sm pull-right\"><i class=\"fa fa-external-link\"><\/i> M\u00e1s informaci\u00f3n <\/a><\/div><\/div>\n<hr \/>\n<p><strong>Archivo General e Hist\u00f3rico del Estado de Tamaulipas<\/strong><\/p>\n<p>El Archivo General e Hist\u00f3rico del Estado de Tamaulipas (AGHET) es una dependencia del Ejecutivo Estatal, cuya funci\u00f3n esencial consiste en implantar mecanismos tendientes a la conservaci\u00f3n y control de documentos, expedientes, manuscritos, libros, mapas, planos, folletos, etc., que por su importancia, antig\u00fcedad o naturaleza deben ser incluidos en su inventario y custodia; as\u00ed como la prestaci\u00f3n del servicio informativo a la ciudadan\u00eda.<\/p>\n<div class=\"row\"><div class=\"col-sm-12\"><a href=\"http:\/\/www.tamaulipas.gob.mx\/administracion\/areas-de-la-secretaria\/archivo-general-e-historico-del-estado-de-tamaulipas\/\" class=\"btn btn-primary btn-sm pull-right\"><i class=\"fa fa-external-link\"><\/i> M\u00e1s informaci\u00f3n <\/a><\/div><\/div>\n<hr \/>\n<p>&nbsp;<\/p>\n","protected":false},"excerpt":{"rendered":"<p>IPSSET Es el Organismo P\u00fablico Descentralizado Paraestatal, que tiene como compromiso prever y proporcionar seguridad social presente y futura a los servidores p\u00fablicos del Gobierno\u2026<\/p>\n","protected":false},"author":7,"featured_media":0,"parent":0,"menu_order":0,"comment_status":"closed","ping_status":"closed","template":"","meta":{"footnotes":""},"class_list":["post-63","page","type-page","status-publish","hentry"],"publishpress_future_action":{"enabled":false,"date":"2026-04-21 20:13:29","action":"change-status","newStatus":"draft","terms":[],"taxonomy":""},"_links":{"self":[{"href":"https:\/\/www.tamaulipas.gob.mx\/administracion\/wp-json\/wp\/v2\/pages\/63"}],"collection":[{"href":"https:\/\/www.tamaulipas.gob.mx\/administracion\/wp-json\/wp\/v2\/pages"}],"about":[{"href":"https:\/\/www.tamaulipas.gob.mx\/administracion\/wp-json\/wp\/v2\/types\/page"}],"author":[{"embeddable":true,"href":"https:\/\/www.tamaulipas.gob.mx\/administracion\/wp-json\/wp\/v2\/users\/7"}],"replies":[{"embeddable":true,"href":"https:\/\/www.tamaulipas.gob.mx\/administracion\/wp-json\/wp\/v2\/comments?post=63"}],"version-history":[{"count":6,"href":"https:\/\/www.tamaulipas.gob.mx\/administracion\/wp-json\/wp\/v2\/pages\/63\/revisions"}],"predecessor-version":[{"id":2996,"href":"https:\/\/www.tamaulipas.gob.mx\/administracion\/wp-json\/wp\/v2\/pages\/63\/revisions\/2996"}],"wp:attachment":[{"href":"https:\/\/www.tamaulipas.gob.mx\/administracion\/wp-json\/wp\/v2\/media?parent=63"}],"curies":[{"name":"wp","href":"https:\/\/api.w.org\/{rel}","templated":true}]}}