{"id":59,"date":"2016-11-10T13:47:19","date_gmt":"2016-11-10T19:47:19","guid":{"rendered":"http:\/\/www.tamaulipas.gob.mx\/administracion\/?page_id=59"},"modified":"2022-12-19T13:12:07","modified_gmt":"2022-12-19T19:12:07","slug":"ippset","status":"publish","type":"page","link":"https:\/\/www.tamaulipas.gob.mx\/administracion\/areas-de-la-secretaria\/ippset\/","title":{"rendered":"IPSSET"},"content":{"rendered":"<img loading=\"lazy\" decoding=\"async\" class=\"alignnone size-full wp-image-2448 img-rounded  img-responsive\" src=\"https:\/\/www.tamaulipas.gob.mx\/administracion\/wp-content\/uploads\/sites\/5\/2022\/12\/ipsset_destacada.jpg\" alt=\"IPSSET\" width=\"1200\" height=\"300\">\n<p><strong>Instituto de Previsi\u00f3n y Seguridad Social del Estado de Tamaulipas<\/strong><\/p>\n<p>Es el Organismo P\u00fablico Descentralizado Paraestatal, que tiene como compromiso prever y proporcionar seguridad social presente y futura a los servidores p\u00fablicos del Gobierno del Estado y sus familias derechohabientes, as\u00ed como a pensionados y pensionistas, procurando siempre ampliar sus beneficios y cobertura, con mayor eficacia, calidad y mejora continua.<\/p>\n<p>Es imprescindible el bienestar y la seguridad social que los trabajadores del Gobierno del Estado de Tamaulipas requieren para escalar en la jerarqu\u00eda de necesidades que constituye a cada ser humano, impulsan al desarrollo eficiente de las actividades laborales, de tal manera que es tarea ardua del Instituto de Previsi\u00f3n y Seguridad Social del Estado de Tamaulipas (IPSSET), prever las prestaciones que permitan al servidor p\u00fablico desarrollar y mantener esa seguridad econ\u00f3mica y social que demandan.<\/p>\n<p>La Ley del IPSSET con entrada en vigor el primero de Enero del 2015, contiene un r\u00e9gimen de pensiones de beneficio definido con variables param\u00e9tricas estableciendo aportaciones, edades, sueldo regulador y otras, acordes a los requerimientos del fondo de pensiones para lograr una mayor viabilidad, con lo cual se logra mantener el otorgamiento de prestaciones presentes y futuras.<\/p>\n<p><strong>Tr\u00e1mites y servicios que otorga<\/strong><\/p>\n<ol>\n<li><a href=\"http:\/\/www.tamaulipas.gob.mx\/tramites\/ciudadano\/?id=434\" target=\"_blank\" rel=\"noopener noreferrer\"><i class=\"fa fa-external-link\"><\/i> <span style=\"text-decoration: underline;\">Retiro del Ahorro CAET<\/span><\/a><\/li>\n<li><a href=\"http:\/\/www.tamaulipas.gob.mx\/tramites\/ciudadano\/?id=637\" target=\"_blank\" rel=\"noopener noreferrer\"><i class=\"fa fa-external-link\"><\/i> <span style=\"text-decoration: underline;\">Afiliaci\u00f3n del Servidor P\u00fablico, Hijos menores de edad o aquellos mayores de 18 a\u00f1os y menores de 25 a\u00f1os, Esposa y Padres.<\/span><\/a><\/li>\n<li><a href=\"http:\/\/www.tamaulipas.gob.mx\/tramites\/ciudadano\/?id=1589\" target=\"_blank\" rel=\"noopener noreferrer\"><i class=\"fa fa-external-link\"><\/i> <span style=\"text-decoration: underline;\">Becas para hijos de pensionistas y pensionados<\/span><\/a><\/li>\n<li><a href=\"http:\/\/www.tamaulipas.gob.mx\/tramites\/ciudadano\/?id=645\" target=\"_blank\" rel=\"noopener noreferrer\"><i class=\"fa fa-external-link\"><\/i> <span style=\"text-decoration: underline;\">Devoluci\u00f3n de Aportaciones y Pago de Indemnizaci\u00f3n Global.<\/span><\/a><\/li>\n<li><a href=\"http:\/\/www.tamaulipas.gob.mx\/tramites\/ciudadano\/?id=2093\" target=\"_blank\" rel=\"noopener noreferrer\"><i class=\"fa fa-external-link\"><\/i> <span style=\"text-decoration: underline;\">Devoluci\u00f3n de Cuotas para el Personal de Generaci\u00f3n en Transici\u00f3n<\/span><\/a><\/li>\n<li><a href=\"http:\/\/www.tamaulipas.gob.mx\/tramites\/ciudadano\/?id=610\" target=\"_blank\" rel=\"noopener noreferrer\"><i class=\"fa fa-external-link\"><\/i> <span style=\"text-decoration: underline;\">Devoluci\u00f3n de Descuentos Indebidos<\/span><\/a><\/li>\n<li><a href=\"http:\/\/www.tamaulipas.gob.mx\/tramites\/ciudadano\/?id=424\" target=\"_blank\" rel=\"noopener noreferrer\"><i class=\"fa fa-external-link\"><\/i> <span style=\"text-decoration: underline;\">Ingreso a la Caja de Ahorro (CAET)<\/span><\/a><\/li>\n<li><a href=\"http:\/\/www.tamaulipas.gob.mx\/tramites\/ciudadano\/?id=640\" target=\"_blank\" rel=\"noopener noreferrer\"><i class=\"fa fa-external-link\"><\/i> <span style=\"text-decoration: underline;\">Inscripci\u00f3n al Gimnasio del IPSSET<\/span><\/a><\/li>\n<li><a href=\"http:\/\/www.tamaulipas.gob.mx\/tramites\/ciudadano\/?id=1592\" target=\"_blank\" rel=\"noopener noreferrer\"><i class=\"fa fa-external-link\"><\/i> <span style=\"text-decoration: underline;\">Pensi\u00f3n por Cesant\u00eda por Edad Avanzada para Generaciones en Transici\u00f3n<\/span><\/a><\/li>\n<li><a href=\"http:\/\/www.tamaulipas.gob.mx\/tramites\/ciudadano\/?id=531\" target=\"_blank\" rel=\"noopener noreferrer\"><i class=\"fa fa-external-link\"><\/i> <span style=\"text-decoration: underline;\">Pr\u00e9stamo a Corto Plazo<\/span><\/a><\/li>\n<li><a href=\"http:\/\/www.tamaulipas.gob.mx\/tramites\/ciudadano\/?id=424\" target=\"_blank\" rel=\"noopener noreferrer\"><i class=\"fa fa-external-link\"><\/i> <span style=\"text-decoration: underline;\">Pr\u00e9stamo CAET<\/span><\/a><\/li>\n<li><a href=\"http:\/\/www.tamaulipas.gob.mx\/tramites\/ciudadano\/?id=538\" target=\"_blank\" rel=\"noopener noreferrer\"><i class=\"fa fa-external-link\"><\/i> <span style=\"text-decoration: underline;\">Pr\u00e9stamo de \u00datiles Escolares<\/span><\/a><\/li>\n<li><a href=\"http:\/\/www.tamaulipas.gob.mx\/tramites\/ciudadano\/?id=536\" target=\"_blank\" rel=\"noopener noreferrer\"><i class=\"fa fa-external-link\"><\/i> <span style=\"text-decoration: underline;\">Pr\u00e9stamo Especial<\/span><\/a><\/li>\n<li><a href=\"http:\/\/www.tamaulipas.gob.mx\/tramites\/ciudadano\/?id=641\" target=\"_blank\" rel=\"noopener noreferrer\"><i class=\"fa fa-external-link\"><\/i> <span style=\"text-decoration: underline;\">Pr\u00e9stamo Hipotecario de Mejoramiento y Construcci\u00f3n<\/span><\/a><\/li>\n<li><a href=\"http:\/\/www.tamaulipas.gob.mx\/tramites\/ciudadano\/?id=660\" target=\"_blank\" rel=\"noopener noreferrer\"><i class=\"fa fa-external-link\"><\/i> <span style=\"text-decoration: underline;\">Pr\u00e9stamo Hipotecario para Adquisici\u00f3n de Vivienda.<\/span><\/a><\/li>\n<li><a href=\"http:\/\/www.tamaulipas.gob.mx\/tramites\/ciudadano\/?id=661\" target=\"_blank\" rel=\"noopener noreferrer\"><i class=\"fa fa-external-link\"><\/i> <span style=\"text-decoration: underline;\">Pr\u00e9stamo Hipotecario para Liberaci\u00f3n de Gravamen<\/span><\/a><\/li>\n<li><a href=\"http:\/\/www.tamaulipas.gob.mx\/tramites\/ciudadano\/?id=642\" target=\"_blank\" rel=\"noopener noreferrer\"><i class=\"fa fa-external-link\"><\/i> <span style=\"text-decoration: underline;\">Pr\u00e9stamo Hipotecario para Mejoramiento de Vivienda.<\/span><\/a><\/li>\n<li><a href=\"http:\/\/www.tamaulipas.gob.mx\/tramites\/ciudadano\/?id=547\" target=\"_blank\" rel=\"noopener noreferrer\"><i class=\"fa fa-external-link\"><\/i> <span style=\"text-decoration: underline;\">Pr\u00e9stamo Mediano Plazo para Adquisici\u00f3n de Veh\u00edculo.<\/span><\/a><\/li>\n<li><a href=\"http:\/\/www.tamaulipas.gob.mx\/tramites\/ciudadano\/?id=431\" target=\"_blank\" rel=\"noopener noreferrer\"><i class=\"fa fa-external-link\"><\/i> <span style=\"text-decoration: underline;\">Retiro de Aportaciones FARTET<\/span><\/a><\/li>\n<li><a href=\"http:\/\/www.tamaulipas.gob.mx\/tramites\/ciudadano\/?id=478\" target=\"_blank\" rel=\"noopener noreferrer\"><i class=\"fa fa-external-link\"><\/i> <span style=\"text-decoration: underline;\">Retiro de aportaciones FARUTT<\/span><\/a><\/li>\n<li><a href=\"http:\/\/www.tamaulipas.gob.mx\/tramites\/ciudadano\/?id=490\" target=\"_blank\" rel=\"noopener noreferrer\"><i class=\"fa fa-external-link\"><\/i> <span style=\"text-decoration: underline;\">Retiro de Aportaciones SAR SERFIN<\/span><\/a><\/li>\n<li><a href=\"http:\/\/www.tamaulipas.gob.mx\/tramites\/ciudadano\/?id=1602\" target=\"_blank\" rel=\"noopener noreferrer\"><i class=\"fa fa-external-link\"><\/i> <span style=\"text-decoration: underline;\">Tr\u00e1mite de Pensi\u00f3n por Ascendencia de Personal Activo de la nueva generaci\u00f3n y Generaci\u00f3n en Transici\u00f3n<\/span><\/a><\/li>\n<li><a href=\"http:\/\/www.tamaulipas.gob.mx\/tramites\/ciudadano\/?id=1587\" target=\"_blank\" rel=\"noopener noreferrer\"><i class=\"fa fa-external-link\"><\/i> <span style=\"text-decoration: underline;\">Tr\u00e1mite de Pensi\u00f3n por Ascendencia de Personal Jubilado.<\/span><\/a><\/li>\n<li><a href=\"http:\/\/www.tamaulipas.gob.mx\/tramites\/ciudadano\/?id=1600\" target=\"_blank\" rel=\"noopener noreferrer\"><i class=\"fa fa-external-link\"><\/i> <span style=\"text-decoration: underline;\">Tr\u00e1mite de pensi\u00f3n por orfandad de personal activo de la nueva generaci\u00f3n y de la generaci\u00f3n en transici\u00f3n<\/span><\/a><\/li>\n<li><a href=\"http:\/\/www.tamaulipas.gob.mx\/tramites\/ciudadano\/?id=1601\" target=\"_blank\" rel=\"noopener noreferrer\"><i class=\"fa fa-external-link\"><\/i> <span style=\"text-decoration: underline;\">Tr\u00e1mite de Pensi\u00f3n por orfandad de personal jubilado<\/span><\/a><\/li>\n<li><a href=\"http:\/\/www.tamaulipas.gob.mx\/tramites\/ciudadano\/?id=1598\" target=\"_blank\" rel=\"noopener noreferrer\"><i class=\"fa fa-external-link\"><\/i> <span style=\"text-decoration: underline;\">Tr\u00e1mite de pensi\u00f3n por orfandad por riesgo profesional de trabajadores de las nuevas generaciones y generaci\u00f3n en transici\u00f3n<\/span><\/a><\/li>\n<li><a href=\"http:\/\/www.tamaulipas.gob.mx\/tramites\/ciudadano\/?id=1604\" target=\"_blank\" rel=\"noopener noreferrer\"><i class=\"fa fa-external-link\"><\/i> <span style=\"text-decoration: underline;\">Tr\u00e1mite de Pensi\u00f3n por Riesgo de Trabajo (Para Generaci\u00f3n en Transici\u00f3n y Nuevas Generaciones)<\/span><\/a><\/li>\n<li><a href=\"http:\/\/www.tamaulipas.gob.mx\/tramites\/ciudadano\/?id=1596\" target=\"_blank\" rel=\"noopener noreferrer\"><i class=\"fa fa-external-link\"><\/i> <span style=\"text-decoration: underline;\">Tr\u00e1mite de Pensi\u00f3n por viudez de personal jubilado<\/span><\/a><\/li>\n<li><a href=\"http:\/\/www.tamaulipas.gob.mx\/tramites\/ciudadano\/?id=1597\" target=\"_blank\" rel=\"noopener noreferrer\"><i class=\"fa fa-external-link\"><\/i> <span style=\"text-decoration: underline;\">Tr\u00e1mite de pensi\u00f3n por viudez por riesgo profesional.<\/span><\/a><\/li>\n<li><a href=\"http:\/\/www.tamaulipas.gob.mx\/tramites\/ciudadano\/?id=1590\" target=\"_blank\" rel=\"noopener noreferrer\"><i class=\"fa fa-external-link\"><\/i> <span style=\"text-decoration: underline;\">Tr\u00e1mite de Servicios Funerarios.<\/span><\/a><\/li>\n<\/ol>\n<p>&nbsp;<\/p>\n<p><strong>Informaci\u00f3n de Contacto<\/strong><\/p>\n<blockquote><p>Instituto de Previsi\u00f3n y Seguridad Social del Estado de Tamaulipas<br \/>\n17 Carrera Torres No. 102 Altos, Zona Centro<br \/>\nCd. Victoria, Tamaulipas, M\u00e9xico C.P. 87000<br \/>\n(52.834) 318.7300<\/p><\/blockquote>\n<p style=\"text-align: center;\"><a href=\"https:\/\/www.tamaulipas.gob.mx\/ipsset\/\" class=\"btn btn-primary btn-md\" target=\"_blank\"> Visitar sitio web del IPSSET <i class=\"fa fa-external-link\"><\/i> <\/a>\n","protected":false},"excerpt":{"rendered":"<p>Instituto de Previsi\u00f3n y Seguridad Social del Estado de Tamaulipas Es el Organismo P\u00fablico Descentralizado Paraestatal, que tiene como compromiso prever y proporcionar seguridad social\u2026<\/p>\n","protected":false},"author":7,"featured_media":0,"parent":63,"menu_order":0,"comment_status":"closed","ping_status":"closed","template":"","meta":{"footnotes":""},"class_list":["post-59","page","type-page","status-publish","hentry"],"publishpress_future_action":{"enabled":false,"date":"2026-05-17 06:15:01","action":"change-status","newStatus":"draft","terms":[],"taxonomy":""},"_links":{"self":[{"href":"https:\/\/www.tamaulipas.gob.mx\/administracion\/wp-json\/wp\/v2\/pages\/59"}],"collection":[{"href":"https:\/\/www.tamaulipas.gob.mx\/administracion\/wp-json\/wp\/v2\/pages"}],"about":[{"href":"https:\/\/www.tamaulipas.gob.mx\/administracion\/wp-json\/wp\/v2\/types\/page"}],"author":[{"embeddable":true,"href":"https:\/\/www.tamaulipas.gob.mx\/administracion\/wp-json\/wp\/v2\/users\/7"}],"replies":[{"embeddable":true,"href":"https:\/\/www.tamaulipas.gob.mx\/administracion\/wp-json\/wp\/v2\/comments?post=59"}],"version-history":[{"count":22,"href":"https:\/\/www.tamaulipas.gob.mx\/administracion\/wp-json\/wp\/v2\/pages\/59\/revisions"}],"predecessor-version":[{"id":2449,"href":"https:\/\/www.tamaulipas.gob.mx\/administracion\/wp-json\/wp\/v2\/pages\/59\/revisions\/2449"}],"up":[{"embeddable":true,"href":"https:\/\/www.tamaulipas.gob.mx\/administracion\/wp-json\/wp\/v2\/pages\/63"}],"wp:attachment":[{"href":"https:\/\/www.tamaulipas.gob.mx\/administracion\/wp-json\/wp\/v2\/media?parent=59"}],"curies":[{"name":"wp","href":"https:\/\/api.w.org\/{rel}","templated":true}]}}