{"id":36,"date":"2016-11-07T16:01:03","date_gmt":"2016-11-07T22:01:03","guid":{"rendered":"http:\/\/www.tamaulipas.gob.mx\/administracion\/?page_id=36"},"modified":"2025-02-13T10:01:50","modified_gmt":"2025-02-13T16:01:50","slug":"estructura","status":"publish","type":"page","link":"https:\/\/www.tamaulipas.gob.mx\/administracion\/secretaria-de-administracion\/estructura\/","title":{"rendered":"Estructura"},"content":{"rendered":"<p><strong>Secretaria de Administraci\u00f3n<\/strong><\/p>\n<p>C.P. Luisa Eugenia Manautou Galv\u00e1n<\/p>\n<p>(834) 107 8738<\/p>\n<hr \/>\n<p><strong>2. Subsecretar\u00eda de Administraci\u00f3n<\/strong><\/p>\n<p>2.1. Centro de Convenciones y Exposiciones<br \/>\n2.1.1. Direcci\u00f3n Administrativa<br \/>\n2.2. Direcci\u00f3n de Servicios Generales<br \/>\n2.3. Direcci\u00f3n de Servicios A\u00e9reos<br \/>\n2.4. Direcci\u00f3n de Promoci\u00f3n del Parque Bicentenario<\/p>\n<hr \/>\n<p><strong>3. Direcci\u00f3n General de Recursos Humanos<\/strong><\/p>\n<p>4.1. Direcci\u00f3n de Relaciones Laborales<br \/>\n4.2. Direcci\u00f3n de Personal<\/p>\n<hr \/>\n<p><strong>4. Direcci\u00f3n General de Compras y Operaciones Patrimoniales<\/strong><\/p>\n<p>5.1. Direcci\u00f3n de Adquisiciones<br \/>\n5.2. Direcci\u00f3n de Contratos<\/p>\n<hr \/>\n<p><strong>5. Direcci\u00f3n de Patrimonio Estatal<\/strong><\/p>\n<hr \/>\n<p><strong>6. Secretar\u00eda T\u00e9cnica<\/strong><\/p>\n<hr \/>\n<p><strong>7. Direcci\u00f3n Administrativa<\/strong><\/p>\n<hr \/>\n<p><strong>8. Direcci\u00f3n Jur\u00eddica<\/strong><\/p>\n<hr \/>\n<p><strong>9. Secretar\u00eda Particular<\/strong><\/p>\n<hr \/>\n<p><strong>10. Direcci\u00f3n de Comunicaci\u00f3n Social<\/strong><\/p>\n<p>&nbsp;<\/p>\n","protected":false},"excerpt":{"rendered":"<p>Secretaria de Administraci\u00f3n C.P. Luisa Eugenia Manautou Galv\u00e1n (834) 107 8738 2. Subsecretar\u00eda de Administraci\u00f3n 2.1. Centro de Convenciones y Exposiciones 2.1.1. Direcci\u00f3n Administrativa 2.2.\u2026<\/p>\n","protected":false},"author":7,"featured_media":0,"parent":16,"menu_order":0,"comment_status":"closed","ping_status":"closed","template":"","meta":{"footnotes":""},"class_list":["post-36","page","type-page","status-publish","hentry"],"publishpress_future_action":{"enabled":false,"date":"2026-04-21 20:14:00","action":"change-status","newStatus":"draft","terms":[],"taxonomy":""},"_links":{"self":[{"href":"https:\/\/www.tamaulipas.gob.mx\/administracion\/wp-json\/wp\/v2\/pages\/36"}],"collection":[{"href":"https:\/\/www.tamaulipas.gob.mx\/administracion\/wp-json\/wp\/v2\/pages"}],"about":[{"href":"https:\/\/www.tamaulipas.gob.mx\/administracion\/wp-json\/wp\/v2\/types\/page"}],"author":[{"embeddable":true,"href":"https:\/\/www.tamaulipas.gob.mx\/administracion\/wp-json\/wp\/v2\/users\/7"}],"replies":[{"embeddable":true,"href":"https:\/\/www.tamaulipas.gob.mx\/administracion\/wp-json\/wp\/v2\/comments?post=36"}],"version-history":[{"count":22,"href":"https:\/\/www.tamaulipas.gob.mx\/administracion\/wp-json\/wp\/v2\/pages\/36\/revisions"}],"predecessor-version":[{"id":3048,"href":"https:\/\/www.tamaulipas.gob.mx\/administracion\/wp-json\/wp\/v2\/pages\/36\/revisions\/3048"}],"up":[{"embeddable":true,"href":"https:\/\/www.tamaulipas.gob.mx\/administracion\/wp-json\/wp\/v2\/pages\/16"}],"wp:attachment":[{"href":"https:\/\/www.tamaulipas.gob.mx\/administracion\/wp-json\/wp\/v2\/media?parent=36"}],"curies":[{"name":"wp","href":"https:\/\/api.w.org\/{rel}","templated":true}]}}