{"id":18,"date":"2016-11-07T15:29:23","date_gmt":"2016-11-07T21:29:23","guid":{"rendered":"http:\/\/www.tamaulipas.gob.mx\/administracion\/?page_id=18"},"modified":"2025-10-28T12:58:50","modified_gmt":"2025-10-28T18:58:50","slug":"conocenos","status":"publish","type":"page","link":"https:\/\/www.tamaulipas.gob.mx\/administracion\/secretaria-de-administracion\/conocenos\/","title":{"rendered":"Con\u00f3cenos"},"content":{"rendered":"<p>La Secretar\u00eda de Administraci\u00f3n es la dependencia encargada de la correcta aplicaci\u00f3n de los recursos humanos, bienes muebles e inmuebles, as\u00ed como de servicios generales y de compras y operaciones patrimoniales del Gobierno del Estado de Tamaulipas.<\/p>\n<p><strong>Misi\u00f3n<\/strong><\/p>\n<p>La Secretar\u00eda de Administraci\u00f3n coadyuva al fortalecimiento de la administraci\u00f3n p\u00fablica mediante la prestaci\u00f3n de servicios eficientes y transparentes en materia de patrimonio estatal, servicios generales, compras y operaciones patrimoniales, recursos humanos, con un enfoque en el desarrollo integral y profesional de los servidores p\u00fablicos, con el fin de consolidar un gobierno al servicio del pueblo.<\/p>\n<p><strong>Visi\u00f3n<\/strong><\/p>\n<p>Consolidarse como una dependencia organizacional distinguida por su excelencia en la gesti\u00f3n del patrimonio estatal, servicios generales, compras y operaciones patrimoniales, recursos humanos, contribuyendo de manera continua a una administraci\u00f3n p\u00fablica eficiente y transparente.<\/p>\n<p>&nbsp;<\/p>\n","protected":false},"excerpt":{"rendered":"<p>La Secretar\u00eda de Administraci\u00f3n es la dependencia encargada de la correcta aplicaci\u00f3n de los recursos humanos, bienes muebles e inmuebles, as\u00ed como de servicios generales\u2026<\/p>\n","protected":false},"author":7,"featured_media":0,"parent":16,"menu_order":0,"comment_status":"closed","ping_status":"closed","template":"","meta":{"footnotes":""},"class_list":["post-18","page","type-page","status-publish","hentry"],"publishpress_future_action":{"enabled":false,"date":"2026-04-21 20:13:59","action":"change-status","newStatus":"draft","terms":[],"taxonomy":""},"_links":{"self":[{"href":"https:\/\/www.tamaulipas.gob.mx\/administracion\/wp-json\/wp\/v2\/pages\/18"}],"collection":[{"href":"https:\/\/www.tamaulipas.gob.mx\/administracion\/wp-json\/wp\/v2\/pages"}],"about":[{"href":"https:\/\/www.tamaulipas.gob.mx\/administracion\/wp-json\/wp\/v2\/types\/page"}],"author":[{"embeddable":true,"href":"https:\/\/www.tamaulipas.gob.mx\/administracion\/wp-json\/wp\/v2\/users\/7"}],"replies":[{"embeddable":true,"href":"https:\/\/www.tamaulipas.gob.mx\/administracion\/wp-json\/wp\/v2\/comments?post=18"}],"version-history":[{"count":7,"href":"https:\/\/www.tamaulipas.gob.mx\/administracion\/wp-json\/wp\/v2\/pages\/18\/revisions"}],"predecessor-version":[{"id":3342,"href":"https:\/\/www.tamaulipas.gob.mx\/administracion\/wp-json\/wp\/v2\/pages\/18\/revisions\/3342"}],"up":[{"embeddable":true,"href":"https:\/\/www.tamaulipas.gob.mx\/administracion\/wp-json\/wp\/v2\/pages\/16"}],"wp:attachment":[{"href":"https:\/\/www.tamaulipas.gob.mx\/administracion\/wp-json\/wp\/v2\/media?parent=18"}],"curies":[{"name":"wp","href":"https:\/\/api.w.org\/{rel}","templated":true}]}}