{"id":16,"date":"2016-11-07T15:28:56","date_gmt":"2016-11-07T21:28:56","guid":{"rendered":"http:\/\/www.tamaulipas.gob.mx\/administracion\/?page_id=16"},"modified":"2016-11-22T12:22:30","modified_gmt":"2016-11-22T18:22:30","slug":"secretaria-de-administracion","status":"publish","type":"page","link":"https:\/\/www.tamaulipas.gob.mx\/administracion\/secretaria-de-administracion\/","title":{"rendered":"Secretar\u00eda de Administraci\u00f3n"},"content":{"rendered":"<h3>Con\u00f3cenos<\/h3>\n<p>La Secretar\u00eda de Administraci\u00f3n es la dependencia estatal encargada de la correcta aplicaci\u00f3n y optimizaci\u00f3n de los recursos humanos, materiales, tecnol\u00f3gicos y de servicios generales. <\/p>\n<div class=\"row\"><div class=\"col-sm-12\"><a href=\"http:\/\/www.tamaulipas.gob.mx\/administracion\/secretaria-de-administracion\/conocenos\/\" class=\"btn btn-primary btn-sm pull-right\"><i class=\"fa fa-external-link\"><\/i> M\u00e1s informaci\u00f3n <\/a><\/div><\/div>\n<hr \/>\n<h3>Estructura<\/h3>\n<p>Conoce la estructura que conforma la Secretar\u00eda de Administraci\u00f3n<\/p>\n<div class=\"row\"><div class=\"col-sm-12\"><a href=\"http:\/\/www.tamaulipas.gob.mx\/administracion\/secretaria-de-administracion\/estructura\/\" class=\"btn btn-primary btn-sm pull-right\"><i class=\"fa fa-external-link\"><\/i> M\u00e1s informaci\u00f3n <\/a><\/div><\/div>\n<hr \/>\n","protected":false},"excerpt":{"rendered":"<p>Con\u00f3cenos La Secretar\u00eda de Administraci\u00f3n es la dependencia estatal encargada de la correcta aplicaci\u00f3n y optimizaci\u00f3n de los recursos humanos, materiales, tecnol\u00f3gicos y de servicios\u2026<\/p>\n","protected":false},"author":7,"featured_media":0,"parent":0,"menu_order":0,"comment_status":"closed","ping_status":"closed","template":"","meta":{"footnotes":""},"class_list":["post-16","page","type-page","status-publish","hentry"],"publishpress_future_action":{"enabled":false,"date":"2026-05-17 06:15:26","action":"change-status","newStatus":"draft","terms":[],"taxonomy":""},"_links":{"self":[{"href":"https:\/\/www.tamaulipas.gob.mx\/administracion\/wp-json\/wp\/v2\/pages\/16"}],"collection":[{"href":"https:\/\/www.tamaulipas.gob.mx\/administracion\/wp-json\/wp\/v2\/pages"}],"about":[{"href":"https:\/\/www.tamaulipas.gob.mx\/administracion\/wp-json\/wp\/v2\/types\/page"}],"author":[{"embeddable":true,"href":"https:\/\/www.tamaulipas.gob.mx\/administracion\/wp-json\/wp\/v2\/users\/7"}],"replies":[{"embeddable":true,"href":"https:\/\/www.tamaulipas.gob.mx\/administracion\/wp-json\/wp\/v2\/comments?post=16"}],"version-history":[{"count":3,"href":"https:\/\/www.tamaulipas.gob.mx\/administracion\/wp-json\/wp\/v2\/pages\/16\/revisions"}],"predecessor-version":[{"id":116,"href":"https:\/\/www.tamaulipas.gob.mx\/administracion\/wp-json\/wp\/v2\/pages\/16\/revisions\/116"}],"wp:attachment":[{"href":"https:\/\/www.tamaulipas.gob.mx\/administracion\/wp-json\/wp\/v2\/media?parent=16"}],"curies":[{"name":"wp","href":"https:\/\/api.w.org\/{rel}","templated":true}]}}